{"id":761958,"date":"2025-08-28T09:53:00","date_gmt":"2025-08-28T06:53:00","guid":{"rendered":"https:\/\/roveyayinevi.com.tr\/index.php\/urun\/kavalali-mehmed-ali-osmanli-valiliginden-misir-hukumdarligina\/"},"modified":"2026-03-31T10:55:29","modified_gmt":"2026-03-31T07:55:29","slug":"kavalali-mehmed-ali-osmanli-valiliginden-misir-hukumdarligina","status":"publish","type":"product","link":"https:\/\/roveyayinevi.com.tr\/index.php\/urun\/kavalali-mehmed-ali-osmanli-valiliginden-misir-hukumdarligina\/","title":{"rendered":"Kavalal\u0131 Mehmed Ali: Osmanl\u0131 Valili\u011finden M\u0131s\u0131r H\u00fck\u00fcmdarl\u0131\u011f\u0131na"},"content":{"rendered":"<p>Kavalal\u0131 Mehmed Ali Pa\u015fa (1770-1849) sadece modern M\u0131s\u0131r\u2019\u0131n temellerini atan bir y\u00f6netici de\u011fil, Osmanl\u0131\u2019n\u0131n ve \u0130slam d\u00fcnyas\u0131n\u0131n tarihsel seyrine de y\u00f6n vermi\u015f \u00f6nemli bir \u015fahsiyettir. Kimi \u015earkiyat\u00e7\u0131larca \u201cM\u00fcsl\u00fcman Napol\u00e9on\u201d olarak nitelenen Mehmed Ali Pa\u015fa, Avrupa\u2019daki devrimlerin, sanayile\u015fmenin ve modernle\u015fmenin Yak\u0131ndo\u011fu co\u011frafyas\u0131ndaki \u00f6nc\u00fc takip\u00e7ilerinden biri kabul edilir.Cambridge \u00dcniversitesi \u00f6\u011fretim \u00fcyesi Khaled Fahmy, bu kitapta, Mehmed Ali\u2019nin ya\u015fam\u0131na yak\u0131ndan bak\u0131yor ve onun M\u0131s\u0131r, Osmanl\u0131, Avrupa ve \u0130slam tarihine yapt\u0131\u011f\u0131 kal\u0131c\u0131 etkileri de\u011ferlendiriyor. Pa\u015fan\u0131n M\u0131s\u0131r\u2019a getirdi\u011fi ekonomik, askeri ve toplumsal reformlar\u0131, rakipleriyle m\u00fccadelelerini ve aile ili\u015fkilerini ele alan Fahmy, \u201cuzun on dokuzuncu y\u00fczy\u0131l\u201d\u0131n g\u00fc\u00e7l\u00fc suretlerinden biri olan Kavalal\u0131 Mehmed Ali Pa\u015faya dair yepyeni bir de\u011ferlendirme sunuyor.<\/p>\n","protected":false},"excerpt":{"rendered":"<p>Kavalal\u0131 Mehmed Ali Pa\u015fa (1770-1849) sadece modern M\u0131s\u0131r\u2019\u0131n temellerini atan bir y\u00f6netici de\u011fil, Osmanl\u0131\u2019n\u0131n ve \u0130slam d\u00fcnyas\u0131n\u0131n tarihsel seyrine de y\u00f6n vermi\u015f \u00f6nemli bir \u015fahsiyettir. Kimi<span class=\"excerpt-hellip\"> [\u2026]<\/span><\/p>\n","protected":false},"featured_media":0,"template":"","meta":{"_monsterinsights_skip_tracking":false,"_monsterinsights_sitenote_active":false,"_monsterinsights_sitenote_note":"","_monsterinsights_sitenote_category":0},"product_brand":[],"product_cat":[13517,12304],"product_tag":[],"class_list":{"0":"post-761958","1":"product","2":"type-product","3":"status-publish","5":"product_cat-osmanli-tarihi","6":"product_cat-tarih","7":"pa_cilt-ciltsiz","8":"pa_tur-kitap","9":"pa_yayinevi-vakifbank-kultur-yayinlari","10":"pa_yazar-khaled-fahmy","12":"first","13":"outofstock","14":"sale","15":"shipping-taxable","16":"purchasable","17":"product-type-simple"},"_links":{"self":[{"href":"https:\/\/roveyayinevi.com.tr\/index.php\/wp-json\/wp\/v2\/product\/761958","targetHints":{"allow":["GET"]}}],"collection":[{"href":"https:\/\/roveyayinevi.com.tr\/index.php\/wp-json\/wp\/v2\/product"}],"about":[{"href":"https:\/\/roveyayinevi.com.tr\/index.php\/wp-json\/wp\/v2\/types\/product"}],"wp:attachment":[{"href":"https:\/\/roveyayinevi.com.tr\/index.php\/wp-json\/wp\/v2\/media?parent=761958"}],"wp:term":[{"taxonomy":"product_brand","embeddable":true,"href":"https:\/\/roveyayinevi.com.tr\/index.php\/wp-json\/wp\/v2\/product_brand?post=761958"},{"taxonomy":"product_cat","embeddable":true,"href":"https:\/\/roveyayinevi.com.tr\/index.php\/wp-json\/wp\/v2\/product_cat?post=761958"},{"taxonomy":"product_tag","embeddable":true,"href":"https:\/\/roveyayinevi.com.tr\/index.php\/wp-json\/wp\/v2\/product_tag?post=761958"}],"curies":[{"name":"wp","href":"https:\/\/api.w.org\/{rel}","templated":true}]}}