{"id":761957,"date":"2025-08-28T09:52:58","date_gmt":"2025-08-28T06:52:58","guid":{"rendered":"https:\/\/roveyayinevi.com.tr\/index.php\/urun\/ankara-diye-insanlar-vardir\/"},"modified":"2026-04-15T03:27:07","modified_gmt":"2026-04-15T00:27:07","slug":"ankara-diye-insanlar-vardir","status":"publish","type":"product","link":"https:\/\/roveyayinevi.com.tr\/index.php\/urun\/ankara-diye-insanlar-vardir\/","title":{"rendered":"Ankara Diye \u0130nsanlar Vard\u0131r"},"content":{"rendered":"<p>Bir ba\u015fka \u015fehri sorun insanlara&#8230; Akl\u0131n\u0131za ilk gelen nedir diye&#8230; Kimisi \u00f6nce yemeklerini s\u00f6yler, kimisi kalesini, camisini, g\u00f6l\u00fcn\u00fc, iklimini&#8230; Herkes kendi do\u011fdu\u011fu \u015fehrin en g\u00fczel yan\u0131n\u0131 anlat\u0131r. Oysa Ankara bir \u201chistir\u201d. \u0130lkin de\u011fer yarg\u0131lar\u0131 ve insanlar gelir akl\u0131n\u0131za. Milli M\u00fccadele gelir. \u0130nan\u00e7 gelir. Umut gelir. Yok olu\u015fun, t\u00fckeni\u015fin \u00fczerine yeniden do\u011fan g\u00fcne\u015f gelir. \u201cO\u201d gelir. Mustafa Kemal Pa\u015fa. Cumhuriyet gelir. Vefa gelir. Dostluk gelir. Romanlar\u0131yla tan\u0131d\u0131\u011f\u0131m\u0131z Bige G\u00fcven K\u0131z\u0131lay bu defa do\u011fup b\u00fcy\u00fcd\u00fc\u011f\u00fc, g\u00fczel an\u0131lar\u0131na ev sahipli\u011fi yapan \u015fehrini; \u201cyuvas\u0131n\u0131\u201d anlatmak i\u00e7in oynat\u0131yor zarif kalemini. Kelimeleriyle Ankara\u2019n\u0131n tarihine, mek\u00e2nlar\u0131na, \u015fehrin dokusuna, en \u00e7ok da insanlar\u0131na \u0131\u015f\u0131k tutuyor. \u00c7\u00fcnk\u00fc \u201cAnkara bir tav\u0131r, bir duru\u015ftur, bir g\u00f6rg\u00fc, bir hayata bak\u0131\u015ft\u0131r, Cumhuriyet\u2019in ta kendisidir; i\u015fte o y\u00fczden Ankara diye insanlar vard\u0131r.\u201d<\/p>\n","protected":false},"excerpt":{"rendered":"<p>Bir ba\u015fka \u015fehri sorun insanlara&#8230; Akl\u0131n\u0131za ilk gelen nedir diye&#8230; Kimisi \u00f6nce yemeklerini s\u00f6yler, kimisi kalesini, camisini, g\u00f6l\u00fcn\u00fc, iklimini&#8230; Herkes kendi do\u011fdu\u011fu \u015fehrin en g\u00fczel yan\u0131n\u0131<span class=\"excerpt-hellip\"> [\u2026]<\/span><\/p>\n","protected":false},"featured_media":0,"template":"","meta":{"_monsterinsights_skip_tracking":false,"_monsterinsights_sitenote_active":false,"_monsterinsights_sitenote_note":"","_monsterinsights_sitenote_category":0},"product_brand":[],"product_cat":[13701,12291],"product_tag":[],"class_list":{"0":"post-761957","1":"product","2":"type-product","3":"status-publish","5":"product_cat-ani-mektup-gunluk","6":"product_cat-edebiyat","7":"pa_cilt-ciltsiz","8":"pa_tur-kitap","9":"pa_yayinevi-hep-kitap","10":"pa_yazar-bige-guven-kizilay","12":"first","13":"instock","14":"sale","15":"shipping-taxable","16":"purchasable","17":"product-type-simple"},"_links":{"self":[{"href":"https:\/\/roveyayinevi.com.tr\/index.php\/wp-json\/wp\/v2\/product\/761957","targetHints":{"allow":["GET"]}}],"collection":[{"href":"https:\/\/roveyayinevi.com.tr\/index.php\/wp-json\/wp\/v2\/product"}],"about":[{"href":"https:\/\/roveyayinevi.com.tr\/index.php\/wp-json\/wp\/v2\/types\/product"}],"wp:attachment":[{"href":"https:\/\/roveyayinevi.com.tr\/index.php\/wp-json\/wp\/v2\/media?parent=761957"}],"wp:term":[{"taxonomy":"product_brand","embeddable":true,"href":"https:\/\/roveyayinevi.com.tr\/index.php\/wp-json\/wp\/v2\/product_brand?post=761957"},{"taxonomy":"product_cat","embeddable":true,"href":"https:\/\/roveyayinevi.com.tr\/index.php\/wp-json\/wp\/v2\/product_cat?post=761957"},{"taxonomy":"product_tag","embeddable":true,"href":"https:\/\/roveyayinevi.com.tr\/index.php\/wp-json\/wp\/v2\/product_tag?post=761957"}],"curies":[{"name":"wp","href":"https:\/\/api.w.org\/{rel}","templated":true}]}}