{"id":761956,"date":"2025-08-28T09:52:56","date_gmt":"2025-08-28T06:52:56","guid":{"rendered":"https:\/\/roveyayinevi.com.tr\/index.php\/urun\/dusler-ulkesinden-oykuler\/"},"modified":"2026-04-15T03:27:07","modified_gmt":"2026-04-15T00:27:07","slug":"dusler-ulkesinden-oykuler","status":"publish","type":"product","link":"https:\/\/roveyayinevi.com.tr\/index.php\/urun\/dusler-ulkesinden-oykuler\/","title":{"rendered":"D\u00fc\u015fler \u00dclkesinden \u00d6yk\u00fcler"},"content":{"rendered":"<p>Tamam\u0131 renkli birbirinden ilgin\u00e7 10 Hikaye 1.    G\u00fcnalp\u2019in R\u00fcyas\u0131 2.    K\u00fc\u00e7\u00fck Maymun 3.    Efe ve Bu\u011fday Ba\u015fa\u011f\u0131 4.    Zamanda Yolculuk 5.    Kaplumba\u011fa Nevzat 6.    Kutup Ay\u0131s\u0131 ve Penguen 7.    Fidan A\u011fac\u0131 8.    3 Yak\u0131n Arkada\u015f 9.    Yavru \u00c7ita ve Zebra 10.  G\u00fcne\u015f <\/p>\n","protected":false},"excerpt":{"rendered":"<p>Tamam\u0131 renkli birbirinden ilgin\u00e7 10 Hikaye 1. G\u00fcnalp\u2019in R\u00fcyas\u0131 2. K\u00fc\u00e7\u00fck Maymun 3. Efe ve Bu\u011fday Ba\u015fa\u011f\u0131 4. Zamanda Yolculuk 5. Kaplumba\u011fa Nevzat 6. Kutup Ay\u0131s\u0131<span class=\"excerpt-hellip\"> [\u2026]<\/span><\/p>\n","protected":false},"featured_media":0,"template":"","meta":{"_monsterinsights_skip_tracking":false,"_monsterinsights_sitenote_active":false,"_monsterinsights_sitenote_note":"","_monsterinsights_sitenote_category":0},"product_brand":[],"product_cat":[12274,12284],"product_tag":[],"class_list":{"0":"post-761956","1":"product","2":"type-product","3":"status-publish","5":"product_cat-cocuk-ve-genclik-kitaplari","6":"product_cat-hikayeler","7":"pa_cilt-ciltsiz","8":"pa_tur-kitap","9":"pa_yayinevi-zet-yayinlari","10":"pa_yazar-cennet-ates","12":"first","13":"instock","14":"sale","15":"shipping-taxable","16":"purchasable","17":"product-type-simple"},"_links":{"self":[{"href":"https:\/\/roveyayinevi.com.tr\/index.php\/wp-json\/wp\/v2\/product\/761956","targetHints":{"allow":["GET"]}}],"collection":[{"href":"https:\/\/roveyayinevi.com.tr\/index.php\/wp-json\/wp\/v2\/product"}],"about":[{"href":"https:\/\/roveyayinevi.com.tr\/index.php\/wp-json\/wp\/v2\/types\/product"}],"wp:attachment":[{"href":"https:\/\/roveyayinevi.com.tr\/index.php\/wp-json\/wp\/v2\/media?parent=761956"}],"wp:term":[{"taxonomy":"product_brand","embeddable":true,"href":"https:\/\/roveyayinevi.com.tr\/index.php\/wp-json\/wp\/v2\/product_brand?post=761956"},{"taxonomy":"product_cat","embeddable":true,"href":"https:\/\/roveyayinevi.com.tr\/index.php\/wp-json\/wp\/v2\/product_cat?post=761956"},{"taxonomy":"product_tag","embeddable":true,"href":"https:\/\/roveyayinevi.com.tr\/index.php\/wp-json\/wp\/v2\/product_tag?post=761956"}],"curies":[{"name":"wp","href":"https:\/\/api.w.org\/{rel}","templated":true}]}}