{"id":761955,"date":"2025-08-28T09:52:54","date_gmt":"2025-08-28T06:52:54","guid":{"rendered":"https:\/\/roveyayinevi.com.tr\/index.php\/urun\/haberler-seni-korkuttugunda-ne-yapabilirsin\/"},"modified":"2026-04-15T03:27:07","modified_gmt":"2026-04-15T00:27:07","slug":"haberler-seni-korkuttugunda-ne-yapabilirsin","status":"publish","type":"product","link":"https:\/\/roveyayinevi.com.tr\/index.php\/urun\/haberler-seni-korkuttugunda-ne-yapabilirsin\/","title":{"rendered":"Haberler Seni Korkuttu\u011funda Ne Yapabilirsin?"},"content":{"rendered":"<p>Teknolojinin h\u0131zla geli\u015fti\u011fi ve dijital medya kullan\u0131m\u0131n\u0131n giderek daha k\u00fc\u00e7\u00fck ya\u015f gruplar\u0131ndaki \u00e7ocuklar aras\u0131nda yayg\u0131nla\u015ft\u0131\u011f\u0131 g\u00fcn\u00fcm\u00fczde anne ve babalar\u0131n, \u00e7ocuklar\u0131n\u0131n medya kullan\u0131m\u0131n\u0131 s\u00fcrekli denetlemeye \u00e7al\u0131\u015fmalar\u0131 olduk\u00e7a yorucu hatta belki de imkans\u0131z bir \u00e7aba olabilir. Tam da bu sebeple g\u00fcn\u00fcm\u00fcz\u00fcn en \u00f6nemli ihtiya\u00e7lar\u0131ndan biri olan medya okuryazarl\u0131\u011f\u0131 konusunda \u00e7ocuklar\u0131 bilgilendirmek, yeti\u015fkinler i\u00e7in yeni ve \u00f6nemli bir sorumluluk olarak \u00f6n plana \u00e7\u0131kmaktad\u0131r. Medya okuryazarl\u0131\u011f\u0131 ihtiya\u00e7 duyulan bilgiye radyo, televizyon, gazete, sosyal medya gibi kaynaklardan nas\u0131l eri\u015filebilece\u011fini bilme, eri\u015filen bilginin niteli\u011fini de\u011ferlendirebilme ve son olarak bu bilgileri sentezleyebilme becerisine sahip olabilmektir. Dr. Jacqueline B. Toner taraf\u0131ndan yaz\u0131lm\u0131\u015f ve Amerikan Psikoloji Derne\u011fi onayl\u0131 Haberler Seni Korkuttu\u011funda Ne Yapabilirsin? medya okuryazarl\u0131\u011f\u0131 konusunda yeti\u015fkinlere olduk\u00e7a de\u011ferli bilgiler sunarken \u00e7ocuklar i\u00e7in  ba\u015fucu kitab\u0131 niteli\u011finde bir rehber olma \u00f6zelli\u011fi ta\u015f\u0131yor. T\u00fcm \u00e7ocuk ve gen\u00e7lere kavrayabilmesi g\u00fc\u00e7 olan di\u011fer bir taraftan da ya\u015fam\u0131n ka\u00e7\u0131n\u0131lmaz bir par\u00e7as\u0131 olan korkutucu, \u00fcz\u00fcc\u00fc hatta \u015fok edici haberler kar\u015f\u0131s\u0131nda nas\u0131l bir tutum benimseyebilecekleri \u00fczerine yol g\u00f6sterirken onlar\u0131 haberleri objektif yorumlayabilme ve zor durumlarda bile so\u011fukkanl\u0131 kalabilme konusunda da cesaretlendiriyor. Her \u015feyden \u00f6nemlisi ya\u015fanan t\u00fcm zorlay\u0131c\u0131 geli\u015fmelere ra\u011fmen d\u00fcnyay\u0131 sakin ve g\u00fcvenli bir yer olarak alg\u0131layabilmelerine  yard\u0131mc\u0131 oluyor. T\u00fcm bu bilgileri etkile\u015fimli sayfalar\u0131n\u0131n i\u00e7inde yer alan egzersizler arac\u0131l\u0131\u011f\u0131yla \u00e7ocuklara sunuyor; b\u00f6ylelikle \u00f6nemli bir konuyu deneyimleyerek \u00f6\u011frenmeleri i\u00e7in onlara alan a\u00e7\u0131yor. Ebeveyn ve Bak\u0131mverenler \u0130\u00e7in Sunu\u015f b\u00f6l\u00fcm\u00fcnde ise, \u00e7ocuklar\u0131 medya kullan\u0131m\u0131 konusunda nas\u0131l bilin\u00e7lendirebilece\u011fimiz ve olumsuz haberlerden onlar\u0131 nas\u0131l koruyabilece\u011fimiz hakk\u0131nda olduk\u00e7a de\u011ferli ve bilimsel bilgiler payla\u015f\u0131yor.  Haberler Seni Korkuttu\u011funda Ne Yapabilirsin?  medya kullan\u0131m\u0131 \u00fczerine sundu\u011fu k\u0131sa ve etkile\u015fimli dersler sayesinde korkutucu haberler kar\u015f\u0131s\u0131nda hissedilmesi olas\u0131 duygular hakk\u0131nda bilgiler sunuyor ve i\u00e7eri\u011finde yer alan egzersizler arac\u0131l\u0131\u011f\u0131yla  bu zor duygularla ba\u015f etmenin yollar\u0131n\u0131 deneyimletiyor. Kitap \u00e7ocuklara g\u00f6zlemlerini not edebilecekleri alanlar a\u00e7arak onlar\u0131 ara\u015ft\u0131rmac\u0131 olmaya te\u015fvik ediyor. Kamera a\u00e7\u0131s\u0131ndan haberlerin sunulu\u015f bi\u00e7imine kadar t\u00fcm detaylar\u0131n izleyicileri nas\u0131l etkileyebilece\u011fiyle ilgili \u00f6nemli bir fark\u0131ndal\u0131k olu\u015fturarak, bilginin duygular \u00fczerindeki rahatlat\u0131c\u0131 g\u00fcc\u00fcn\u00fc \u00f6n plana \u00e7\u0131kar\u0131yor.\u2014Kirkus Reviews<\/p>\n","protected":false},"excerpt":{"rendered":"<p>Teknolojinin h\u0131zla geli\u015fti\u011fi ve dijital medya kullan\u0131m\u0131n\u0131n giderek daha k\u00fc\u00e7\u00fck ya\u015f gruplar\u0131ndaki \u00e7ocuklar aras\u0131nda yayg\u0131nla\u015ft\u0131\u011f\u0131 g\u00fcn\u00fcm\u00fczde anne ve babalar\u0131n, \u00e7ocuklar\u0131n\u0131n medya kullan\u0131m\u0131n\u0131 s\u00fcrekli denetlemeye \u00e7al\u0131\u015fmalar\u0131 olduk\u00e7a<span class=\"excerpt-hellip\"> [\u2026]<\/span><\/p>\n","protected":false},"featured_media":0,"template":"","meta":{"_monsterinsights_skip_tracking":false,"_monsterinsights_sitenote_active":false,"_monsterinsights_sitenote_note":"","_monsterinsights_sitenote_category":0},"product_brand":[],"product_cat":[12275,12274],"product_tag":[],"class_list":{"0":"post-761955","1":"product","2":"type-product","3":"status-publish","5":"product_cat-6-12-yas-kitaplari","6":"product_cat-cocuk-ve-genclik-kitaplari","7":"pa_cilt-ciltsiz","8":"pa_tur-kitap","9":"pa_yayinevi-okuyan-us-yayin","10":"pa_yazar-jacqueline-b-toner","12":"first","13":"instock","14":"sale","15":"shipping-taxable","16":"purchasable","17":"product-type-simple"},"_links":{"self":[{"href":"https:\/\/roveyayinevi.com.tr\/index.php\/wp-json\/wp\/v2\/product\/761955","targetHints":{"allow":["GET"]}}],"collection":[{"href":"https:\/\/roveyayinevi.com.tr\/index.php\/wp-json\/wp\/v2\/product"}],"about":[{"href":"https:\/\/roveyayinevi.com.tr\/index.php\/wp-json\/wp\/v2\/types\/product"}],"wp:attachment":[{"href":"https:\/\/roveyayinevi.com.tr\/index.php\/wp-json\/wp\/v2\/media?parent=761955"}],"wp:term":[{"taxonomy":"product_brand","embeddable":true,"href":"https:\/\/roveyayinevi.com.tr\/index.php\/wp-json\/wp\/v2\/product_brand?post=761955"},{"taxonomy":"product_cat","embeddable":true,"href":"https:\/\/roveyayinevi.com.tr\/index.php\/wp-json\/wp\/v2\/product_cat?post=761955"},{"taxonomy":"product_tag","embeddable":true,"href":"https:\/\/roveyayinevi.com.tr\/index.php\/wp-json\/wp\/v2\/product_tag?post=761955"}],"curies":[{"name":"wp","href":"https:\/\/api.w.org\/{rel}","templated":true}]}}