{"id":761952,"date":"2025-08-28T09:52:48","date_gmt":"2025-08-28T06:52:48","guid":{"rendered":"https:\/\/roveyayinevi.com.tr\/index.php\/urun\/kirginlik-ve-sonrasi-artik-neden-kirgin-degilim\/"},"modified":"2026-04-15T03:27:06","modified_gmt":"2026-04-15T00:27:06","slug":"kirginlik-ve-sonrasi-artik-neden-kirgin-degilim","status":"publish","type":"product","link":"https:\/\/roveyayinevi.com.tr\/index.php\/urun\/kirginlik-ve-sonrasi-artik-neden-kirgin-degilim\/","title":{"rendered":"K\u0131rg\u0131nl\u0131k ve Sonras\u0131 Art\u0131k Neden K\u0131rg\u0131n De\u011filim"},"content":{"rendered":"<p>Nihan Kaya, yay\u0131nlanmas\u0131ndan yedi y\u0131l sonra K\u0131rg\u0131nl\u0131k roman\u0131n\u0131 yeniden okurla bulus\u0327tururken onun yaz\u0131l\u0131s\u0327 hika\u0302yesini de anlat\u0131yor. Kaya`n\u0131n ilk c\u0327ocuklug\u0306undan bas\u0327layarak okul hayat\u0131n\u0131, ergenlig\u0306ini, genc\u0327lik y\u0131llar\u0131n\u0131 anlatt\u0131g\u0306\u0131 bu uzun yaz\u0131, yaz\u0131 ve yay\u0131n hayat\u0131n\u0131n nas\u0131l bas\u0327lay\u0131p ilerledig\u0306inin detayl\u0131 bir sunumu. Kaya`n\u0131n kitaplar\u0131 neden piyasadan toplat\u0131ld\u0131? Sahaflarda neden fahis\u0327 fiyatlara sat\u0131ld\u0131? K\u0131rg\u0131nl\u0131k neyin k\u0131rg\u0131nl\u0131g\u0306\u0131yd\u0131? Kaya bu kitab\u0131 yazmay\u0131 neden istemedi, roman\u0131 yazmay\u0131 istememe nas\u0131l roman\u0131n kendisine do\u0308nu\u0308s\u0327tu\u0308? Bu gibi birc\u0327ok sorunun cevab\u0131 K\u0131rg\u0131nl\u0131k ve Sonras\u0131\u2019nda. K\u0131rg\u0131nl\u0131k ve Sonras\u0131 ile okur, Kaya`n\u0131n yazarl\u0131k hikayesinin hic\u0327 bilmedig\u0306i bir yu\u0308zu\u0308yle kars\u0327\u0131las\u0327\u0131yor ilk kez. K\u0131rg\u0131nl\u0131k ve Sonras\u0131, K\u0131rg\u0131nl\u0131k`\u0131 ac\u0327makla ve beslemekle kalm\u0131yor. K\u0131rg\u0131nl\u0131k, kendisinden daha uzun bu yaz\u0131 olmadan eksik Kaya`ya go\u0308re.  Bo\u011fazi\u00e7i \u00dcniversitesi \u0130ngiliz Dili ve Edebiyat\u0131 B\u00f6l\u00fcm\u00fc\u2019nden mezun olduktan sonra psikanalitik \u00e7al\u0131\u015fmalara y\u00f6nelen ve y\u00fcksek e\u011fitimine Londra\u2019da devam eden Nihan Kaya, edebiyat, psikoloji, yarat\u0131c\u0131l\u0131k gibi alanlarda at\u00f6lye ve seminerler y\u00fcr\u00fct\u00fcyor; University College London (UCL) Psikanalitik \u00c7al\u0131\u015fmalar b\u00f6l\u00fcm\u00fcnde, biri \u00e7ocuk travmas\u0131 uzman\u0131 bir \u00e7ocuk psikiyatristi, di\u011feri \u00e7ocuk psikoterapisti iki psikanalist s\u00fcperviz\u00f6rl\u00fc\u011f\u00fcnde Winnicott \u00fczerine yeni bir doktora tezi haz\u0131rl\u0131yor. T\u00fcrk\u00e7ede Kitaplar\u0131: Gizli \u00d6zne (2003), \u00c7at\u0131 Kat\u0131 (2004), Bu\u011fu (2006), Dispar\u00f6ni ya da Ya\u015fama Korkusu (2008), Fildi\u015fi Kuyu (2011), Ama Sizden De\u011filim (2012), Yazma Cesareti: Ac\u0131n\u0131n Yarat\u0131c\u0131l\u0131\u011fa D\u00f6n\u00fc\u015f\u00fcm\u00fc (2013), Kar ve \u0130nci (2016), K\u0131rg\u0131nl\u0131k (2017), \u0130yi Aile Yoktur (2018) \u0130yi Toplum Yoktur (2019), B\u00fct\u00fcn \u00c7ocuklar \u0130yidir (2019), Seni Feda Etmeyece\u011fim (2021), Y\u00fczmek, Ya\u015famak ve Olma Arzusu (2022), Erteleme: Nedenleri ve \u00c7\u00f6z\u00fcmleri (2023), Beni Sa\u011fma, B\u0131rak Ben Emzireyim Seni (2024)\u00c7ocuk (Hik\u00e2ye) Kitaplar\u0131: Ada Annesiyle Duvarlar\u0131 Boyuyor (2020), Otob\u00fcs\u00fc Ka\u00e7\u0131ran \u015eof\u00f6r (2020), Sahiku \u00c7ocuklarla Arkada\u015f Olmak \u0130stiyor (2021), Prenses A Uyan\u0131yor (2021), Sinderella Elbise Tasar\u0131mc\u0131s\u0131 Oluyor (2021), Asi Koyun Melo (2021), Mafin Bug\u00fcn Mutsuz Olmak \u0130stiyor (2021), K\u0131rm\u0131z\u0131 \u00c7izmeleri Annesi Zanneden Kaz (2021), Teneff\u00fcsleri Seven \u00c7ocuk (2022), Azman Bebek (2023), Mor Canavar Benden Ne \u0130stiyor? (2023), Saks\u0131da Ya\u015fayan Kalp (2023), Bebekler Okulu (2024)<\/p>\n","protected":false},"excerpt":{"rendered":"<p>Nihan Kaya, yay\u0131nlanmas\u0131ndan yedi y\u0131l sonra K\u0131rg\u0131nl\u0131k roman\u0131n\u0131 yeniden okurla bulus\u0327tururken onun yaz\u0131l\u0131s\u0327 hika\u0302yesini de anlat\u0131yor. Kaya`n\u0131n ilk c\u0327ocuklug\u0306undan bas\u0327layarak okul hayat\u0131n\u0131, ergenlig\u0306ini, genc\u0327lik y\u0131llar\u0131n\u0131 anlatt\u0131g\u0306\u0131<span class=\"excerpt-hellip\"> [\u2026]<\/span><\/p>\n","protected":false},"featured_media":0,"template":"","meta":{"_monsterinsights_skip_tracking":false,"_monsterinsights_sitenote_active":false,"_monsterinsights_sitenote_note":"","_monsterinsights_sitenote_category":0},"product_brand":[],"product_cat":[12777,12291],"product_tag":[],"class_list":{"0":"post-761952","1":"product","2":"type-product","3":"status-publish","5":"product_cat-deneme","6":"product_cat-edebiyat","7":"pa_cilt-ciltsiz","8":"pa_tur-kitap","9":"pa_yayinevi-okuyan-us-yayin","10":"pa_yazar-nihan-kaya","12":"first","13":"instock","14":"sale","15":"shipping-taxable","16":"purchasable","17":"product-type-simple"},"_links":{"self":[{"href":"https:\/\/roveyayinevi.com.tr\/index.php\/wp-json\/wp\/v2\/product\/761952","targetHints":{"allow":["GET"]}}],"collection":[{"href":"https:\/\/roveyayinevi.com.tr\/index.php\/wp-json\/wp\/v2\/product"}],"about":[{"href":"https:\/\/roveyayinevi.com.tr\/index.php\/wp-json\/wp\/v2\/types\/product"}],"wp:attachment":[{"href":"https:\/\/roveyayinevi.com.tr\/index.php\/wp-json\/wp\/v2\/media?parent=761952"}],"wp:term":[{"taxonomy":"product_brand","embeddable":true,"href":"https:\/\/roveyayinevi.com.tr\/index.php\/wp-json\/wp\/v2\/product_brand?post=761952"},{"taxonomy":"product_cat","embeddable":true,"href":"https:\/\/roveyayinevi.com.tr\/index.php\/wp-json\/wp\/v2\/product_cat?post=761952"},{"taxonomy":"product_tag","embeddable":true,"href":"https:\/\/roveyayinevi.com.tr\/index.php\/wp-json\/wp\/v2\/product_tag?post=761952"}],"curies":[{"name":"wp","href":"https:\/\/api.w.org\/{rel}","templated":true}]}}