{"id":761950,"date":"2025-08-28T09:52:45","date_gmt":"2025-08-28T06:52:45","guid":{"rendered":"https:\/\/roveyayinevi.com.tr\/index.php\/urun\/tarot-101\/"},"modified":"2026-04-15T03:27:06","modified_gmt":"2026-04-15T00:27:06","slug":"tarot-101","status":"publish","type":"product","link":"https:\/\/roveyayinevi.com.tr\/index.php\/urun\/tarot-101\/","title":{"rendered":"Tarot 101"},"content":{"rendered":"<p>Y\u00fczy\u0131llard\u0131r insanl\u0131\u011f\u0131n dikkatini \u00e7eken ve gizemli g\u00fc\u00e7lerin tezah\u00fcr\u00fc oldu\u011fu d\u00fc\u015f\u00fcn\u00fclen Tarot kartlar\u0131, bir kehanet arac\u0131 m\u0131 yoksa sadece bir oyunun par\u00e7as\u0131 m\u0131? Tarot kartlar\u0131n\u0131n arkas\u0131ndaki semboller ve anlamlar ger\u00e7ekten g\u00fc\u00e7l\u00fc bir etkiye sahip mi, yoksa sadece rastgele birer simge mi? Tarot kartlar\u0131, gizemli semboller ve derin anlamlarla dolu esrarengiz bir d\u00fcnyan\u0131n anahtarlar\u0131d\u0131r. \u0130lk kez 15. y\u00fczy\u0131lda \u0130talya\u2019n\u0131n kuzeyinde ortaya \u00e7\u0131kan bu kartlar ba\u015flang\u0131\u00e7ta sadece bir oyun olarak kullan\u0131l\u0131rken zaman i\u00e7erisinde mistik \u00f6gelerle birle\u015fmi\u015f ve insanlara ve k\u00fclt\u00fcrlere yol g\u00f6steren birer ara\u00e7 olarak kullan\u0131lmaya ba\u015flam\u0131\u015ft\u0131r. Tarot 101 ile Tarot\u2019un k\u00f6kenlerine ve ge\u00e7mi\u015fine dair bilgi edinecek, her bir kart\u0131n sembolizmini ke\u015ffedecek ve kart a\u00e7\u0131l\u0131mlar\u0131n\u0131n \u00e7e\u015fitlili\u011fine dair bilgi sahibi olacaks\u0131n\u0131z. Kartlarla \u00e7al\u0131\u015fman\u0131n temel prensiplerini \u00f6\u011frenirken, Tarot\u2019un size nas\u0131l rehberlik edebilece\u011fini ve hayat\u0131n\u0131za nas\u0131l anlam katabilece\u011fini ke\u015ffetmek i\u00e7in Tarot 101 \u00e7ok iyi bir kaynak niteli\u011finde. <\/p>\n","protected":false},"excerpt":{"rendered":"<p>Y\u00fczy\u0131llard\u0131r insanl\u0131\u011f\u0131n dikkatini \u00e7eken ve gizemli g\u00fc\u00e7lerin tezah\u00fcr\u00fc oldu\u011fu d\u00fc\u015f\u00fcn\u00fclen Tarot kartlar\u0131, bir kehanet arac\u0131 m\u0131 yoksa sadece bir oyunun par\u00e7as\u0131 m\u0131? Tarot kartlar\u0131n\u0131n arkas\u0131ndaki semboller<span class=\"excerpt-hellip\"> [\u2026]<\/span><\/p>\n","protected":false},"featured_media":0,"template":"","meta":{"_monsterinsights_skip_tracking":false,"_monsterinsights_sitenote_active":false,"_monsterinsights_sitenote_note":"","_monsterinsights_sitenote_category":0},"product_brand":[],"product_cat":[19840,12364],"product_tag":[],"class_list":{"0":"post-761950","1":"product","2":"type-product","3":"status-publish","5":"product_cat-astroloji","6":"product_cat-genel-konular","7":"pa_cilt-ciltsiz","8":"pa_tur-kitap","9":"pa_yayinevi-say-yayinlari","10":"pa_yazar-burcu-yigiter","12":"first","13":"instock","14":"sale","15":"shipping-taxable","16":"purchasable","17":"product-type-simple"},"_links":{"self":[{"href":"https:\/\/roveyayinevi.com.tr\/index.php\/wp-json\/wp\/v2\/product\/761950","targetHints":{"allow":["GET"]}}],"collection":[{"href":"https:\/\/roveyayinevi.com.tr\/index.php\/wp-json\/wp\/v2\/product"}],"about":[{"href":"https:\/\/roveyayinevi.com.tr\/index.php\/wp-json\/wp\/v2\/types\/product"}],"wp:attachment":[{"href":"https:\/\/roveyayinevi.com.tr\/index.php\/wp-json\/wp\/v2\/media?parent=761950"}],"wp:term":[{"taxonomy":"product_brand","embeddable":true,"href":"https:\/\/roveyayinevi.com.tr\/index.php\/wp-json\/wp\/v2\/product_brand?post=761950"},{"taxonomy":"product_cat","embeddable":true,"href":"https:\/\/roveyayinevi.com.tr\/index.php\/wp-json\/wp\/v2\/product_cat?post=761950"},{"taxonomy":"product_tag","embeddable":true,"href":"https:\/\/roveyayinevi.com.tr\/index.php\/wp-json\/wp\/v2\/product_tag?post=761950"}],"curies":[{"name":"wp","href":"https:\/\/api.w.org\/{rel}","templated":true}]}}