{"id":761946,"date":"2025-08-28T09:52:36","date_gmt":"2025-08-28T06:52:36","guid":{"rendered":"https:\/\/roveyayinevi.com.tr\/index.php\/urun\/renksiz-cilt-3\/"},"modified":"2026-04-15T03:27:06","modified_gmt":"2026-04-15T00:27:06","slug":"renksiz-cilt-3","status":"publish","type":"product","link":"https:\/\/roveyayinevi.com.tr\/index.php\/urun\/renksiz-cilt-3\/","title":{"rendered":"Renksiz Cilt 3"},"content":{"rendered":"<p>D\u00dcNYA B\u00dcY\u00dcK B\u0130R G\u00dcNE\u015e PATLAMASIYLA B\u00dcT\u00dcN RENKLER\u0130N\u0130 KAYBETT\u0130. Renklerini kaybetmi\u015f d\u00fcnyada insanl\u0131k ba\u015fkala\u015f\u0131m ge\u00e7irip gerileme ya\u015fad\u0131.Avidia, Chie&#8217;nin bedeninde sakl\u0131 olan eski teknolojiyi hedef alan Tarikat&#8217;a kar\u015f\u0131 koymaki\u00e7in renk g\u00fcc\u00fc ara\u015ft\u0131rmalar\u0131nda \u00f6nde gelen bir uzman olan Profes\u00f6r Zashuu ile i\u015fbirli\u011fi yaparak laboratuvar\u0131nda deneyler yapmaya devam ediyor. Ancak Avidia vearkada\u015flar\u0131, Tarikat&#8217;\u0131n davalar\u0131n\u0131 gizlice takip eden dedektif Dyshee ve Usui ile \u015fehregittiklerinde g\u00f6z\u00fcn\u00fc intikam h\u0131rs\u0131 b\u00fcr\u00fcm\u00fc\u015f Fusemu onlar\u0131n pe\u015fine d\u00fc\u015fecek.<\/p>\n","protected":false},"excerpt":{"rendered":"<p>D\u00dcNYA B\u00dcY\u00dcK B\u0130R G\u00dcNE\u015e PATLAMASIYLA B\u00dcT\u00dcN RENKLER\u0130N\u0130 KAYBETT\u0130. Renklerini kaybetmi\u015f d\u00fcnyada insanl\u0131k ba\u015fkala\u015f\u0131m ge\u00e7irip gerileme ya\u015fad\u0131.Avidia, Chie&#8217;nin bedeninde sakl\u0131 olan eski teknolojiyi hedef alan Tarikat&#8217;a kar\u015f\u0131<span class=\"excerpt-hellip\"> [\u2026]<\/span><\/p>\n","protected":false},"featured_media":0,"template":"","meta":{"_monsterinsights_skip_tracking":false,"_monsterinsights_sitenote_active":false,"_monsterinsights_sitenote_note":"","_monsterinsights_sitenote_category":0},"product_brand":[],"product_cat":[12416,12291],"product_tag":[],"class_list":{"0":"post-761946","1":"product","2":"type-product","3":"status-publish","5":"product_cat-cizgi-roman","6":"product_cat-edebiyat","7":"pa_cilt-ciltsiz","8":"pa_tur-kitap","9":"pa_yayinevi-kayip-kita-yayinlari","10":"pa_yazar-kent","12":"first","13":"instock","14":"sale","15":"shipping-taxable","16":"purchasable","17":"product-type-simple"},"_links":{"self":[{"href":"https:\/\/roveyayinevi.com.tr\/index.php\/wp-json\/wp\/v2\/product\/761946","targetHints":{"allow":["GET"]}}],"collection":[{"href":"https:\/\/roveyayinevi.com.tr\/index.php\/wp-json\/wp\/v2\/product"}],"about":[{"href":"https:\/\/roveyayinevi.com.tr\/index.php\/wp-json\/wp\/v2\/types\/product"}],"wp:attachment":[{"href":"https:\/\/roveyayinevi.com.tr\/index.php\/wp-json\/wp\/v2\/media?parent=761946"}],"wp:term":[{"taxonomy":"product_brand","embeddable":true,"href":"https:\/\/roveyayinevi.com.tr\/index.php\/wp-json\/wp\/v2\/product_brand?post=761946"},{"taxonomy":"product_cat","embeddable":true,"href":"https:\/\/roveyayinevi.com.tr\/index.php\/wp-json\/wp\/v2\/product_cat?post=761946"},{"taxonomy":"product_tag","embeddable":true,"href":"https:\/\/roveyayinevi.com.tr\/index.php\/wp-json\/wp\/v2\/product_tag?post=761946"}],"curies":[{"name":"wp","href":"https:\/\/api.w.org\/{rel}","templated":true}]}}