{"id":761943,"date":"2025-08-28T09:52:30","date_gmt":"2025-08-28T06:52:30","guid":{"rendered":"https:\/\/roveyayinevi.com.tr\/index.php\/urun\/rollo-may-var-olmanin-ve-sevginin-kritigi\/"},"modified":"2026-04-15T03:27:06","modified_gmt":"2026-04-15T00:27:06","slug":"rollo-may-var-olmanin-ve-sevginin-kritigi","status":"publish","type":"product","link":"https:\/\/roveyayinevi.com.tr\/index.php\/urun\/rollo-may-var-olmanin-ve-sevginin-kritigi\/","title":{"rendered":"Rollo May &#8211; Var Olman\u0131n ve Sevginin Kriti\u011fi"},"content":{"rendered":"<p>\u201c\u00d6ZG\u00dcR OLAN, \u0130NSAN VARLI\u011eININ B\u00dcT\u00dcN\u00dcD\u00dcR, \u0130RADE G\u0130B\u0130 B\u0130R PAR\u00c7ASI DE\u011e\u0130L.\u201d \u2013 ROLLO MAY   \u0130nsan\u0131n kendisine bir varolu\u015f deneyimi edinebilmesinin ve bu deneyimi evrenin k\u0131s\u0131tl\u0131 ama tam da bu k\u0131s\u0131tl\u0131l\u0131ktan ileri gelecek bi\u00e7imde \u00f6zg\u00fcr bir par\u00e7as\u0131 olarak ortaya serebilmesinin \u00e7a\u011f\u0131m\u0131z a\u00e7\u0131s\u0131ndan ne denli deh\u015fetli ama bir o kadar da mucizevi oldu\u011fu a\u00e7\u0131kt\u0131r.   Rollo May, insan\u0131n \u00f6zg\u00fcrl\u00fc\u011f\u00fcn\u00fc yazg\u0131s\u0131 \u00e7er\u00e7evesinde ararken; bu yazg\u0131y\u0131 deneyimleme cesaretiyle varolu\u015fumuzun temel dinami\u011fi olan kayg\u0131n\u0131n t\u0131pk\u0131 do\u011fdu\u011fumuz anda oldu\u011fu gibi tekrar teklifsizce birbirine sar\u0131lmas\u0131n\u0131, bir \u201c\u00e7a\u011f re\u00e7etesi\u201d olarak yaz\u0131yor.   May\u2019in insana ve varolu\u015fa dair bu kavray\u0131\u015f\u0131ndan ileri gelen varolu\u015f\u00e7u psikoterapi y\u00f6ntemiyse, iki ger\u00e7ek kendilik durumunun \u00f6zg\u00fcr bi\u00e7imde kar\u015f\u0131 kar\u015f\u0131ya gelmesinin yarat\u0131c\u0131 g\u00fcc\u00fcnden ve bu iki soyunuk \u00f6znenin kendilik aktar\u0131m\u0131ndaki yal\u0131nl\u0131ktan motive oluyor. Rollo May, bir yandan varolu\u015fumuzun inceli\u011fini ve derinli\u011fini anlat\u0131rken, di\u011fer yandan bu incelikten ve derinlikten yoksun kalma halinden nas\u0131l kurtulabilece\u011fimizin yollar\u0131n\u0131 a\u00e7\u0131kl\u0131yor bize. <\/p>\n","protected":false},"excerpt":{"rendered":"<p>\u201c\u00d6ZG\u00dcR OLAN, \u0130NSAN VARLI\u011eININ B\u00dcT\u00dcN\u00dcD\u00dcR, \u0130RADE G\u0130B\u0130 B\u0130R PAR\u00c7ASI DE\u011e\u0130L.\u201d \u2013 ROLLO MAY \u0130nsan\u0131n kendisine bir varolu\u015f deneyimi edinebilmesinin ve bu deneyimi evrenin k\u0131s\u0131tl\u0131 ama tam<span class=\"excerpt-hellip\"> [\u2026]<\/span><\/p>\n","protected":false},"featured_media":0,"template":"","meta":{"_monsterinsights_skip_tracking":false,"_monsterinsights_sitenote_active":false,"_monsterinsights_sitenote_note":"","_monsterinsights_sitenote_category":0},"product_brand":[],"product_cat":[20502,12357],"product_tag":[],"class_list":{"0":"post-761943","1":"product","2":"type-product","3":"status-publish","5":"product_cat-basvuru-kitaplari-psikoloji","6":"product_cat-psikoloji","7":"pa_cilt-ciltsiz","8":"pa_tur-kitap","9":"pa_yayinevi-destek-yayinlari","10":"pa_yazar-ozgecan-sekerci","12":"first","13":"instock","14":"sale","15":"shipping-taxable","16":"purchasable","17":"product-type-simple"},"_links":{"self":[{"href":"https:\/\/roveyayinevi.com.tr\/index.php\/wp-json\/wp\/v2\/product\/761943","targetHints":{"allow":["GET"]}}],"collection":[{"href":"https:\/\/roveyayinevi.com.tr\/index.php\/wp-json\/wp\/v2\/product"}],"about":[{"href":"https:\/\/roveyayinevi.com.tr\/index.php\/wp-json\/wp\/v2\/types\/product"}],"wp:attachment":[{"href":"https:\/\/roveyayinevi.com.tr\/index.php\/wp-json\/wp\/v2\/media?parent=761943"}],"wp:term":[{"taxonomy":"product_brand","embeddable":true,"href":"https:\/\/roveyayinevi.com.tr\/index.php\/wp-json\/wp\/v2\/product_brand?post=761943"},{"taxonomy":"product_cat","embeddable":true,"href":"https:\/\/roveyayinevi.com.tr\/index.php\/wp-json\/wp\/v2\/product_cat?post=761943"},{"taxonomy":"product_tag","embeddable":true,"href":"https:\/\/roveyayinevi.com.tr\/index.php\/wp-json\/wp\/v2\/product_tag?post=761943"}],"curies":[{"name":"wp","href":"https:\/\/api.w.org\/{rel}","templated":true}]}}