{"id":761942,"date":"2025-08-28T09:52:29","date_gmt":"2025-08-28T06:52:29","guid":{"rendered":"https:\/\/roveyayinevi.com.tr\/index.php\/urun\/kutsal-salonlarda\/"},"modified":"2026-04-15T03:27:06","modified_gmt":"2026-04-15T00:27:06","slug":"kutsal-salonlarda","status":"publish","type":"product","link":"https:\/\/roveyayinevi.com.tr\/index.php\/urun\/kutsal-salonlarda\/","title":{"rendered":"Kutsal Salonlarda"},"content":{"rendered":"<p>Dark Academia\u2019n\u0131n s\u00f6zl\u00fck tan\u0131m\u0131:   1. Y\u00fcksek\u00f6\u011frenim, sanat ve edebiyatla ilgili bir internet alt k\u00fclt\u00fcr\u00fc veya bu unsurlar\u0131n bilgi aray\u0131\u015f\u0131na ve \u00f6l\u00fcm\u00fcn ke\u015ffine odaklanan idealize edilmi\u015f bir versiyonu. 2. Belli ba\u015fl\u0131 estetik ilkeler. Gotik bir \u00e7izgisi olan akademik yap\u0131; t\u00fcvit ceketler, vintage h\u0131rkalar, a\u015f\u0131nm\u0131\u015f mokasenler, i\u00e7i d\u00fc\u015f\u00fcnd\u00fcr\u00fcc\u00fc \u015fiirlerle dolu y\u0131pranm\u0131\u015f bir deri omuz \u00e7antas\u0131. Merakl\u0131lar\u0131na genellikle m\u00fczelerde ve karanl\u0131k k\u00fct\u00fcphanelerde rastlanabilir.   Yepyeni ve \u00f6zel Dark Academia hik\u00e2yeleriyle kar\u015f\u0131n\u0131zda:   Olivie Blake  \u2022   M.L. Rio   David Bell  \u2022  Susie Yang   Layne Fargo  \u2022  J.T. Ellison   James Tate Hill  \u2022  Kelly Andrew   Phoebe Wynne  \u2022  Kate Weinberg   Helen Grant  \u2022  Tori Bovalino <\/p>\n","protected":false},"excerpt":{"rendered":"<p>Dark Academia\u2019n\u0131n s\u00f6zl\u00fck tan\u0131m\u0131: 1. Y\u00fcksek\u00f6\u011frenim, sanat ve edebiyatla ilgili bir internet alt k\u00fclt\u00fcr\u00fc veya bu unsurlar\u0131n bilgi aray\u0131\u015f\u0131na ve \u00f6l\u00fcm\u00fcn ke\u015ffine odaklanan idealize edilmi\u015f bir<span class=\"excerpt-hellip\"> [\u2026]<\/span><\/p>\n","protected":false},"featured_media":0,"template":"","meta":{"_monsterinsights_skip_tracking":false,"_monsterinsights_sitenote_active":false,"_monsterinsights_sitenote_note":"","_monsterinsights_sitenote_category":0},"product_brand":[],"product_cat":[14060,12291],"product_tag":[],"class_list":{"0":"post-761942","1":"product","2":"type-product","3":"status-publish","5":"product_cat-antoloji","6":"product_cat-edebiyat","7":"pa_cilt-ciltli","8":"pa_tur-kitap","9":"pa_yayinevi-athica-yayinlari","10":"pa_yazar-kolektif","12":"first","13":"instock","14":"sale","15":"shipping-taxable","16":"purchasable","17":"product-type-simple"},"_links":{"self":[{"href":"https:\/\/roveyayinevi.com.tr\/index.php\/wp-json\/wp\/v2\/product\/761942","targetHints":{"allow":["GET"]}}],"collection":[{"href":"https:\/\/roveyayinevi.com.tr\/index.php\/wp-json\/wp\/v2\/product"}],"about":[{"href":"https:\/\/roveyayinevi.com.tr\/index.php\/wp-json\/wp\/v2\/types\/product"}],"wp:attachment":[{"href":"https:\/\/roveyayinevi.com.tr\/index.php\/wp-json\/wp\/v2\/media?parent=761942"}],"wp:term":[{"taxonomy":"product_brand","embeddable":true,"href":"https:\/\/roveyayinevi.com.tr\/index.php\/wp-json\/wp\/v2\/product_brand?post=761942"},{"taxonomy":"product_cat","embeddable":true,"href":"https:\/\/roveyayinevi.com.tr\/index.php\/wp-json\/wp\/v2\/product_cat?post=761942"},{"taxonomy":"product_tag","embeddable":true,"href":"https:\/\/roveyayinevi.com.tr\/index.php\/wp-json\/wp\/v2\/product_tag?post=761942"}],"curies":[{"name":"wp","href":"https:\/\/api.w.org\/{rel}","templated":true}]}}