{"id":761940,"date":"2025-08-28T09:52:25","date_gmt":"2025-08-28T06:52:25","guid":{"rendered":"https:\/\/roveyayinevi.com.tr\/index.php\/urun\/cyberpunk-2077\/"},"modified":"2025-08-31T20:34:23","modified_gmt":"2025-08-31T17:34:23","slug":"cyberpunk-2077","status":"publish","type":"product","link":"https:\/\/roveyayinevi.com.tr\/index.php\/urun\/cyberpunk-2077\/","title":{"rendered":"Cyberpunk 2077"},"content":{"rendered":"<p>Cyberpunk 2077 du\u0308nyas\u0131n\u0131n ilk roman\u0131, Night City\u2019deki tehlikelerin fazlas\u0131yla ger\u00e7ek oldu\u011funu ke\u015ffeden bir grup yabanc\u0131y\u0131 anlat\u0131yor.   Neon \u0131\u015f\u0131klar\u0131yla kapl\u0131 Night City\u2019de bir grup yabanc\u0131, gizemli bir konteyner ta\u015f\u0131yan Militech konvoyunda cesurca bir soygun ger\u00e7ekle\u015ftirir. Peki gruptakilerin ortak noktas\u0131 nedir? Bu sadece ba\u015far\u0131l\u0131, eski moda bir \u015fantaj m\u0131d\u0131r?   Mecburen yapt\u0131klar\u0131 bu operasyonda, i\u015fverenlerinin ne kadar ileri gidebilece\u011fi ya da konteynerin s\u0131rr\u0131 hakk\u0131nda hi\u00e7bir fikirleri yoktur.   Ya\u015fl\u0131 bir hain, eski bir Militech casusu, amat\u00f6r bir a\u011fgezer, bir kurumsal m\u00fczakereci, bir siberkasap ve bir teknisyenden olu\u015fan yeni \u00e7ete, s\u0131radaki \u00f6l\u00fcmc\u00fcl soygundan \u00f6nce s\u0131rlar\u0131n\u0131n a\u00e7\u0131\u011fa \u00e7\u0131kmamas\u0131 i\u00e7in farkl\u0131l\u0131klar\u0131n\u0131n \u00fcstesinden gelip i\u015fbirli\u011fi yapmal\u0131d\u0131r. <\/p>\n","protected":false},"excerpt":{"rendered":"<p>Cyberpunk 2077 du\u0308nyas\u0131n\u0131n ilk roman\u0131, Night City\u2019deki tehlikelerin fazlas\u0131yla ger\u00e7ek oldu\u011funu ke\u015ffeden bir grup yabanc\u0131y\u0131 anlat\u0131yor. Neon \u0131\u015f\u0131klar\u0131yla kapl\u0131 Night City\u2019de bir grup yabanc\u0131, gizemli bir<span class=\"excerpt-hellip\"> [\u2026]<\/span><\/p>\n","protected":false},"featured_media":0,"template":"","meta":{"_monsterinsights_skip_tracking":false,"_monsterinsights_sitenote_active":false,"_monsterinsights_sitenote_note":"","_monsterinsights_sitenote_category":0},"product_brand":[],"product_cat":[12291,12711],"product_tag":[],"class_list":{"0":"post-761940","1":"product","2":"type-product","3":"status-publish","5":"product_cat-edebiyat","6":"product_cat-roman-oyku","7":"pa_cilt-ciltli","8":"pa_tur-kitap","9":"pa_yayinevi-athica-yayinlari","10":"pa_yazar-rafal-kosik","12":"first","13":"instock","14":"sale","15":"shipping-taxable","16":"purchasable","17":"product-type-simple"},"_links":{"self":[{"href":"https:\/\/roveyayinevi.com.tr\/index.php\/wp-json\/wp\/v2\/product\/761940","targetHints":{"allow":["GET"]}}],"collection":[{"href":"https:\/\/roveyayinevi.com.tr\/index.php\/wp-json\/wp\/v2\/product"}],"about":[{"href":"https:\/\/roveyayinevi.com.tr\/index.php\/wp-json\/wp\/v2\/types\/product"}],"wp:attachment":[{"href":"https:\/\/roveyayinevi.com.tr\/index.php\/wp-json\/wp\/v2\/media?parent=761940"}],"wp:term":[{"taxonomy":"product_brand","embeddable":true,"href":"https:\/\/roveyayinevi.com.tr\/index.php\/wp-json\/wp\/v2\/product_brand?post=761940"},{"taxonomy":"product_cat","embeddable":true,"href":"https:\/\/roveyayinevi.com.tr\/index.php\/wp-json\/wp\/v2\/product_cat?post=761940"},{"taxonomy":"product_tag","embeddable":true,"href":"https:\/\/roveyayinevi.com.tr\/index.php\/wp-json\/wp\/v2\/product_tag?post=761940"}],"curies":[{"name":"wp","href":"https:\/\/api.w.org\/{rel}","templated":true}]}}