{"id":761939,"date":"2025-08-28T09:52:23","date_gmt":"2025-08-28T06:52:23","guid":{"rendered":"https:\/\/roveyayinevi.com.tr\/index.php\/urun\/cumhuriyetin-100-yilinda-mimarlik\/"},"modified":"2026-04-15T03:27:06","modified_gmt":"2026-04-15T00:27:06","slug":"cumhuriyetin-100-yilinda-mimarlik","status":"publish","type":"product","link":"https:\/\/roveyayinevi.com.tr\/index.php\/urun\/cumhuriyetin-100-yilinda-mimarlik\/","title":{"rendered":"Cumhuriyetin 100. Y\u0131l\u0131nda Mimarl\u0131k"},"content":{"rendered":"<p>T\u00fcrkiye\u2019de mimarl\u0131k ve yap\u0131 \u00fcretimi, Cumhuriyetin kurulu\u015fundan bug\u00fcne, \u00fclkenin politik, ekonomik, k\u00fclt\u00fcrel ve toplumsal durumunun farkl\u0131 yans\u0131malar\u0131 do\u011frultusunda geli\u015fmi\u015ftir. Cumhuriyetin ilk y\u0131llar\u0131ndaki mimarl\u0131k olu\u015fumlar\u0131n\u0131n, Osmanl\u0131 \u0130mparatorlu\u011fu\u2019nun Bat\u0131l\u0131la\u015fma s\u00fcrecine dayand\u0131\u011f\u0131, farkl\u0131 kaynaklarda ifade edilmektedir. 100 y\u0131l \u00f6nce, T\u00fcrkiye\u2019nin, bug\u00fcn benzeri yo\u011fun ge\u00e7i\u015flerine tan\u0131k oldu\u011fumuz cinsten ekonomik, sosyal, k\u00fclt\u00fcrel ve mek\u00e2nsal farkl\u0131 bir platforma ge\u00e7i\u015f s\u00fcreci ya\u015famaya ba\u015flad\u0131\u011f\u0131 ve bu ge\u00e7i\u015fin mimarl\u0131k ortam\u0131na da do\u011frudan yans\u0131d\u0131\u011f\u0131 s\u00f6ylenebilir. Ancak, y\u00fcz y\u0131ll\u0131k bu yolculu\u011fu mimarl\u0131k \u00fczerinden okumak \u00e7etrefilli bir s\u00fcreci de beraberinde getirmektedir. 1923\u2019te Cumhuriyet kuruldu\u011funda, yetersiz say\u0131da mimar ve teknik insan\u0131n ve geli\u015fmemi\u015f bir teknolojinin bulundu\u011fu, sava\u015ftan \u00e7\u0131km\u0131\u015f topraklarda, mimarl\u0131k ve yap\u0131 uygulamalar\u0131 a\u00e7\u0131s\u0131ndan zengin bir k\u00fclt\u00fcrel miras\u0131n varl\u0131\u011f\u0131ndan s\u00f6z edilebilir. Bu k\u00fclt\u00fcrel miras\u0131n yan\u0131nda, ba\u015fta ba\u015fkent Ankara ve \u0130stanbul, \u0130zmir, Anadolu kentleri gibi pek \u00e7ok farkl\u0131 dinamik ve k\u00fclt\u00fcrel katman\u0131 bar\u0131nd\u0131ran bir T\u00fcrkiye makro formu da bulunmaktayd\u0131. Bu makro formun Cumhuriyet sonras\u0131ndaki y\u00fcz y\u0131ll\u0131k de\u011fi\u015fimi, d\u00f6n\u00fc\u015f\u00fcm\u00fc, geli\u015fimi ve bu ba\u011flamda yer alan mimarl\u0131k ortam\u0131, farkl\u0131 bi\u00e7imlerde ele al\u0131nmay\u0131, g\u00fcndeme ta\u015f\u0131nmay\u0131 ve irdelenmeyi hak etmektedir.   T\u00fcrkiye Cumhuriyeti\u2019nin kurulu\u015fundan itibaren \u2018k\u00f6ktenci bir \u00e7a\u011fda\u015fla\u015fma projesi\u2019 \u015feklinde ele al\u0131nd\u0131\u011f\u0131 s\u00f6ylenen kentsel geli\u015fme ve kent planlamas\u0131 ile paralel olarak da de\u011ferlendirilebilecek olan bu y\u00fcz y\u0131ll\u0131k mimarl\u0131k s\u00fcreci, 1923-1950, 1950-1980, 1980-2000, ve 2000\u2019ler sonras\u0131 \u015feklinde bir kronolojik yakla\u015f\u0131mla irdelenebilir. Bunun yan\u0131nda, s\u00f6z konusu d\u00f6nemlerden ba\u011f\u0131ms\u0131z olarak, konut mimarl\u0131\u011f\u0131, k\u00fclt\u00fcr-mek\u00e2n, halkevleri, kooperatifler, end\u00fcstriyel yap\u0131lar, etnik mimarl\u0131k, temsiliyet, k\u00fclt\u00fcrel miras, modern mimarl\u0131k, yar\u0131\u015fmalar, mimarl\u0131k e\u011fitimi, kad\u0131n mimarlar gibi farkl\u0131 tematik a\u00e7\u0131l\u0131mlar da, gerekli g\u00f6r\u00fcl\u00fcrse benzer kronolojik \u00e7er\u00e7eve i\u00e7inde ayr\u0131 ayr\u0131 ele al\u0131nabilirler.   Elinizdeki bu eser T\u00fcrkiye Cumhuriyeti\u2019nin y\u00fcz y\u0131ll\u0131k mimarl\u0131k ortam\u0131n\u0131, farkl\u0131 uzmanlar\u0131n \u00e7al\u0131\u015fmalar\u0131 \u00fczerinden ele al\u0131yor. Yo\u011fun bir emekle haz\u0131rlanan kitap T\u00fcrkiye mimarl\u0131\u011f\u0131 ile ilgili uzun soluklu ko\u015fudan m\u00fctevazi bir kesit alarak, gelece\u011fe dair yeni sorular\u0131, hayalleri ve umutlar\u0131 g\u00fcndeme ta\u015f\u0131may\u0131 hedeflemektedir. <\/p>\n","protected":false},"excerpt":{"rendered":"<p>T\u00fcrkiye\u2019de mimarl\u0131k ve yap\u0131 \u00fcretimi, Cumhuriyetin kurulu\u015fundan bug\u00fcne, \u00fclkenin politik, ekonomik, k\u00fclt\u00fcrel ve toplumsal durumunun farkl\u0131 yans\u0131malar\u0131 do\u011frultusunda geli\u015fmi\u015ftir. Cumhuriyetin ilk y\u0131llar\u0131ndaki mimarl\u0131k olu\u015fumlar\u0131n\u0131n, Osmanl\u0131 \u0130mparatorlu\u011fu\u2019nun<span class=\"excerpt-hellip\"> [\u2026]<\/span><\/p>\n","protected":false},"featured_media":0,"template":"","meta":{"_monsterinsights_skip_tracking":false,"_monsterinsights_sitenote_active":false,"_monsterinsights_sitenote_note":"","_monsterinsights_sitenote_category":0},"product_brand":[],"product_cat":[13512,12408],"product_tag":[],"class_list":{"0":"post-761939","1":"product","2":"type-product","3":"status-publish","5":"product_cat-mimarlik","6":"product_cat-sanat","7":"pa_cilt-ciltsiz","8":"pa_tur-kitap","9":"pa_yayinevi-idealkent-yayincilik","10":"pa_yazar-ipek-akpinar-aksugur-sebnem-onal-hoskara","12":"first","13":"instock","14":"sale","15":"shipping-taxable","16":"purchasable","17":"product-type-simple"},"_links":{"self":[{"href":"https:\/\/roveyayinevi.com.tr\/index.php\/wp-json\/wp\/v2\/product\/761939","targetHints":{"allow":["GET"]}}],"collection":[{"href":"https:\/\/roveyayinevi.com.tr\/index.php\/wp-json\/wp\/v2\/product"}],"about":[{"href":"https:\/\/roveyayinevi.com.tr\/index.php\/wp-json\/wp\/v2\/types\/product"}],"wp:attachment":[{"href":"https:\/\/roveyayinevi.com.tr\/index.php\/wp-json\/wp\/v2\/media?parent=761939"}],"wp:term":[{"taxonomy":"product_brand","embeddable":true,"href":"https:\/\/roveyayinevi.com.tr\/index.php\/wp-json\/wp\/v2\/product_brand?post=761939"},{"taxonomy":"product_cat","embeddable":true,"href":"https:\/\/roveyayinevi.com.tr\/index.php\/wp-json\/wp\/v2\/product_cat?post=761939"},{"taxonomy":"product_tag","embeddable":true,"href":"https:\/\/roveyayinevi.com.tr\/index.php\/wp-json\/wp\/v2\/product_tag?post=761939"}],"curies":[{"name":"wp","href":"https:\/\/api.w.org\/{rel}","templated":true}]}}