{"id":761937,"date":"2025-08-28T09:52:21","date_gmt":"2025-08-28T06:52:21","guid":{"rendered":"https:\/\/roveyayinevi.com.tr\/index.php\/urun\/gicikgiller-apartmani-4-ciltli\/"},"modified":"2026-04-15T03:27:06","modified_gmt":"2026-04-15T00:27:06","slug":"gicikgiller-apartmani-4-ciltli","status":"publish","type":"product","link":"https:\/\/roveyayinevi.com.tr\/index.php\/urun\/gicikgiller-apartmani-4-ciltli\/","title":{"rendered":"G\u0131c\u0131kgiller Apartman\u0131 4 (Ciltli)"},"content":{"rendered":"<p>Hey! Merhaba! Benim ad\u0131m Yusuf Emre. Can\u0131m \u00e7ok s\u0131kk\u0131n. Bana yard\u0131m etmeni istiyorum. \u0130nsanlar\u0131n yok olan duygular\u0131n\u0131 kurtarmak istiyorum. G\u00f6revim \u00e7ok zor, tehlikeli ve \u00f6nemli. \u0130nsanlar tebess\u00fcm etmiyorlar, birbirlerine yard\u0131m etmiyorlar. Duygular\u0131n\u0131 yitirmi\u015f insanlar\u0131n \u00e7o\u011fu. Hatta k\u00f6t\u00fc durumdaki insanlara &#8220;OH OLMU\u015e&#8221; bile diyorlar. Bu \u00e7ok \u00fcz\u00fcc\u00fc. D\u00fcnyan\u0131n duygulu, insanc\u0131l kahramanlara ihtiyac\u0131 var. Bence bu sensin. \u015eu an elinde tuttu\u011fun bu kitap, seni hem g\u00fclmekten bay\u0131ltacak hem de d\u00fc\u015f\u00fcnd\u00fcrecek. Bana kat\u0131lmak ister misin? <\/p>\n","protected":false},"excerpt":{"rendered":"<p>Hey! Merhaba! Benim ad\u0131m Yusuf Emre. Can\u0131m \u00e7ok s\u0131kk\u0131n. Bana yard\u0131m etmeni istiyorum. \u0130nsanlar\u0131n yok olan duygular\u0131n\u0131 kurtarmak istiyorum. G\u00f6revim \u00e7ok zor, tehlikeli ve \u00f6nemli. \u0130nsanlar<span class=\"excerpt-hellip\"> [\u2026]<\/span><\/p>\n","protected":false},"featured_media":0,"template":"","meta":{"_monsterinsights_skip_tracking":false,"_monsterinsights_sitenote_active":false,"_monsterinsights_sitenote_note":"","_monsterinsights_sitenote_category":0},"product_brand":[],"product_cat":[12275,12274],"product_tag":[],"class_list":{"0":"post-761937","1":"product","2":"type-product","3":"status-publish","5":"product_cat-6-12-yas-kitaplari","6":"product_cat-cocuk-ve-genclik-kitaplari","7":"pa_cilt-ciltli","8":"pa_tur-kitap","9":"pa_yayinevi-nesil-genc","10":"pa_yazar-yusuf-asal","12":"first","13":"instock","14":"sale","15":"shipping-taxable","16":"purchasable","17":"product-type-simple"},"_links":{"self":[{"href":"https:\/\/roveyayinevi.com.tr\/index.php\/wp-json\/wp\/v2\/product\/761937","targetHints":{"allow":["GET"]}}],"collection":[{"href":"https:\/\/roveyayinevi.com.tr\/index.php\/wp-json\/wp\/v2\/product"}],"about":[{"href":"https:\/\/roveyayinevi.com.tr\/index.php\/wp-json\/wp\/v2\/types\/product"}],"wp:attachment":[{"href":"https:\/\/roveyayinevi.com.tr\/index.php\/wp-json\/wp\/v2\/media?parent=761937"}],"wp:term":[{"taxonomy":"product_brand","embeddable":true,"href":"https:\/\/roveyayinevi.com.tr\/index.php\/wp-json\/wp\/v2\/product_brand?post=761937"},{"taxonomy":"product_cat","embeddable":true,"href":"https:\/\/roveyayinevi.com.tr\/index.php\/wp-json\/wp\/v2\/product_cat?post=761937"},{"taxonomy":"product_tag","embeddable":true,"href":"https:\/\/roveyayinevi.com.tr\/index.php\/wp-json\/wp\/v2\/product_tag?post=761937"}],"curies":[{"name":"wp","href":"https:\/\/api.w.org\/{rel}","templated":true}]}}