{"id":761936,"date":"2025-08-28T09:52:19","date_gmt":"2025-08-28T06:52:19","guid":{"rendered":"https:\/\/roveyayinevi.com.tr\/index.php\/urun\/cevre-savascilari\/"},"modified":"2026-04-15T03:27:06","modified_gmt":"2026-04-15T00:27:06","slug":"cevre-savascilari","status":"publish","type":"product","link":"https:\/\/roveyayinevi.com.tr\/index.php\/urun\/cevre-savascilari\/","title":{"rendered":"\u00c7evre Sava\u015f\u00e7\u0131lar\u0131"},"content":{"rendered":"<p>E\u011flenceli ve macera dolu bir hik\u00e2yeye haz\u0131r olun! Bulut, Yama\u00e7, Toprak ve Ecrin hem mahalleden hem de okuldan yak\u0131n arkada\u015flard\u0131r. Okula beraber ve y\u00fcr\u00fcyerek giderler. Bu nedenle okul yolculuklar\u0131 ve eve d\u00f6n\u00fc\u015fleri \u00e7ok e\u011flenceli ve bol kahkahal\u0131 olur. E tabii bazen de maceral\u0131\u2026  Birbirini \u00e7ok seven bu tayfan\u0131n \u00e7evre ile ilgili baz\u0131 sorunlar\u0131 fark etmeleriyle macera ba\u015flar ve her biri bir \u201c\u00c7evre Sava\u015f\u00e7\u0131s\u0131\u201dna d\u00f6n\u00fc\u015f\u00fcr.  \u201c\u00c7evre Sava\u015f\u00e7\u0131lar\u0131\u201dyla birlikte pek \u00e7ok maceraya at\u0131lacak; Temiz \u00c7evre, Geri D\u00f6n\u00fc\u015f\u00fcm, G\u0131da G\u00fcvenli\u011fi, Su \u0130sraf\u0131, Temiz Enerji gibi \u00f6nemli konular\u0131 \u00f6\u011freneceksin. Bu kitab\u0131 okuduktan sonra \u00f6\u011frendiklerini \u00e7evrenle de payla\u015fmay\u0131 unutma. \u00c7\u00fcnk\u00fc art\u0131k sen de bir \u00e7evre sava\u015f\u00e7\u0131s\u0131 say\u0131l\u0131rs\u0131n\u2026 <\/p>\n","protected":false},"excerpt":{"rendered":"<p>E\u011flenceli ve macera dolu bir hik\u00e2yeye haz\u0131r olun! Bulut, Yama\u00e7, Toprak ve Ecrin hem mahalleden hem de okuldan yak\u0131n arkada\u015flard\u0131r. Okula beraber ve y\u00fcr\u00fcyerek giderler. Bu<span class=\"excerpt-hellip\"> [\u2026]<\/span><\/p>\n","protected":false},"featured_media":0,"template":"","meta":{"_monsterinsights_skip_tracking":false,"_monsterinsights_sitenote_active":false,"_monsterinsights_sitenote_note":"","_monsterinsights_sitenote_category":0},"product_brand":[],"product_cat":[12274,12284],"product_tag":[],"class_list":{"0":"post-761936","1":"product","2":"type-product","3":"status-publish","5":"product_cat-cocuk-ve-genclik-kitaplari","6":"product_cat-hikayeler","7":"pa_cilt-ciltli","8":"pa_tur-kitap","9":"pa_yayinevi-nesil-cocuk-yayinlari","10":"pa_yazar-yasemin-aykol","12":"first","13":"instock","14":"sale","15":"shipping-taxable","16":"purchasable","17":"product-type-simple"},"_links":{"self":[{"href":"https:\/\/roveyayinevi.com.tr\/index.php\/wp-json\/wp\/v2\/product\/761936","targetHints":{"allow":["GET"]}}],"collection":[{"href":"https:\/\/roveyayinevi.com.tr\/index.php\/wp-json\/wp\/v2\/product"}],"about":[{"href":"https:\/\/roveyayinevi.com.tr\/index.php\/wp-json\/wp\/v2\/types\/product"}],"wp:attachment":[{"href":"https:\/\/roveyayinevi.com.tr\/index.php\/wp-json\/wp\/v2\/media?parent=761936"}],"wp:term":[{"taxonomy":"product_brand","embeddable":true,"href":"https:\/\/roveyayinevi.com.tr\/index.php\/wp-json\/wp\/v2\/product_brand?post=761936"},{"taxonomy":"product_cat","embeddable":true,"href":"https:\/\/roveyayinevi.com.tr\/index.php\/wp-json\/wp\/v2\/product_cat?post=761936"},{"taxonomy":"product_tag","embeddable":true,"href":"https:\/\/roveyayinevi.com.tr\/index.php\/wp-json\/wp\/v2\/product_tag?post=761936"}],"curies":[{"name":"wp","href":"https:\/\/api.w.org\/{rel}","templated":true}]}}