{"id":761935,"date":"2025-08-28T09:52:17","date_gmt":"2025-08-28T06:52:17","guid":{"rendered":"https:\/\/roveyayinevi.com.tr\/index.php\/urun\/zufi-ile-allahin-isimlerini-ogreniyorum-8-kitap\/"},"modified":"2026-04-15T03:27:06","modified_gmt":"2026-04-15T00:27:06","slug":"zufi-ile-allahin-isimlerini-ogreniyorum-8-kitap","status":"publish","type":"product","link":"https:\/\/roveyayinevi.com.tr\/index.php\/urun\/zufi-ile-allahin-isimlerini-ogreniyorum-8-kitap\/","title":{"rendered":"Zufi ile Allah\u2019\u0131n \u0130simlerini \u00d6\u011freniyorum (8 Kitap)"},"content":{"rendered":"<p>D\u00fcd\u00fckl\u00fc Zufi, boynunda d\u00fcd\u00fc\u011f\u00fc, s\u0131rt\u0131nda \u00e7antas\u0131yla d\u00fcnyay\u0131 geziyor.Ve b\u00fct\u00fcn \u00e7ocuklar\u0131 bu yolculu\u011fa davet ediyor.Peki bu yolculukta neler mi ke\u015ffediyor?\u2022 Bizi ve her \u015feyi Allah\u2019\u0131n yaratt\u0131\u011f\u0131n\u0131\u2026\u2022 Allah\u2019\u0131n bize g\u00f6z verdi\u011fini ve her \u015feyi g\u00f6rd\u00fc\u011f\u00fcn\u00fc\u2026\u2022 Allah\u2019\u0131n bize kulak verdi\u011fini ve her \u015feyi duydu\u011funu\u2026\u2022 Bize birbirinden lezzetli yiyecekler g\u00f6nderdi\u011fini\u2026\u2022 Sevgi duygusunu bize Allah\u2019\u0131n verdi\u011fini ve O\u2019nun bizi \u00e7ok sevdi\u011fini\u2026 \u2022 Etraf\u0131m\u0131zda g\u00f6rd\u00fc\u011f\u00fcm\u00fcz her \u015feyi Allah\u2019\u0131n tertemiz yapt\u0131\u011f\u0131n\u0131\u2026 \u2022 Allah\u2019\u0131n yaratt\u0131\u011f\u0131 her \u015feyin \u00e7ok g\u00fczel oldu\u011funu\u2026 \u2022 Allah\u2019\u0131n en zor \u015feyleri bile kolayl\u0131kla yapt\u0131\u011f\u0131n\u0131 ve her \u015feye g\u00fcc\u00fcn\u00fcn yetti\u011fini\u2026 Sen de D\u00fcd\u00fckl\u00fc Zufi\u2019ye arkada\u015f olmak ister misin?O h\u00e2lde sayfalar\u0131 \u00e7evirmeye ba\u015flayabilirsin. <\/p>\n","protected":false},"excerpt":{"rendered":"<p>D\u00fcd\u00fckl\u00fc Zufi, boynunda d\u00fcd\u00fc\u011f\u00fc, s\u0131rt\u0131nda \u00e7antas\u0131yla d\u00fcnyay\u0131 geziyor.Ve b\u00fct\u00fcn \u00e7ocuklar\u0131 bu yolculu\u011fa davet ediyor.Peki bu yolculukta neler mi ke\u015ffediyor?\u2022 Bizi ve her \u015feyi Allah\u2019\u0131n yaratt\u0131\u011f\u0131n\u0131\u2026\u2022 Allah\u2019\u0131n<span class=\"excerpt-hellip\"> [\u2026]<\/span><\/p>\n","protected":false},"featured_media":0,"template":"","meta":{"_monsterinsights_skip_tracking":false,"_monsterinsights_sitenote_active":false,"_monsterinsights_sitenote_note":"","_monsterinsights_sitenote_category":0},"product_brand":[],"product_cat":[12274,15842],"product_tag":[],"class_list":{"0":"post-761935","1":"product","2":"type-product","3":"status-publish","5":"product_cat-cocuk-ve-genclik-kitaplari","6":"product_cat-egitici-kitaplar","7":"pa_cilt-ciltsiz","8":"pa_tur-kitap","9":"pa_yayinevi-nesil-cocuk-yayinlari","10":"pa_yazar-omer-faruk-paksu","12":"first","13":"instock","14":"sale","15":"shipping-taxable","16":"purchasable","17":"product-type-simple"},"_links":{"self":[{"href":"https:\/\/roveyayinevi.com.tr\/index.php\/wp-json\/wp\/v2\/product\/761935","targetHints":{"allow":["GET"]}}],"collection":[{"href":"https:\/\/roveyayinevi.com.tr\/index.php\/wp-json\/wp\/v2\/product"}],"about":[{"href":"https:\/\/roveyayinevi.com.tr\/index.php\/wp-json\/wp\/v2\/types\/product"}],"wp:attachment":[{"href":"https:\/\/roveyayinevi.com.tr\/index.php\/wp-json\/wp\/v2\/media?parent=761935"}],"wp:term":[{"taxonomy":"product_brand","embeddable":true,"href":"https:\/\/roveyayinevi.com.tr\/index.php\/wp-json\/wp\/v2\/product_brand?post=761935"},{"taxonomy":"product_cat","embeddable":true,"href":"https:\/\/roveyayinevi.com.tr\/index.php\/wp-json\/wp\/v2\/product_cat?post=761935"},{"taxonomy":"product_tag","embeddable":true,"href":"https:\/\/roveyayinevi.com.tr\/index.php\/wp-json\/wp\/v2\/product_tag?post=761935"}],"curies":[{"name":"wp","href":"https:\/\/api.w.org\/{rel}","templated":true}]}}