{"id":761933,"date":"2025-08-28T09:52:13","date_gmt":"2025-08-28T06:52:13","guid":{"rendered":"https:\/\/roveyayinevi.com.tr\/index.php\/urun\/nehrin-otesine-agaclarin-icine\/"},"modified":"2026-04-15T03:27:06","modified_gmt":"2026-04-15T00:27:06","slug":"nehrin-otesine-agaclarin-icine","status":"publish","type":"product","link":"https:\/\/roveyayinevi.com.tr\/index.php\/urun\/nehrin-otesine-agaclarin-icine\/","title":{"rendered":"Nehrin \u00d6tesine, A\u011fa\u00e7lar\u0131n \u0130\u00e7ine"},"content":{"rendered":"<p>Nehrin \u00d6tesine, A\u011fa\u00e7lar\u0131n \u0130\u00e7ine, Hemingway\u2019in, kay\u0131p gen\u00e7li\u011fi yakalayamamas\u0131n\u0131n g\u00fc\u00e7l\u00fc ve etkileyici hik\u00e2yesidir. Sava\u015f yeni bitmi\u015ftir. \u0130tinayla ve sevgiyle tasvir edilen Venedik&#8217;te, Amerikal\u0131 Albay Richard Cantrell, &#8220;sizin ya da herhangi birinin kalbini k\u0131rabilecek bir y\u00fcze&#8221;; sahip gen\u00e7 \u0130talyan kontesi Renata&#8217;ya tutkuyla \u00e2\u015f\u0131k olur. Hayata k\u00fcsm\u00fc\u015f, sava\u015ftan \u00f6t\u00fcr\u00fc yaral\u0131 olan Cantrell, Renata&#8217;n\u0131n sundu\u011fun a\u015fk\u0131n \u00f6zverisi ve tazeli\u011fiyle dolup ta\u015fmaktad\u0131r. Ama bu bir peri masal\u0131 de\u011fildir. \u00c7at\u0131\u015fmalar sona ermi\u015f olabilir ama sava\u015f\u0131n yaralar\u0131 hen\u00fcz iyile\u015fmemi\u015ftir. Ve baz\u0131lar\u0131 i\u00e7in, \u00f6zlenen bar\u0131\u015f \u00e7ok ge\u00e7 gelmi\u015ftir. <\/p>\n","protected":false},"excerpt":{"rendered":"<p>Nehrin \u00d6tesine, A\u011fa\u00e7lar\u0131n \u0130\u00e7ine, Hemingway\u2019in, kay\u0131p gen\u00e7li\u011fi yakalayamamas\u0131n\u0131n g\u00fc\u00e7l\u00fc ve etkileyici hik\u00e2yesidir. Sava\u015f yeni bitmi\u015ftir. \u0130tinayla ve sevgiyle tasvir edilen Venedik&#8217;te, Amerikal\u0131 Albay Richard Cantrell, &#8220;sizin<span class=\"excerpt-hellip\"> [\u2026]<\/span><\/p>\n","protected":false},"featured_media":0,"template":"","meta":{"_monsterinsights_skip_tracking":false,"_monsterinsights_sitenote_active":false,"_monsterinsights_sitenote_note":"","_monsterinsights_sitenote_category":0},"product_brand":[],"product_cat":[12291,12711],"product_tag":[],"class_list":{"0":"post-761933","1":"product","2":"type-product","3":"status-publish","5":"product_cat-edebiyat","6":"product_cat-roman-oyku","7":"pa_cilt-ciltsiz","8":"pa_tur-kitap","9":"pa_yayinevi-bilgi-yayinevi","10":"pa_yazar-ernest-hemingway","12":"first","13":"instock","14":"sale","15":"shipping-taxable","16":"purchasable","17":"product-type-simple"},"_links":{"self":[{"href":"https:\/\/roveyayinevi.com.tr\/index.php\/wp-json\/wp\/v2\/product\/761933","targetHints":{"allow":["GET"]}}],"collection":[{"href":"https:\/\/roveyayinevi.com.tr\/index.php\/wp-json\/wp\/v2\/product"}],"about":[{"href":"https:\/\/roveyayinevi.com.tr\/index.php\/wp-json\/wp\/v2\/types\/product"}],"wp:attachment":[{"href":"https:\/\/roveyayinevi.com.tr\/index.php\/wp-json\/wp\/v2\/media?parent=761933"}],"wp:term":[{"taxonomy":"product_brand","embeddable":true,"href":"https:\/\/roveyayinevi.com.tr\/index.php\/wp-json\/wp\/v2\/product_brand?post=761933"},{"taxonomy":"product_cat","embeddable":true,"href":"https:\/\/roveyayinevi.com.tr\/index.php\/wp-json\/wp\/v2\/product_cat?post=761933"},{"taxonomy":"product_tag","embeddable":true,"href":"https:\/\/roveyayinevi.com.tr\/index.php\/wp-json\/wp\/v2\/product_tag?post=761933"}],"curies":[{"name":"wp","href":"https:\/\/api.w.org\/{rel}","templated":true}]}}