{"id":761932,"date":"2025-08-28T09:52:12","date_gmt":"2025-08-28T06:52:12","guid":{"rendered":"https:\/\/roveyayinevi.com.tr\/index.php\/urun\/giyim-terapisti\/"},"modified":"2026-03-25T14:36:38","modified_gmt":"2026-03-25T11:36:38","slug":"giyim-terapisti","status":"publish","type":"product","link":"https:\/\/roveyayinevi.com.tr\/index.php\/urun\/giyim-terapisti\/","title":{"rendered":"Giyim Terapisti"},"content":{"rendered":"<p>T\u00fcrkiye\u2019nin ilk moda psikolo\u011fu Mutlu Bar\u0131\u015f, bu kitab\u0131nda giyimin psikolojimiz \u00fczerindeki etkilerini bir roman kurgusunda anlat\u0131yor.   Giyimin bir terapi y\u00f6ntemi oldu\u011funu biliyor muydunuz? Peki her g\u00fcn yapt\u0131\u011f\u0131n\u0131z bu s\u0131radan eylemin, belli bir fark\u0131ndal\u0131k alt\u0131nda, \u00f6zenle yap\u0131ld\u0131\u011f\u0131nda iyile\u015ftirici g\u00fcce sahip oldu\u011funu?&#8230;   \u00d6z \u015fefkatinizi besledi\u011fini ve hayata ba\u011fl\u0131l\u0131\u011f\u0131n\u0131z\u0131 art\u0131rd\u0131\u011f\u0131n\u0131 hi\u00e7 deneyimlediniz mi?   K\u0131yafetleriniz ve giyim tarz\u0131n\u0131z sizi nas\u0131l temsil ediyor? Ba\u015fkalar\u0131 taraf\u0131ndan nas\u0131l alg\u0131lan\u0131yorsunuz?   Bu etkile\u015fimde kendinizi tan\u0131yor musunuz?   Oldu\u011funuz ki\u015fi ve d\u0131\u015far\u0131ya yans\u0131tt\u0131\u011f\u0131n\u0131z ki\u015fi aras\u0131nda fark var m\u0131?   Giyim tarz\u0131n\u0131z\u0131n avantaj\u0131n\u0131 m\u0131 dezavantaj\u0131n\u0131 m\u0131 ya\u015f\u0131yorsunuz?   D\u0131\u015f g\u00f6r\u00fcn\u00fc\u015f\u00fcn\u00fcz\u00fcn arkas\u0131ndaki anlamlar\u0131 ke\u015ffettik\u00e7e ve i\u00e7d\u00fcnyan\u0131zla dengeli bir tarza sahip olduk\u00e7a, ruh sa\u011fl\u0131\u011f\u0131n\u0131z\u0131 olumlu etkileyecek beceriler kazanacaks\u0131n\u0131z. <\/p>\n","protected":false},"excerpt":{"rendered":"<p>T\u00fcrkiye\u2019nin ilk moda psikolo\u011fu Mutlu Bar\u0131\u015f, bu kitab\u0131nda giyimin psikolojimiz \u00fczerindeki etkilerini bir roman kurgusunda anlat\u0131yor. Giyimin bir terapi y\u00f6ntemi oldu\u011funu biliyor muydunuz? Peki her g\u00fcn<span class=\"excerpt-hellip\"> [\u2026]<\/span><\/p>\n","protected":false},"featured_media":0,"template":"","meta":{"_monsterinsights_skip_tracking":false,"_monsterinsights_sitenote_active":false,"_monsterinsights_sitenote_note":"","_monsterinsights_sitenote_category":0},"product_brand":[],"product_cat":[12364,12376],"product_tag":[],"class_list":{"0":"post-761932","1":"product","2":"type-product","3":"status-publish","5":"product_cat-genel-konular","6":"product_cat-kisisel-gelisim","7":"pa_cilt-ciltsiz","8":"pa_tur-kitap","9":"pa_yayinevi-destek-yayinlari","10":"pa_yazar-mutlu-baris","12":"first","13":"instock","14":"sale","15":"shipping-taxable","16":"purchasable","17":"product-type-simple"},"_links":{"self":[{"href":"https:\/\/roveyayinevi.com.tr\/index.php\/wp-json\/wp\/v2\/product\/761932","targetHints":{"allow":["GET"]}}],"collection":[{"href":"https:\/\/roveyayinevi.com.tr\/index.php\/wp-json\/wp\/v2\/product"}],"about":[{"href":"https:\/\/roveyayinevi.com.tr\/index.php\/wp-json\/wp\/v2\/types\/product"}],"wp:attachment":[{"href":"https:\/\/roveyayinevi.com.tr\/index.php\/wp-json\/wp\/v2\/media?parent=761932"}],"wp:term":[{"taxonomy":"product_brand","embeddable":true,"href":"https:\/\/roveyayinevi.com.tr\/index.php\/wp-json\/wp\/v2\/product_brand?post=761932"},{"taxonomy":"product_cat","embeddable":true,"href":"https:\/\/roveyayinevi.com.tr\/index.php\/wp-json\/wp\/v2\/product_cat?post=761932"},{"taxonomy":"product_tag","embeddable":true,"href":"https:\/\/roveyayinevi.com.tr\/index.php\/wp-json\/wp\/v2\/product_tag?post=761932"}],"curies":[{"name":"wp","href":"https:\/\/api.w.org\/{rel}","templated":true}]}}