{"id":761931,"date":"2025-08-28T09:52:11","date_gmt":"2025-08-28T06:52:11","guid":{"rendered":"https:\/\/roveyayinevi.com.tr\/index.php\/urun\/pozitif-psikoterapi-sozlugu\/"},"modified":"2026-04-15T03:27:06","modified_gmt":"2026-04-15T00:27:06","slug":"pozitif-psikoterapi-sozlugu","status":"publish","type":"product","link":"https:\/\/roveyayinevi.com.tr\/index.php\/urun\/pozitif-psikoterapi-sozlugu\/","title":{"rendered":"Pozitif Psikoterapi S\u00f6zl\u00fc\u011f\u00fc"},"content":{"rendered":"<p>Pozitif Psikoterapi alan\u0131nda bir bo\u015flu\u011fu dolduran Pozitif Psikoterapi S\u00f6zl\u00fc\u011f\u00fc Psikolgu yay\u0131nlar\u0131ndan Pozitif Psikoterapi Kitapl\u0131\u011f\u0131 dizisinin ilk kitab\u0131 olarak \u00e7\u0131kt\u0131! Pozitif Psikoterapi kavramlar\u0131ndan A&#8217;dan Z&#8217;ye 150 terimin a\u00e7\u0131kland\u0131\u011f\u0131 bu de\u011ferli kitap, Nossrat Peseschkian ve Anas Aziz taraf\u0131ndan yaz\u0131lm\u0131\u015ft\u0131r. Pozitif Psikoterapi\u2019nin temel kavramlar\u0131n\u0131 tan\u0131tan, somutla\u015ft\u0131ran ve Pozitif Psikoterapi a\u00e7\u0131s\u0131ndan a\u00e7\u0131klayan bir kitapt\u0131r. Kavramlar\u0131n yan\u0131nda terap\u00f6tik ve felsefi bak\u0131\u015f a\u00e7\u0131s\u0131na da pencere a\u00e7arak konunun \u00f6z\u00fcn\u00fc kavramay\u0131 kolayla\u015ft\u0131rmaktad\u0131r.<\/p>\n","protected":false},"excerpt":{"rendered":"<p>Pozitif Psikoterapi alan\u0131nda bir bo\u015flu\u011fu dolduran Pozitif Psikoterapi S\u00f6zl\u00fc\u011f\u00fc Psikolgu yay\u0131nlar\u0131ndan Pozitif Psikoterapi Kitapl\u0131\u011f\u0131 dizisinin ilk kitab\u0131 olarak \u00e7\u0131kt\u0131! Pozitif Psikoterapi kavramlar\u0131ndan A&#8217;dan Z&#8217;ye 150 terimin<span class=\"excerpt-hellip\"> [\u2026]<\/span><\/p>\n","protected":false},"featured_media":0,"template":"","meta":{"_monsterinsights_skip_tracking":false,"_monsterinsights_sitenote_active":false,"_monsterinsights_sitenote_note":"","_monsterinsights_sitenote_category":0},"product_brand":[],"product_cat":[12566,13611],"product_tag":[],"class_list":{"0":"post-761931","1":"product","2":"type-product","3":"status-publish","5":"product_cat-egitim","6":"product_cat-sozlukler-ve-konusma-kilavuzlari","7":"pa_cilt-ciltsiz","8":"pa_tur-kitap","9":"pa_yayinevi-psikoolgu","10":"pa_yazar-nossrat-peseschkian-anas-aziz","12":"first","13":"instock","14":"sale","15":"shipping-taxable","16":"purchasable","17":"product-type-simple"},"_links":{"self":[{"href":"https:\/\/roveyayinevi.com.tr\/index.php\/wp-json\/wp\/v2\/product\/761931","targetHints":{"allow":["GET"]}}],"collection":[{"href":"https:\/\/roveyayinevi.com.tr\/index.php\/wp-json\/wp\/v2\/product"}],"about":[{"href":"https:\/\/roveyayinevi.com.tr\/index.php\/wp-json\/wp\/v2\/types\/product"}],"wp:attachment":[{"href":"https:\/\/roveyayinevi.com.tr\/index.php\/wp-json\/wp\/v2\/media?parent=761931"}],"wp:term":[{"taxonomy":"product_brand","embeddable":true,"href":"https:\/\/roveyayinevi.com.tr\/index.php\/wp-json\/wp\/v2\/product_brand?post=761931"},{"taxonomy":"product_cat","embeddable":true,"href":"https:\/\/roveyayinevi.com.tr\/index.php\/wp-json\/wp\/v2\/product_cat?post=761931"},{"taxonomy":"product_tag","embeddable":true,"href":"https:\/\/roveyayinevi.com.tr\/index.php\/wp-json\/wp\/v2\/product_tag?post=761931"}],"curies":[{"name":"wp","href":"https:\/\/api.w.org\/{rel}","templated":true}]}}