{"id":761929,"date":"2025-08-28T09:52:07","date_gmt":"2025-08-28T06:52:07","guid":{"rendered":"https:\/\/roveyayinevi.com.tr\/index.php\/urun\/iktisat-ve-toplum-dergisi-164-sayi-otoriterlesme-ve-ekonomi\/"},"modified":"2026-04-15T03:27:06","modified_gmt":"2026-04-15T00:27:06","slug":"iktisat-ve-toplum-dergisi-164-sayi-otoriterlesme-ve-ekonomi","status":"publish","type":"product","link":"https:\/\/roveyayinevi.com.tr\/index.php\/urun\/iktisat-ve-toplum-dergisi-164-sayi-otoriterlesme-ve-ekonomi\/","title":{"rendered":"\u0130ktisat ve Toplum Dergisi 164. Say\u0131  Otoriterle\u015fme ve Ekonomi"},"content":{"rendered":"<p>Bu say\u0131da:   Dolarizasyonda Son Durum &#8211; Mahfi E\u011filmez T\u00fcrkiye\u2019de B\u00f6lge Planc\u0131lar\u0131n\u0131n Ya\u015fad\u0131\u011f\u0131 Doyumsuzluk A\u015f\u0131labilir mi? &#8211; \u0130lhan Tekeli Otoriter H\u00fck\u00fcmet ve Liderin Kar\u015f\u0131la\u015ft\u0131\u011f\u0131 \u0130kilemler \u00dczerine &#8211; Ersin Kalayc\u0131o\u011flu Etki De\u011ferlendirmesi: Ama\u00e7lar, Kavramlar ve Teknikler (ya da \u201cOlmasayd\u0131 Olur muyduk?\u201d) Mehmet Teoman Pamuk\u00e7u \u201cGer\u00e7ek\u00e7i\u201d \u0130ktisat Bilimi Nas\u0131l Yap\u0131l\u0131yor? Sorun \u00c7\u00f6zmede Ba\u015far\u0131, Ba\u015far\u0131s\u0131zl\u0131k ve \u201cYeni\u201d Model Aray\u0131\u015f\u0131 -Ercan Eren Triffin Paradoksu, ABD\u2019nin Y\u00fckselen Bor\u00e7lulu\u011fu ve ABD Dolar\u0131 Arda Tunca \u00c7in Halk Cumhuriyeti: 21. Y\u00fczy\u0131l\u0131n Y\u00fckselen S\u00fcper G\u00fcc\u00fc Neden ve Nas\u0131l Ba\u015far\u0131l\u0131 Oldu? &#8211; Bahri Y\u0131lmaz Mutlu Olma Sanat\u0131 &#8211; Mert Can Duman Ziya Halis\u2019ten Yak\u0131n D\u00f6nem T\u00fcrkiye Panoramas\u0131: An\u0131larla M\u00fccadele Dolu Y\u0131llar\u0131m &#8211; Bayram Ali E\u015fiyok R\u00f6portaj: Dr. Yal\u0131n G\u00fcnd\u00fcz \u2013 G\u00fcl\u00e7in Elif Y\u00fccel<\/p>\n","protected":false},"excerpt":{"rendered":"<p>Bu say\u0131da: Dolarizasyonda Son Durum &#8211; Mahfi E\u011filmez T\u00fcrkiye\u2019de B\u00f6lge Planc\u0131lar\u0131n\u0131n Ya\u015fad\u0131\u011f\u0131 Doyumsuzluk A\u015f\u0131labilir mi? &#8211; \u0130lhan Tekeli Otoriter H\u00fck\u00fcmet ve Liderin Kar\u015f\u0131la\u015ft\u0131\u011f\u0131 \u0130kilemler \u00dczerine &#8211;<span class=\"excerpt-hellip\"> [\u2026]<\/span><\/p>\n","protected":false},"featured_media":0,"template":"","meta":{"_monsterinsights_skip_tracking":false,"_monsterinsights_sitenote_active":false,"_monsterinsights_sitenote_note":"","_monsterinsights_sitenote_category":0},"product_brand":[],"product_cat":[13527],"product_tag":[],"class_list":{"0":"post-761929","1":"product","2":"type-product","3":"status-publish","5":"product_cat-sureli-yayinlar","6":"pa_cilt-ciltsiz","7":"pa_tur-dergi","8":"pa_yayinevi-efil-yayinevi-dergi","9":"pa_yazar-kolektif","11":"first","12":"instock","13":"sale","14":"shipping-taxable","15":"purchasable","16":"product-type-simple"},"_links":{"self":[{"href":"https:\/\/roveyayinevi.com.tr\/index.php\/wp-json\/wp\/v2\/product\/761929","targetHints":{"allow":["GET"]}}],"collection":[{"href":"https:\/\/roveyayinevi.com.tr\/index.php\/wp-json\/wp\/v2\/product"}],"about":[{"href":"https:\/\/roveyayinevi.com.tr\/index.php\/wp-json\/wp\/v2\/types\/product"}],"wp:attachment":[{"href":"https:\/\/roveyayinevi.com.tr\/index.php\/wp-json\/wp\/v2\/media?parent=761929"}],"wp:term":[{"taxonomy":"product_brand","embeddable":true,"href":"https:\/\/roveyayinevi.com.tr\/index.php\/wp-json\/wp\/v2\/product_brand?post=761929"},{"taxonomy":"product_cat","embeddable":true,"href":"https:\/\/roveyayinevi.com.tr\/index.php\/wp-json\/wp\/v2\/product_cat?post=761929"},{"taxonomy":"product_tag","embeddable":true,"href":"https:\/\/roveyayinevi.com.tr\/index.php\/wp-json\/wp\/v2\/product_tag?post=761929"}],"curies":[{"name":"wp","href":"https:\/\/api.w.org\/{rel}","templated":true}]}}