{"id":761928,"date":"2025-08-28T09:52:05","date_gmt":"2025-08-28T06:52:05","guid":{"rendered":"https:\/\/roveyayinevi.com.tr\/index.php\/urun\/turkiye-filistin-hatti\/"},"modified":"2026-04-15T03:27:06","modified_gmt":"2026-04-15T00:27:06","slug":"turkiye-filistin-hatti","status":"publish","type":"product","link":"https:\/\/roveyayinevi.com.tr\/index.php\/urun\/turkiye-filistin-hatti\/","title":{"rendered":"T\u00fcrkiye-Filistin Hatt\u0131"},"content":{"rendered":"<p>\u201cYaz\u0131lar \u00e7a\u011fa tan\u0131kl\u0131\u011f\u0131m\u0131zd\u0131r&#8230;\u201d B\u00f6yle yaz\u0131yordu, yay\u0131nevimizin 2002 y\u0131l\u0131nda \u00e7\u0131kard\u0131\u011f\u0131 &#8220;T\u00fcrkiye-Filistin Hatt\u0131: Kad\u0131nlar Yazd\u0131&#8221; kitab\u0131n\u0131n \u00f6n s\u00f6z\u00fcnde. O g\u00fcnden beri \u015fahit olmaya devam etti\u011fimiz ve ge\u00e7en sekiz ayda son mertebe \u015fiddetlenen vah\u015feti yeni yaz\u0131larla kayda ge\u00e7irmek niyetimiz. G\u00f6rd\u00fcklerimizi, bildiklerimizi, hissettiklerimizi ya\u015fananlar\u0131n a\u011f\u0131rl\u0131\u011f\u0131n\u0131 kelimelere s\u0131\u011fd\u0131rmam\u0131z m\u00fcmk\u00fcn olmasa da yazmal\u0131, konu\u015fmal\u0131y\u0131z.75 y\u0131l\u0131 a\u015fk\u0131n bir s\u00fcredir i\u015fgal, zul\u00fcm ve insan haklar\u0131 ihlalleri ile kar\u015f\u0131 kar\u015f\u0131ya kalan Filistin\u2019de 7 Ekim 2023\u2019ten bu yana etnik temizlik, soyk\u0131r\u0131m ya\u015fan\u0131yor. Siyonist \u0130srail, ars\u0131zca ve aleni bir \u015fekilde soyk\u0131r\u0131m eylemlerine devam ederken, ABD ve Avrupa onu destekliyor. Bat\u0131 medyas\u0131 ve k\u00fclt\u00fcr end\u00fcstrileri; \u0130srail\u2019in kar\u015f\u0131s\u0131nda, Filistin\u2019in yan\u0131nda kim varsa onu susturma, sindirme \u00e7abas\u0131n\u0131 kararl\u0131l\u0131kla s\u00fcrd\u00fcr\u00fcyor. Bu noktada bizim de -her \u015fey net ve ortada olmas\u0131na ra\u011fmen- \u201c\u015fehrin \u00f6b\u00fcr ucundan ko\u015farak gelip\u201d \u0131srarla hakikati ifade etmemiz gerekiyor. Kim oldu\u011fumuz \u00f6nemli de\u011fil.\u00d6nemli olan hakikat&#8230; Filistin halk\u0131n\u0131n m\u00fccadelesine destek vermek ve adaletin sa\u011flanmas\u0131 i\u00e7in tepki g\u00f6stermek hepimizin sorumlulu\u011fudur. Bu y\u00fczden elinizdeki derleme eserde; yazar, \u015fair, akademisyen, m\u00fczisyen, gazeteci, doktor, psikolog, \u00e7evirmen, \u015fef, vaize gibi farkl\u0131 meslek mensubu \u00e7ok say\u0131da kad\u0131n\u0131n Filistin i\u00e7in y\u00fckselttikleri sesleri bir araya getirdik. <\/p>\n","protected":false},"excerpt":{"rendered":"<p>\u201cYaz\u0131lar \u00e7a\u011fa tan\u0131kl\u0131\u011f\u0131m\u0131zd\u0131r&#8230;\u201d B\u00f6yle yaz\u0131yordu, yay\u0131nevimizin 2002 y\u0131l\u0131nda \u00e7\u0131kard\u0131\u011f\u0131 &#8220;T\u00fcrkiye-Filistin Hatt\u0131: Kad\u0131nlar Yazd\u0131&#8221; kitab\u0131n\u0131n \u00f6n s\u00f6z\u00fcnde. O g\u00fcnden beri \u015fahit olmaya devam etti\u011fimiz ve ge\u00e7en sekiz<span class=\"excerpt-hellip\"> [\u2026]<\/span><\/p>\n","protected":false},"featured_media":0,"template":"","meta":{"_monsterinsights_skip_tracking":false,"_monsterinsights_sitenote_active":false,"_monsterinsights_sitenote_note":"","_monsterinsights_sitenote_category":0},"product_brand":[],"product_cat":[12777,12291],"product_tag":[],"class_list":{"0":"post-761928","1":"product","2":"type-product","3":"status-publish","5":"product_cat-deneme","6":"product_cat-edebiyat","7":"pa_cilt-ciltsiz","8":"pa_tur-kitap","9":"pa_yayinevi-profil-kitap","10":"pa_yazar-kolektif","12":"first","13":"instock","14":"sale","15":"shipping-taxable","16":"purchasable","17":"product-type-simple"},"_links":{"self":[{"href":"https:\/\/roveyayinevi.com.tr\/index.php\/wp-json\/wp\/v2\/product\/761928","targetHints":{"allow":["GET"]}}],"collection":[{"href":"https:\/\/roveyayinevi.com.tr\/index.php\/wp-json\/wp\/v2\/product"}],"about":[{"href":"https:\/\/roveyayinevi.com.tr\/index.php\/wp-json\/wp\/v2\/types\/product"}],"wp:attachment":[{"href":"https:\/\/roveyayinevi.com.tr\/index.php\/wp-json\/wp\/v2\/media?parent=761928"}],"wp:term":[{"taxonomy":"product_brand","embeddable":true,"href":"https:\/\/roveyayinevi.com.tr\/index.php\/wp-json\/wp\/v2\/product_brand?post=761928"},{"taxonomy":"product_cat","embeddable":true,"href":"https:\/\/roveyayinevi.com.tr\/index.php\/wp-json\/wp\/v2\/product_cat?post=761928"},{"taxonomy":"product_tag","embeddable":true,"href":"https:\/\/roveyayinevi.com.tr\/index.php\/wp-json\/wp\/v2\/product_tag?post=761928"}],"curies":[{"name":"wp","href":"https:\/\/api.w.org\/{rel}","templated":true}]}}