{"id":761926,"date":"2025-08-28T09:52:00","date_gmt":"2025-08-28T06:52:00","guid":{"rendered":"https:\/\/roveyayinevi.com.tr\/index.php\/urun\/aydinlanma-degil-merhamet\/"},"modified":"2025-11-21T10:35:00","modified_gmt":"2025-11-21T07:35:00","slug":"aydinlanma-degil-merhamet","status":"publish","type":"product","link":"https:\/\/roveyayinevi.com.tr\/index.php\/urun\/aydinlanma-degil-merhamet\/","title":{"rendered":"Ayd\u0131nlanma  De\u011fil Merhamet!"},"content":{"rendered":"<p>Rusya, Rusya! \u00c7\u0131kar\u0131p atmak istedi\u011fim bir mi\u011ffer gibisin ba\u015f\u0131mda!&#8221;Bir sabah uyan\u0131yorsunuz ve yoksunuz. Aynaya bak\u0131yorsunuz, y\u00fcz\u00fcn\u00fcz ayn\u0131 y\u00fcz, elleriniz ayn\u0131 eller&#8230; Bedeninizi yokluyorsunuz, orada duruyor&#8230; Ama siz h\u00fck\u00fcms\u00fczle\u015ftirilmi\u015fsiniz, yoksunuz&#8230; Tap\u0131nd\u0131\u011f\u0131n\u0131z Allah&#8217;\u0131n kitab\u0131 da dahil olmak \u00fczere her \u015fey, herkes de\u011fi\u015fmi\u015f, tan\u0131m\u0131yorsunuz&#8230; Rusya&#8217;ya ve bana b\u00f6yle oldu.&#8221;Gogol&#8217;un \u0130zinde d\u00f6rtl\u00fcs\u00fcn\u00fcn Rus kahraman\u0131, Prens Aleksi Kristovovi\u00e7 Zelenski&#8217;nin dedi\u011fi gibi: &#8220;Dirili\u015f, ancak isteniyorsa ger\u00e7ekle\u015febilir; ancak o zaman m\u00fcmk\u00fcnd\u00fcr.&#8221;<\/p>\n","protected":false},"excerpt":{"rendered":"<p>Rusya, Rusya! \u00c7\u0131kar\u0131p atmak istedi\u011fim bir mi\u011ffer gibisin ba\u015f\u0131mda!&#8221;Bir sabah uyan\u0131yorsunuz ve yoksunuz. Aynaya bak\u0131yorsunuz, y\u00fcz\u00fcn\u00fcz ayn\u0131 y\u00fcz, elleriniz ayn\u0131 eller&#8230; Bedeninizi yokluyorsunuz, orada duruyor&#8230; Ama<span class=\"excerpt-hellip\"> [\u2026]<\/span><\/p>\n","protected":false},"featured_media":0,"template":"","meta":{"_monsterinsights_skip_tracking":false,"_monsterinsights_sitenote_active":false,"_monsterinsights_sitenote_note":"","_monsterinsights_sitenote_category":0},"product_brand":[],"product_cat":[12291,12711],"product_tag":[],"class_list":{"0":"post-761926","1":"product","2":"type-product","3":"status-publish","5":"product_cat-edebiyat","6":"product_cat-roman-oyku","7":"pa_cilt-ciltsiz","8":"pa_tur-kitap","9":"pa_yayinevi-kapi-yayinlari","10":"pa_yazar-alev-alatli","12":"first","13":"instock","14":"sale","15":"shipping-taxable","16":"purchasable","17":"product-type-simple"},"_links":{"self":[{"href":"https:\/\/roveyayinevi.com.tr\/index.php\/wp-json\/wp\/v2\/product\/761926","targetHints":{"allow":["GET"]}}],"collection":[{"href":"https:\/\/roveyayinevi.com.tr\/index.php\/wp-json\/wp\/v2\/product"}],"about":[{"href":"https:\/\/roveyayinevi.com.tr\/index.php\/wp-json\/wp\/v2\/types\/product"}],"wp:attachment":[{"href":"https:\/\/roveyayinevi.com.tr\/index.php\/wp-json\/wp\/v2\/media?parent=761926"}],"wp:term":[{"taxonomy":"product_brand","embeddable":true,"href":"https:\/\/roveyayinevi.com.tr\/index.php\/wp-json\/wp\/v2\/product_brand?post=761926"},{"taxonomy":"product_cat","embeddable":true,"href":"https:\/\/roveyayinevi.com.tr\/index.php\/wp-json\/wp\/v2\/product_cat?post=761926"},{"taxonomy":"product_tag","embeddable":true,"href":"https:\/\/roveyayinevi.com.tr\/index.php\/wp-json\/wp\/v2\/product_tag?post=761926"}],"curies":[{"name":"wp","href":"https:\/\/api.w.org\/{rel}","templated":true}]}}