{"id":761924,"date":"2025-08-28T09:51:56","date_gmt":"2025-08-28T06:51:56","guid":{"rendered":"https:\/\/roveyayinevi.com.tr\/index.php\/urun\/afacan-besler-karavan-tatilinde\/"},"modified":"2026-04-15T03:27:06","modified_gmt":"2026-04-15T00:27:06","slug":"afacan-besler-karavan-tatilinde","status":"publish","type":"product","link":"https:\/\/roveyayinevi.com.tr\/index.php\/urun\/afacan-besler-karavan-tatilinde\/","title":{"rendered":"Afacan Be\u015fler- Karavan Tatilinde"},"content":{"rendered":"<p>Enid Blyton\u2019\u0131n \u00fcnl\u00fc serisi Afacan Be\u015fler, serinin 5. Kitab\u0131 Afacan Be\u015fler- Karavan Tatilinde ile devam ediyor. 9 ya\u015f ve \u00fcst\u00fc okurlar i\u00e7in uygun olan bu serinin \u00fcnl\u00fc ekibi Afacan Be\u015fler, lider \u00f6zellikleri ta\u015f\u0131yan zeki Julian, e\u011flenceye bay\u0131lan macerac\u0131 Dick, nazik ve koruyucu Ann, korkusuz k\u00e2\u015fif George ile cesur ve sad\u0131k k\u00f6pek Timmy\u2019den olu\u015fuyor. Bu kitapta Afacan Bes\u0327ler ailelerini ikna ediyorlar ve yaln\u0131z ba\u015flar\u0131na karavanla tatile \u00e7\u0131k\u0131yorlar. \u00dcstelik karavanlar\u0131n\u0131 bir sirkin yan\u0131na park ediyorlar. Burada kald\u0131klar\u0131 s\u00fcre boyunca ekip,  sirkte \u00e7al\u0131\u015fan \u00e7ocuk Nobby ve sevimli \u015fempanzesiyle tan\u0131\u015f\u0131yor. Fakat \u00e7evredeki sirk \u00e7al\u0131\u015fanlar\u0131ndan ikisi onlara kar\u015f\u0131 son derece tuhaf davran\u0131yor. Afacan Be\u015fler orada istenmediklerini fark edince nefes kesici bir macera ba\u015fl\u0131yor! <\/p>\n","protected":false},"excerpt":{"rendered":"<p>Enid Blyton\u2019\u0131n \u00fcnl\u00fc serisi Afacan Be\u015fler, serinin 5. Kitab\u0131 Afacan Be\u015fler- Karavan Tatilinde ile devam ediyor. 9 ya\u015f ve \u00fcst\u00fc okurlar i\u00e7in uygun olan bu serinin<span class=\"excerpt-hellip\"> [\u2026]<\/span><\/p>\n","protected":false},"featured_media":0,"template":"","meta":{"_monsterinsights_skip_tracking":false,"_monsterinsights_sitenote_active":false,"_monsterinsights_sitenote_note":"","_monsterinsights_sitenote_category":0},"product_brand":[],"product_cat":[12275,12274],"product_tag":[],"class_list":{"0":"post-761924","1":"product","2":"type-product","3":"status-publish","5":"product_cat-6-12-yas-kitaplari","6":"product_cat-cocuk-ve-genclik-kitaplari","7":"pa_cilt-ciltsiz","8":"pa_tur-kitap","9":"pa_yayinevi-redhouse-kidz-yayinlari","10":"pa_yazar-enid-blyton","12":"first","13":"instock","14":"sale","15":"shipping-taxable","16":"purchasable","17":"product-type-simple"},"_links":{"self":[{"href":"https:\/\/roveyayinevi.com.tr\/index.php\/wp-json\/wp\/v2\/product\/761924","targetHints":{"allow":["GET"]}}],"collection":[{"href":"https:\/\/roveyayinevi.com.tr\/index.php\/wp-json\/wp\/v2\/product"}],"about":[{"href":"https:\/\/roveyayinevi.com.tr\/index.php\/wp-json\/wp\/v2\/types\/product"}],"wp:attachment":[{"href":"https:\/\/roveyayinevi.com.tr\/index.php\/wp-json\/wp\/v2\/media?parent=761924"}],"wp:term":[{"taxonomy":"product_brand","embeddable":true,"href":"https:\/\/roveyayinevi.com.tr\/index.php\/wp-json\/wp\/v2\/product_brand?post=761924"},{"taxonomy":"product_cat","embeddable":true,"href":"https:\/\/roveyayinevi.com.tr\/index.php\/wp-json\/wp\/v2\/product_cat?post=761924"},{"taxonomy":"product_tag","embeddable":true,"href":"https:\/\/roveyayinevi.com.tr\/index.php\/wp-json\/wp\/v2\/product_tag?post=761924"}],"curies":[{"name":"wp","href":"https:\/\/api.w.org\/{rel}","templated":true}]}}