{"id":761922,"date":"2025-08-28T09:51:52","date_gmt":"2025-08-28T06:51:52","guid":{"rendered":"https:\/\/roveyayinevi.com.tr\/index.php\/urun\/amida-ana-2\/"},"modified":"2026-04-15T03:27:06","modified_gmt":"2026-04-15T00:27:06","slug":"amida-ana-2","status":"publish","type":"product","link":"https:\/\/roveyayinevi.com.tr\/index.php\/urun\/amida-ana-2\/","title":{"rendered":"Amida  Ana"},"content":{"rendered":"<p>Diyarbak\u0131r\u2019da ge\u00e7en halk hik\u00e2yelerini \u00e7ocuklar i\u00e7in yazan \u015eeyhmus Diken, Amida Ana\u2019y\u0131 sizlerle bulu\u015fturuyor. Sayfalar\u0131 \u00e7evirdik\u00e7e gezginin pe\u015fine d\u00fc\u015f\u00fcp Diyarbak\u0131r\u2019\u0131n co\u011frafyas\u0131n\u0131 gezeceksiniz. Yolda bazen \u00f6fkeli ejderhalara, ak\u015famlar\u0131 toplan\u0131p kentin sorunlar\u0131na \u00e7\u00f6z\u00fcm arayan kedilere, dileklerini bir k\u00e2\u011f\u0131da yaz\u0131p nehre atan insanlara rastlayacaks\u0131n\u0131z\u2026 \u015eeyhmus Diken, sizleri Diyarbak\u0131r\u2019\u0131n ola\u011fan\u00fcst\u00fc d\u00fcnyas\u0131na \u00e7a\u011f\u0131r\u0131yor. <\/p>\n","protected":false},"excerpt":{"rendered":"<p>Diyarbak\u0131r\u2019da ge\u00e7en halk hik\u00e2yelerini \u00e7ocuklar i\u00e7in yazan \u015eeyhmus Diken, Amida Ana\u2019y\u0131 sizlerle bulu\u015fturuyor. Sayfalar\u0131 \u00e7evirdik\u00e7e gezginin pe\u015fine d\u00fc\u015f\u00fcp Diyarbak\u0131r\u2019\u0131n co\u011frafyas\u0131n\u0131 gezeceksiniz. Yolda bazen \u00f6fkeli ejderhalara, ak\u015famlar\u0131<span class=\"excerpt-hellip\"> [\u2026]<\/span><\/p>\n","protected":false},"featured_media":0,"template":"","meta":{"_monsterinsights_skip_tracking":false,"_monsterinsights_sitenote_active":false,"_monsterinsights_sitenote_note":"","_monsterinsights_sitenote_category":0},"product_brand":[],"product_cat":[12274,12284],"product_tag":[],"class_list":{"0":"post-761922","1":"product","2":"type-product","3":"status-publish","5":"product_cat-cocuk-ve-genclik-kitaplari","6":"product_cat-hikayeler","7":"pa_cilt-ciltsiz","8":"pa_tur-kitap","9":"pa_yayinevi-everest-yayinlari","10":"pa_yazar-seyhmus-diken","12":"first","13":"instock","14":"sale","15":"shipping-taxable","16":"purchasable","17":"product-type-simple"},"_links":{"self":[{"href":"https:\/\/roveyayinevi.com.tr\/index.php\/wp-json\/wp\/v2\/product\/761922","targetHints":{"allow":["GET"]}}],"collection":[{"href":"https:\/\/roveyayinevi.com.tr\/index.php\/wp-json\/wp\/v2\/product"}],"about":[{"href":"https:\/\/roveyayinevi.com.tr\/index.php\/wp-json\/wp\/v2\/types\/product"}],"wp:attachment":[{"href":"https:\/\/roveyayinevi.com.tr\/index.php\/wp-json\/wp\/v2\/media?parent=761922"}],"wp:term":[{"taxonomy":"product_brand","embeddable":true,"href":"https:\/\/roveyayinevi.com.tr\/index.php\/wp-json\/wp\/v2\/product_brand?post=761922"},{"taxonomy":"product_cat","embeddable":true,"href":"https:\/\/roveyayinevi.com.tr\/index.php\/wp-json\/wp\/v2\/product_cat?post=761922"},{"taxonomy":"product_tag","embeddable":true,"href":"https:\/\/roveyayinevi.com.tr\/index.php\/wp-json\/wp\/v2\/product_tag?post=761922"}],"curies":[{"name":"wp","href":"https:\/\/api.w.org\/{rel}","templated":true}]}}