{"id":761919,"date":"2025-08-28T09:51:48","date_gmt":"2025-08-28T06:51:48","guid":{"rendered":"https:\/\/roveyayinevi.com.tr\/index.php\/urun\/zamanin-kiyisinda\/"},"modified":"2026-04-15T03:27:06","modified_gmt":"2026-04-15T00:27:06","slug":"zamanin-kiyisinda","status":"publish","type":"product","link":"https:\/\/roveyayinevi.com.tr\/index.php\/urun\/zamanin-kiyisinda\/","title":{"rendered":"Zaman\u0131n K\u0131y\u0131s\u0131nda"},"content":{"rendered":"<p>Dan Hooper zaman makinesini kuruyor ve bizleri evrenin k\u00f6keni hakk\u0131nda ak\u0131l s\u0131n\u0131rlar\u0131m\u0131z\u0131 zorlayan bir gezintiye \u00e7\u0131kar\u0131yor. Zaman makinesi Big Bang ile beraber \u00e7al\u0131\u015fmaya ba\u015fl\u0131yor. \u0130\u015fte, bilim d\u00fcnyas\u0131 i\u00e7in h\u00e2l\u00e2 gizemini koruyan ilk birka\u00e7 saniye g\u00f6zlerimizin \u00f6n\u00fcnde.  Big Bang\u2019\u0131 izleyen ilk anlar\u0131 \u00e7evreleyen gizemlerle bo\u011fu\u015fan Zaman\u0131n K\u0131y\u0131s\u0131nda, evrenimiz ve k\u00f6keni hakk\u0131nda gelecek nesil gen\u00e7 bilim insanlar\u0131na ilham verecek bir ara\u015ft\u0131rma sunuyor. Hooper; Big Bang teorisi, karanl\u0131k madde, karanl\u0131k enerji ve yer \u00e7ekimi dalgalar\u0131n\u0131n e\u015fli\u011finde hepimizi bu heyecan verici yolculu\u011fa \u00e7\u0131karmakla kalmay\u0131p evrenimizin ilk saniyelerine ili\u015fkin ya\u015fad\u0131\u011f\u0131 gizemli co\u015fkuyu biz okuyuculara bula\u015ft\u0131r\u0131yor. <\/p>\n","protected":false},"excerpt":{"rendered":"<p>Dan Hooper zaman makinesini kuruyor ve bizleri evrenin k\u00f6keni hakk\u0131nda ak\u0131l s\u0131n\u0131rlar\u0131m\u0131z\u0131 zorlayan bir gezintiye \u00e7\u0131kar\u0131yor. Zaman makinesi Big Bang ile beraber \u00e7al\u0131\u015fmaya ba\u015fl\u0131yor. \u0130\u015fte, bilim<span class=\"excerpt-hellip\"> [\u2026]<\/span><\/p>\n","protected":false},"featured_media":0,"template":"","meta":{"_monsterinsights_skip_tracking":false,"_monsterinsights_sitenote_active":false,"_monsterinsights_sitenote_note":"","_monsterinsights_sitenote_category":0},"product_brand":[],"product_cat":[13005],"product_tag":[],"class_list":{"0":"post-761919","1":"product","2":"type-product","3":"status-publish","5":"product_cat-bilim-muhendislik","6":"pa_cilt-ciltsiz","7":"pa_tur-kitap","8":"pa_yayinevi-gumbel-yayim","9":"pa_yazar-dan-hooper","11":"first","12":"instock","13":"sale","14":"shipping-taxable","15":"purchasable","16":"product-type-simple"},"_links":{"self":[{"href":"https:\/\/roveyayinevi.com.tr\/index.php\/wp-json\/wp\/v2\/product\/761919","targetHints":{"allow":["GET"]}}],"collection":[{"href":"https:\/\/roveyayinevi.com.tr\/index.php\/wp-json\/wp\/v2\/product"}],"about":[{"href":"https:\/\/roveyayinevi.com.tr\/index.php\/wp-json\/wp\/v2\/types\/product"}],"wp:attachment":[{"href":"https:\/\/roveyayinevi.com.tr\/index.php\/wp-json\/wp\/v2\/media?parent=761919"}],"wp:term":[{"taxonomy":"product_brand","embeddable":true,"href":"https:\/\/roveyayinevi.com.tr\/index.php\/wp-json\/wp\/v2\/product_brand?post=761919"},{"taxonomy":"product_cat","embeddable":true,"href":"https:\/\/roveyayinevi.com.tr\/index.php\/wp-json\/wp\/v2\/product_cat?post=761919"},{"taxonomy":"product_tag","embeddable":true,"href":"https:\/\/roveyayinevi.com.tr\/index.php\/wp-json\/wp\/v2\/product_tag?post=761919"}],"curies":[{"name":"wp","href":"https:\/\/api.w.org\/{rel}","templated":true}]}}