{"id":761918,"date":"2025-08-28T09:51:45","date_gmt":"2025-08-28T06:51:45","guid":{"rendered":"https:\/\/roveyayinevi.com.tr\/index.php\/urun\/dil-cikarma-gunu\/"},"modified":"2026-04-15T03:27:06","modified_gmt":"2026-04-15T00:27:06","slug":"dil-cikarma-gunu","status":"publish","type":"product","link":"https:\/\/roveyayinevi.com.tr\/index.php\/urun\/dil-cikarma-gunu\/","title":{"rendered":"Dil \u00c7\u0131karma G\u00fcn\u00fc"},"content":{"rendered":"<p>Ben Sinan, yani Mine! \u0130\u015fte, bu evde yeni kimli\u011fim ve eski ki\u015fili\u011fimle\u2026 Sanki Mine\u2019yle yani Sinan\u2019la aynalar\u0131m\u0131z\u0131 de\u011fi\u015fmi\u015f gibiyiz. E\u015fleri birbirine benzetmek, a\u015fina bir y\u00fcz\u00fc kendi bedeninde bir sabah ans\u0131z\u0131n bulmak nas\u0131l bir zihin karma\u015fas\u0131? San\u0131r\u0131m bu s\u00fcre\u00e7te ya\u015fad\u0131\u011f\u0131m\u0131z en b\u00fcy\u00fck s\u0131k\u0131nt\u0131 birbirimize yanl\u0131\u015f isimle seslenmek olacak.   \u0130ki ay aradan sonra bug\u00fcn Nazl\u0131 ile ayn\u0131 odada bulu\u015ftuk. Nazl\u0131 bu durumu fazla yad\u0131rgamad\u0131. Bekledi\u011fimizden daha olgun bir tav\u0131r sergiledi. Belki y\u00fczlerimiz birbirine \u00e7ok benzedi\u011fi i\u00e7in belki de Yeni Kimlik Rehabilitasyon Merkezi i\u015fini(!) \u00e7ok iyi yap\u0131yor. Ben Mine, yani Sinan!   Kendime seslenmi\u015f gibi oluyorum r\u00fcyalar\u0131mda. Uyand\u0131\u011f\u0131mda ise bir aynaya bak\u0131yorum gibi yast\u0131k g\u00fcn \u0131\u015f\u0131\u011f\u0131yla a\u011fard\u0131\u011f\u0131nda. \u0130nsan kendinin nas\u0131l aynas\u0131 olabilir, diyorum. Ben Sinan, yani Mine\u2026 <\/p>\n","protected":false},"excerpt":{"rendered":"<p>Ben Sinan, yani Mine! \u0130\u015fte, bu evde yeni kimli\u011fim ve eski ki\u015fili\u011fimle\u2026 Sanki Mine\u2019yle yani Sinan\u2019la aynalar\u0131m\u0131z\u0131 de\u011fi\u015fmi\u015f gibiyiz. E\u015fleri birbirine benzetmek, a\u015fina bir y\u00fcz\u00fc kendi<span class=\"excerpt-hellip\"> [\u2026]<\/span><\/p>\n","protected":false},"featured_media":0,"template":"","meta":{"_monsterinsights_skip_tracking":false,"_monsterinsights_sitenote_active":false,"_monsterinsights_sitenote_note":"","_monsterinsights_sitenote_category":0},"product_brand":[],"product_cat":[12291,18202],"product_tag":[],"class_list":{"0":"post-761918","1":"product","2":"type-product","3":"status-publish","5":"product_cat-edebiyat","6":"product_cat-hikaye","7":"pa_cilt-ciltsiz","8":"pa_tur-kitap","9":"pa_yayinevi-medakitap-yayinlari","10":"pa_yazar-beytullah-kilic","12":"first","13":"instock","14":"sale","15":"shipping-taxable","16":"purchasable","17":"product-type-simple"},"_links":{"self":[{"href":"https:\/\/roveyayinevi.com.tr\/index.php\/wp-json\/wp\/v2\/product\/761918","targetHints":{"allow":["GET"]}}],"collection":[{"href":"https:\/\/roveyayinevi.com.tr\/index.php\/wp-json\/wp\/v2\/product"}],"about":[{"href":"https:\/\/roveyayinevi.com.tr\/index.php\/wp-json\/wp\/v2\/types\/product"}],"wp:attachment":[{"href":"https:\/\/roveyayinevi.com.tr\/index.php\/wp-json\/wp\/v2\/media?parent=761918"}],"wp:term":[{"taxonomy":"product_brand","embeddable":true,"href":"https:\/\/roveyayinevi.com.tr\/index.php\/wp-json\/wp\/v2\/product_brand?post=761918"},{"taxonomy":"product_cat","embeddable":true,"href":"https:\/\/roveyayinevi.com.tr\/index.php\/wp-json\/wp\/v2\/product_cat?post=761918"},{"taxonomy":"product_tag","embeddable":true,"href":"https:\/\/roveyayinevi.com.tr\/index.php\/wp-json\/wp\/v2\/product_tag?post=761918"}],"curies":[{"name":"wp","href":"https:\/\/api.w.org\/{rel}","templated":true}]}}