{"id":761917,"date":"2025-08-28T09:51:44","date_gmt":"2025-08-28T06:51:44","guid":{"rendered":"https:\/\/roveyayinevi.com.tr\/index.php\/urun\/paul-feyerabendin-bilim-anlayislarina-elestirileri\/"},"modified":"2026-04-15T03:27:06","modified_gmt":"2026-04-15T00:27:06","slug":"paul-feyerabendin-bilim-anlayislarina-elestirileri","status":"publish","type":"product","link":"https:\/\/roveyayinevi.com.tr\/index.php\/urun\/paul-feyerabendin-bilim-anlayislarina-elestirileri\/","title":{"rendered":"Paul Feyerabend\u2019in Bilim Anlay\u0131\u015flar\u0131na Ele\u015ftirileri"},"content":{"rendered":"<p>Bu kitapta, Feyerabend\u2019in bilim felsefesi yakla\u015f\u0131m\u0131, kendisinden \u00f6nceki bilim anlay\u0131\u015flar\u0131na y\u00f6nelik ele\u015ftirileri ve \u00f6ne s\u00fcrd\u00fc\u011f\u00fc d\u00fc\u015f\u00fcnceleri ele al\u0131narak Feyerabend\u2019in bilim ile bilimci yakla\u015f\u0131mlara ele\u015ftirilerinin fikri temelleri ve kendi bilim anlay\u0131\u015f\u0131 serimlenmeye \u00e7al\u0131\u015f\u0131lm\u0131\u015ft\u0131r.   Tarihsel ve kavramsal arka plan\u0131 daha iyi anlayabilmek, Feyerabend\u2019in d\u00fc\u015f\u00fcncelerini daha sa\u011flam bir \u015fekilde konumland\u0131rabilmek i\u00e7in 20. y\u00fczy\u0131l bilim felsefesi anlay\u0131\u015flar\u0131na genel bir bak\u0131\u015fta bulunulmu\u015ftur. Feyerabend\u2019in ele\u015ftirilerini, bir anlamda hareket noktas\u0131n\u0131 daha iyi ortaya koyabilmek i\u00e7in, tenkit etti\u011fi d\u00fc\u015f\u00fcn\u00fcrlerin g\u00f6r\u00fc\u015fleri incelenmi\u015ftir. Bu do\u011frultuda da, 20. y\u00fczy\u0131lda \u00f6ne \u00e7\u0131kan bilim anlay\u0131\u015flar\u0131na y\u00f6n veren temel yakla\u015f\u0131mlara ve d\u00fc\u015f\u00fcn\u00fcrlere; Viyana \u00c7evresi\u2019nin bilim anlay\u0131\u015f\u0131na ve daha sonra da s\u0131ras\u0131yla Popper, Kuhn ve Lakatos\u2019un bilim anlay\u0131\u015flar\u0131n\u0131n \u00f6ne \u00e7\u0131kan ana hatlar\u0131na de\u011finilmi\u015ftir. <\/p>\n","protected":false},"excerpt":{"rendered":"<p>Bu kitapta, Feyerabend\u2019in bilim felsefesi yakla\u015f\u0131m\u0131, kendisinden \u00f6nceki bilim anlay\u0131\u015flar\u0131na y\u00f6nelik ele\u015ftirileri ve \u00f6ne s\u00fcrd\u00fc\u011f\u00fc d\u00fc\u015f\u00fcnceleri ele al\u0131narak Feyerabend\u2019in bilim ile bilimci yakla\u015f\u0131mlara ele\u015ftirilerinin fikri temelleri<span class=\"excerpt-hellip\"> [\u2026]<\/span><\/p>\n","protected":false},"featured_media":0,"template":"","meta":{"_monsterinsights_skip_tracking":false,"_monsterinsights_sitenote_active":false,"_monsterinsights_sitenote_note":"","_monsterinsights_sitenote_category":0},"product_brand":[],"product_cat":[12388],"product_tag":[],"class_list":{"0":"post-761917","1":"product","2":"type-product","3":"status-publish","5":"product_cat-felsefe","6":"pa_cilt-ciltsiz","7":"pa_tur-kitap","8":"pa_yayinevi-aktif-yayinevi","9":"pa_yazar-oznur-selen-kemaloglu","11":"first","12":"instock","13":"sale","14":"shipping-taxable","15":"purchasable","16":"product-type-simple"},"_links":{"self":[{"href":"https:\/\/roveyayinevi.com.tr\/index.php\/wp-json\/wp\/v2\/product\/761917","targetHints":{"allow":["GET"]}}],"collection":[{"href":"https:\/\/roveyayinevi.com.tr\/index.php\/wp-json\/wp\/v2\/product"}],"about":[{"href":"https:\/\/roveyayinevi.com.tr\/index.php\/wp-json\/wp\/v2\/types\/product"}],"wp:attachment":[{"href":"https:\/\/roveyayinevi.com.tr\/index.php\/wp-json\/wp\/v2\/media?parent=761917"}],"wp:term":[{"taxonomy":"product_brand","embeddable":true,"href":"https:\/\/roveyayinevi.com.tr\/index.php\/wp-json\/wp\/v2\/product_brand?post=761917"},{"taxonomy":"product_cat","embeddable":true,"href":"https:\/\/roveyayinevi.com.tr\/index.php\/wp-json\/wp\/v2\/product_cat?post=761917"},{"taxonomy":"product_tag","embeddable":true,"href":"https:\/\/roveyayinevi.com.tr\/index.php\/wp-json\/wp\/v2\/product_tag?post=761917"}],"curies":[{"name":"wp","href":"https:\/\/api.w.org\/{rel}","templated":true}]}}