{"id":761915,"date":"2025-08-28T09:51:40","date_gmt":"2025-08-28T06:51:40","guid":{"rendered":"https:\/\/roveyayinevi.com.tr\/index.php\/urun\/yurumek-3\/"},"modified":"2026-04-15T03:27:06","modified_gmt":"2026-04-15T00:27:06","slug":"yurumek-3","status":"publish","type":"product","link":"https:\/\/roveyayinevi.com.tr\/index.php\/urun\/yurumek-3\/","title":{"rendered":"Y\u00fcr\u00fcmek"},"content":{"rendered":"<p>Y\u00fcr\u00fcyorum S\u0131rma sa\u00e7l\u0131lar ge\u00e7iyor yan\u0131mdan G\u00fcl kokulu ak\u015famlar ge\u00e7iyor A\u015fka uyanan sabahlar\u0131 g\u00f6r\u00fcyorum   Y\u00fcr\u00fcyorum Ellerin yok kald\u0131r\u0131mlar\u0131nda Boyal\u0131 kafalar ge\u00e7iyor yan\u0131mdan Ya\u011fmura hasret a\u011fa\u00e7lar g\u00f6r\u00fcyorum   Y\u00fcr\u00fcyorum Ads\u0131z ezgiler yal\u0131yor kula\u011f\u0131m\u0131 Resimler \u00e7al\u0131yor g\u00f6zlerimi Camek\u00e2nda bitiyor ayaklar\u0131m   Y\u00fcr\u00fcyorum A\u00e7 \u00e7ocuklar g\u00f6r\u00fcyorum S\u00fct emziren anneler Y\u0131rt\u0131k pantolonlu gen\u00e7ler g\u00f6r\u00fcyorum <\/p>\n","protected":false},"excerpt":{"rendered":"<p>Y\u00fcr\u00fcyorum S\u0131rma sa\u00e7l\u0131lar ge\u00e7iyor yan\u0131mdan G\u00fcl kokulu ak\u015famlar ge\u00e7iyor A\u015fka uyanan sabahlar\u0131 g\u00f6r\u00fcyorum Y\u00fcr\u00fcyorum Ellerin yok kald\u0131r\u0131mlar\u0131nda Boyal\u0131 kafalar ge\u00e7iyor yan\u0131mdan Ya\u011fmura hasret a\u011fa\u00e7lar g\u00f6r\u00fcyorum Y\u00fcr\u00fcyorum<span class=\"excerpt-hellip\"> [\u2026]<\/span><\/p>\n","protected":false},"featured_media":0,"template":"","meta":{"_monsterinsights_skip_tracking":false,"_monsterinsights_sitenote_active":false,"_monsterinsights_sitenote_note":"","_monsterinsights_sitenote_category":0},"product_brand":[],"product_cat":[12291,12509],"product_tag":[],"class_list":{"0":"post-761915","1":"product","2":"type-product","3":"status-publish","5":"product_cat-edebiyat","6":"product_cat-siir","7":"pa_cilt-ciltsiz","8":"pa_tur-kitap","9":"pa_yayinevi-sinirsiz-kitap","10":"pa_yazar-ibrahim-halil-akkas","12":"first","13":"instock","14":"sale","15":"shipping-taxable","16":"purchasable","17":"product-type-simple"},"_links":{"self":[{"href":"https:\/\/roveyayinevi.com.tr\/index.php\/wp-json\/wp\/v2\/product\/761915","targetHints":{"allow":["GET"]}}],"collection":[{"href":"https:\/\/roveyayinevi.com.tr\/index.php\/wp-json\/wp\/v2\/product"}],"about":[{"href":"https:\/\/roveyayinevi.com.tr\/index.php\/wp-json\/wp\/v2\/types\/product"}],"wp:attachment":[{"href":"https:\/\/roveyayinevi.com.tr\/index.php\/wp-json\/wp\/v2\/media?parent=761915"}],"wp:term":[{"taxonomy":"product_brand","embeddable":true,"href":"https:\/\/roveyayinevi.com.tr\/index.php\/wp-json\/wp\/v2\/product_brand?post=761915"},{"taxonomy":"product_cat","embeddable":true,"href":"https:\/\/roveyayinevi.com.tr\/index.php\/wp-json\/wp\/v2\/product_cat?post=761915"},{"taxonomy":"product_tag","embeddable":true,"href":"https:\/\/roveyayinevi.com.tr\/index.php\/wp-json\/wp\/v2\/product_tag?post=761915"}],"curies":[{"name":"wp","href":"https:\/\/api.w.org\/{rel}","templated":true}]}}