{"id":761905,"date":"2025-08-28T09:51:22","date_gmt":"2025-08-28T06:51:22","guid":{"rendered":"https:\/\/roveyayinevi.com.tr\/index.php\/urun\/annesinden-kopamayan-erkekler\/"},"modified":"2026-04-15T03:27:05","modified_gmt":"2026-04-15T00:27:05","slug":"annesinden-kopamayan-erkekler","status":"publish","type":"product","link":"https:\/\/roveyayinevi.com.tr\/index.php\/urun\/annesinden-kopamayan-erkekler\/","title":{"rendered":"Annesinden Kopamayan Erkekler"},"content":{"rendered":"<p>Neden bana ba\u011flanam\u0131yor? Pek \u00e7ok kad\u0131n ili\u015fki istemeyen, \u00e7apk\u0131nl\u0131k yapmay\u0131 b\u0131rakmayan veya seks ba\u011f\u0131ml\u0131l\u0131\u011f\u0131ndan vazge\u00e7meyi reddeden bir erke\u011fe \u00e2\u015f\u0131k oldu\u011funda kendini bu soruyu sorarken bulur. Annelerine y\u00f6nelik a\u015f\u0131r\u0131 ve dolay\u0131s\u0131yla sa\u011fl\u0131ks\u0131z duygusal ba\u011flar\u0131 olan erkekler, kendi isteklerini yerine getirmeye ve ya\u015famlar\u0131n\u0131 s\u00fcrd\u00fcrmeye \u00e7al\u0131\u015f\u0131rken kendilerini kapana k\u0131s\u0131lm\u0131\u015f, su\u00e7lu ve vefas\u0131z hissederler. Dolay\u0131s\u0131yla ba\u011flanmak onlar i\u00e7in korkutucudur. Bu t\u00fcr erkekleri seven kad\u0131nlar, genellikle sevgililerinin fl\u00f6rt s\u00fcrecinde sadece belirli bir yak\u0131nl\u0131k kurup, orada tak\u0131l\u0131p kalmalar\u0131ndan dolay\u0131 hayal k\u0131r\u0131kl\u0131\u011f\u0131na u\u011frarlar. \u0130li\u015fkinin ba\u015flang\u0131c\u0131nda bu erkekler, \u00e7ok sevgi dolu ve d\u00fc\u015f\u00fcncelidirler fakat sonra aniden aradaki ba\u011f t\u00fcm canl\u0131l\u0131\u011f\u0131n\u0131 yitirir. Geri \u00e7ekilirler ve nedenini a\u00e7\u0131klamazlar. Ba\u011flanmazlar. Klinik psikolog Dr. Kenneth M. Adams, bu kitapta i\u00e7 i\u00e7e ge\u00e7mi\u015f anne-o\u011ful ili\u015fkilerinin etkilerini a\u00e7\u0131klamak i\u00e7in kli\u015fe \u00f6rneklerin \u00f6tesine ge\u00e7iyor. Yirmi be\u015f y\u0131ll\u0131k meslek hayat\u0131 boyunca bu tuza\u011fa d\u00fc\u015fm\u00fc\u015f y\u00fczlerce erke\u011fi ba\u015far\u0131yla tedavi eden Adams, bu bilgilendirici rehberde onlar\u0131n hik\u00e2yelerini payla\u015f\u0131yor. Annelerinden kopamayan erkeklerle birlikte olan kad\u0131nlar, o\u011fullar\u0131n\u0131 \u00f6zg\u00fcr b\u0131rakmak isteyen anneler i\u00e7in pratik, \u015fefkatli ve verimlili\u011fi kan\u0131tlanm\u0131\u015f y\u00f6ntemler sunuyor. <\/p>\n","protected":false},"excerpt":{"rendered":"<p>Neden bana ba\u011flanam\u0131yor? Pek \u00e7ok kad\u0131n ili\u015fki istemeyen, \u00e7apk\u0131nl\u0131k yapmay\u0131 b\u0131rakmayan veya seks ba\u011f\u0131ml\u0131l\u0131\u011f\u0131ndan vazge\u00e7meyi reddeden bir erke\u011fe \u00e2\u015f\u0131k oldu\u011funda kendini bu soruyu sorarken bulur. Annelerine<span class=\"excerpt-hellip\"> [\u2026]<\/span><\/p>\n","protected":false},"featured_media":0,"template":"","meta":{"_monsterinsights_skip_tracking":false,"_monsterinsights_sitenote_active":false,"_monsterinsights_sitenote_note":"","_monsterinsights_sitenote_category":0},"product_brand":[],"product_cat":[12358,12357],"product_tag":[],"class_list":{"0":"post-761905","1":"product","2":"type-product","3":"status-publish","5":"product_cat-genel-psikoloji","6":"product_cat-psikoloji","7":"pa_cilt-ciltsiz","8":"pa_tur-kitap","9":"pa_yayinevi-diyojen-yayincilik","10":"pa_yazar-kenneth-m-adams-alexander-p-morgan","12":"first","13":"instock","14":"sale","15":"shipping-taxable","16":"purchasable","17":"product-type-simple"},"_links":{"self":[{"href":"https:\/\/roveyayinevi.com.tr\/index.php\/wp-json\/wp\/v2\/product\/761905","targetHints":{"allow":["GET"]}}],"collection":[{"href":"https:\/\/roveyayinevi.com.tr\/index.php\/wp-json\/wp\/v2\/product"}],"about":[{"href":"https:\/\/roveyayinevi.com.tr\/index.php\/wp-json\/wp\/v2\/types\/product"}],"wp:attachment":[{"href":"https:\/\/roveyayinevi.com.tr\/index.php\/wp-json\/wp\/v2\/media?parent=761905"}],"wp:term":[{"taxonomy":"product_brand","embeddable":true,"href":"https:\/\/roveyayinevi.com.tr\/index.php\/wp-json\/wp\/v2\/product_brand?post=761905"},{"taxonomy":"product_cat","embeddable":true,"href":"https:\/\/roveyayinevi.com.tr\/index.php\/wp-json\/wp\/v2\/product_cat?post=761905"},{"taxonomy":"product_tag","embeddable":true,"href":"https:\/\/roveyayinevi.com.tr\/index.php\/wp-json\/wp\/v2\/product_tag?post=761905"}],"curies":[{"name":"wp","href":"https:\/\/api.w.org\/{rel}","templated":true}]}}