{"id":761904,"date":"2025-08-28T09:51:21","date_gmt":"2025-08-28T06:51:21","guid":{"rendered":"https:\/\/roveyayinevi.com.tr\/index.php\/urun\/erteleme-sanati\/"},"modified":"2026-04-03T03:19:09","modified_gmt":"2026-04-03T00:19:09","slug":"erteleme-sanati","status":"publish","type":"product","link":"https:\/\/roveyayinevi.com.tr\/index.php\/urun\/erteleme-sanati\/","title":{"rendered":"Erteleme Sanat\u0131"},"content":{"rendered":"<p>Teslim tarihlerini ka\u00e7\u0131r\u0131yor, cevaplaman\u0131z gereken e-postalar varken internette geziniyor, yapmak zorunda oldu\u011funuz bir i\u015f varken ba\u015fka bir \u015feye odaklan\u0131yorsan\u0131z, bu kitap tam size g\u00f6re.John Perry bu kitapta, ger\u00e7ek bir ertelemecinin g\u00f6z\u00fcnden erteleyenlerin asl\u0131nda ne kadar s\u0131kl\u0131kla bir\u00e7ok i\u015fi halledebildiklerine i\u015faret ederek bu \u201ckusur\u201dun faydal\u0131 yanlar\u0131na odaklan\u0131yor. Yap\u0131lacaklar listenizdeki her \u015feyi ba\u015faram\u0131yor olabilirsiniz ama bu tembel oldu\u011funuz anlam\u0131na gelmez. Sadece bu listeyi farkl\u0131 bir \u015fekilde ele alman\u0131z gerekir. Erteleme ile m\u00fckemmeliyet\u00e7ilik aras\u0131nda sanc\u0131l\u0131 bir ili\u015fki vard\u0131r ve bir i\u015fi m\u00fckemmel olamayan bir \u015fekilde tamamlamak i\u00e7in kendinize izin vermeyi \u00f6\u011frenmek, bu engeli a\u015fman\u0131za yard\u0131mc\u0131 olabilir. Bir ertelemecinin i\u00e7g\u00f6r\u00fcleriyle dolu olan kitap, Perry\u2019nin kendine has y\u00f6ntemleriyle erteleme \u00e7\u0131kmaz\u0131na d\u00fc\u015fen okuyucu i\u00e7in felsefi bir geli\u015fim program\u0131 sunuyor. Ertelemeyenlerin d\u00fczenine uygun bir d\u00fcnyada bir ertelemeci olarak yapmay\u0131 ba\u015fard\u0131\u011f\u0131n\u0131z \u015feyler i\u00e7in kendi s\u0131rt\u0131n\u0131z\u0131 s\u0131vazlay\u0131n ancak bo\u015fa harcad\u0131\u011f\u0131n\u0131z zaman\u0131n tad\u0131n\u0131 \u00e7\u0131karmay\u0131 da unutmay\u0131n. <\/p>\n","protected":false},"excerpt":{"rendered":"<p>Teslim tarihlerini ka\u00e7\u0131r\u0131yor, cevaplaman\u0131z gereken e-postalar varken internette geziniyor, yapmak zorunda oldu\u011funuz bir i\u015f varken ba\u015fka bir \u015feye odaklan\u0131yorsan\u0131z, bu kitap tam size g\u00f6re.John Perry bu<span class=\"excerpt-hellip\"> [\u2026]<\/span><\/p>\n","protected":false},"featured_media":0,"template":"","meta":{"_monsterinsights_skip_tracking":false,"_monsterinsights_sitenote_active":false,"_monsterinsights_sitenote_note":"","_monsterinsights_sitenote_category":0},"product_brand":[],"product_cat":[12364,12376],"product_tag":[],"class_list":{"0":"post-761904","1":"product","2":"type-product","3":"status-publish","5":"product_cat-genel-konular","6":"product_cat-kisisel-gelisim","7":"pa_cilt-ciltsiz","8":"pa_tur-kitap","9":"pa_yayinevi-diyojen-yayincilik","10":"pa_yazar-john-perry","12":"first","13":"instock","14":"sale","15":"shipping-taxable","16":"purchasable","17":"product-type-simple"},"_links":{"self":[{"href":"https:\/\/roveyayinevi.com.tr\/index.php\/wp-json\/wp\/v2\/product\/761904","targetHints":{"allow":["GET"]}}],"collection":[{"href":"https:\/\/roveyayinevi.com.tr\/index.php\/wp-json\/wp\/v2\/product"}],"about":[{"href":"https:\/\/roveyayinevi.com.tr\/index.php\/wp-json\/wp\/v2\/types\/product"}],"wp:attachment":[{"href":"https:\/\/roveyayinevi.com.tr\/index.php\/wp-json\/wp\/v2\/media?parent=761904"}],"wp:term":[{"taxonomy":"product_brand","embeddable":true,"href":"https:\/\/roveyayinevi.com.tr\/index.php\/wp-json\/wp\/v2\/product_brand?post=761904"},{"taxonomy":"product_cat","embeddable":true,"href":"https:\/\/roveyayinevi.com.tr\/index.php\/wp-json\/wp\/v2\/product_cat?post=761904"},{"taxonomy":"product_tag","embeddable":true,"href":"https:\/\/roveyayinevi.com.tr\/index.php\/wp-json\/wp\/v2\/product_tag?post=761904"}],"curies":[{"name":"wp","href":"https:\/\/api.w.org\/{rel}","templated":true}]}}