{"id":761902,"date":"2025-08-28T09:51:17","date_gmt":"2025-08-28T06:51:17","guid":{"rendered":"https:\/\/roveyayinevi.com.tr\/index.php\/urun\/elektra-siyah-beyaz-kan\/"},"modified":"2026-04-15T03:27:05","modified_gmt":"2026-04-15T00:27:05","slug":"elektra-siyah-beyaz-kan","status":"publish","type":"product","link":"https:\/\/roveyayinevi.com.tr\/index.php\/urun\/elektra-siyah-beyaz-kan\/","title":{"rendered":"Elektra: Siyah, Beyaz &amp; Kan"},"content":{"rendered":"<p>LEKTRA, \u0130Y\u0130L\u0130K VE K\u00d6T\u00dcL\u00dcK ARASINDAK\u0130 \u0130NCE B\u0130R \u00c7\u0130ZG\u0130DE Y\u00dcR\u00dcYOR! \u0130\u015fte size tart\u0131\u015fma g\u00f6t\u00fcrmez bir ger\u00e7ek: Ac\u0131mas\u0131z Hand ve iyi huylu Chaste taraf\u0131ndan yeti\u015ftirilen Elektra Natchios, Marvel evreninin en iyi suikast\u00e7\u0131s\u0131! Ve bir dizi usta Marvel sanat\u00e7\u0131s\u0131, bu ger\u00e7e\u011fi size siyah, beyaz&#8230; ve bolca kanla kan\u0131tlamaya haz\u0131r! Uzun ve \u00f6l\u00fcmc\u00fcl hayat\u0131n\u0131n farkl\u0131 d\u00f6nemlerinde ge\u00e7en bir d\u00fczine inan\u0131lmaz hik\u00e2ye, Elektra\u2019n\u0131n sava\u015f becerilerini, ninja e\u011fitimini ve salt kararl\u0131l\u0131\u011f\u0131n\u0131 resmediyor! Hell\u2019s Kitchen\u2019\u0131n ac\u0131mas\u0131z caddelerinde, Madripoor\u2019un tekinsiz arka sokaklar\u0131nda&#8211; ve \u00e7ok daha uzak yerlerde&#8211; Elektra\u2019ya bamba\u015fka bir g\u00f6zle bakmaya&#8230; ninjalara, vampirl<\/p>\n","protected":false},"excerpt":{"rendered":"<p>LEKTRA, \u0130Y\u0130L\u0130K VE K\u00d6T\u00dcL\u00dcK ARASINDAK\u0130 \u0130NCE B\u0130R \u00c7\u0130ZG\u0130DE Y\u00dcR\u00dcYOR! \u0130\u015fte size tart\u0131\u015fma g\u00f6t\u00fcrmez bir ger\u00e7ek: Ac\u0131mas\u0131z Hand ve iyi huylu Chaste taraf\u0131ndan yeti\u015ftirilen Elektra Natchios, Marvel<span class=\"excerpt-hellip\"> [\u2026]<\/span><\/p>\n","protected":false},"featured_media":0,"template":"","meta":{"_monsterinsights_skip_tracking":false,"_monsterinsights_sitenote_active":false,"_monsterinsights_sitenote_note":"","_monsterinsights_sitenote_category":0},"product_brand":[],"product_cat":[12416,12291],"product_tag":[],"class_list":{"0":"post-761902","1":"product","2":"type-product","3":"status-publish","5":"product_cat-cizgi-roman","6":"product_cat-edebiyat","7":"pa_cilt-ciltsiz","8":"pa_tur-kitap","9":"pa_yayinevi-jbc-yayincilik","10":"pa_yazar-kolektif","12":"first","13":"instock","14":"sale","15":"shipping-taxable","16":"purchasable","17":"product-type-simple"},"_links":{"self":[{"href":"https:\/\/roveyayinevi.com.tr\/index.php\/wp-json\/wp\/v2\/product\/761902","targetHints":{"allow":["GET"]}}],"collection":[{"href":"https:\/\/roveyayinevi.com.tr\/index.php\/wp-json\/wp\/v2\/product"}],"about":[{"href":"https:\/\/roveyayinevi.com.tr\/index.php\/wp-json\/wp\/v2\/types\/product"}],"wp:attachment":[{"href":"https:\/\/roveyayinevi.com.tr\/index.php\/wp-json\/wp\/v2\/media?parent=761902"}],"wp:term":[{"taxonomy":"product_brand","embeddable":true,"href":"https:\/\/roveyayinevi.com.tr\/index.php\/wp-json\/wp\/v2\/product_brand?post=761902"},{"taxonomy":"product_cat","embeddable":true,"href":"https:\/\/roveyayinevi.com.tr\/index.php\/wp-json\/wp\/v2\/product_cat?post=761902"},{"taxonomy":"product_tag","embeddable":true,"href":"https:\/\/roveyayinevi.com.tr\/index.php\/wp-json\/wp\/v2\/product_tag?post=761902"}],"curies":[{"name":"wp","href":"https:\/\/api.w.org\/{rel}","templated":true}]}}