{"id":761899,"date":"2025-08-28T09:51:13","date_gmt":"2025-08-28T06:51:13","guid":{"rendered":"https:\/\/roveyayinevi.com.tr\/index.php\/urun\/dunyaya-acilmak\/"},"modified":"2026-04-15T03:27:05","modified_gmt":"2026-04-15T00:27:05","slug":"dunyaya-acilmak","status":"publish","type":"product","link":"https:\/\/roveyayinevi.com.tr\/index.php\/urun\/dunyaya-acilmak\/","title":{"rendered":"D\u00fcnyaya A\u00e7\u0131lmak"},"content":{"rendered":"<p>\u0130\u015f d\u00fcnyas\u0131n\u0131n her g\u00fcn daha \u00e7ok uluslararas\u0131 hale geldi\u011fi g\u00fcn\u00fcm\u00fczde k\u00fclt\u00fcrler \u00f6tesine seslenebilen etkili bir ileti\u015fim kurman\u0131n \u00f6nemi de giderek art\u0131yor. \u0130ster du\u0308nya pazar\u0131na a\u00e7\u0131lmak isteyen bir profesyonel ya da uluslararas\u0131 faaliyet g\u00f6steren bir ekibin lideri, ister hayalleri i\u00e7in gece g\u00fcnd\u00fcz \u00e7al\u0131\u015fan taze bir giri\u015fimci olun, farkl\u0131 k\u00fclt\u00fcrler aras\u0131nda k\u00f6pr\u00fc kurmak ve insanlarla g\u00fc\u00e7l\u00fc ba\u011flar olu\u015fturmak i\u00e7in do\u011fru ileti\u015fim yollar\u0131na ihtiyac\u0131n\u0131z olacak. Uluslararas\u0131 ileti\u015fim ve etki uzman\u0131 Jose Ucar, D\u00fcnyaya A\u00e7\u0131lmak\u2019ta k\u00fcresel i\u015f d\u00fcnyas\u0131nda etki yaratan bir lider olman\u0131n ve \u00f6zg\u00fcnl\u00fc\u011f\u00fcn\u00fczden \u00f6d\u00fcn vermeden do\u011fru ileti\u015fim kurman\u0131n s\u0131rlar\u0131n\u0131 payla\u015f\u0131yor. Bu bilgiler \u0131\u015f\u0131\u011f\u0131nda g\u00fc\u00e7l\u00fc ve samimi ili\u015fkiler kurarak kendinizle birlikte ba\u015fkalar\u0131n\u0131 da g\u00fc\u00e7lendirebilir, d\u00fcnya \u00e7ap\u0131nda zenginlik, f\u0131rsatlar ve olumlu de\u011fi\u015fim getiren zincirleme bir etki yaratabilirsiniz. D\u00fcnyaya A\u00e7\u0131lmak k\u00fcresel i\u015f d\u00fcnyas\u0131nda ba\u015far\u0131l\u0131 olmay\u0131 hedefleyen herkes i\u00e7in vazge\u00e7ilmez bir kaynak<\/p>\n","protected":false},"excerpt":{"rendered":"<p>\u0130\u015f d\u00fcnyas\u0131n\u0131n her g\u00fcn daha \u00e7ok uluslararas\u0131 hale geldi\u011fi g\u00fcn\u00fcm\u00fczde k\u00fclt\u00fcrler \u00f6tesine seslenebilen etkili bir ileti\u015fim kurman\u0131n \u00f6nemi de giderek art\u0131yor. \u0130ster du\u0308nya pazar\u0131na a\u00e7\u0131lmak isteyen<span class=\"excerpt-hellip\"> [\u2026]<\/span><\/p>\n","protected":false},"featured_media":0,"template":"","meta":{"_monsterinsights_skip_tracking":false,"_monsterinsights_sitenote_active":false,"_monsterinsights_sitenote_note":"","_monsterinsights_sitenote_category":0},"product_brand":[],"product_cat":[13043,17647],"product_tag":[],"class_list":{"0":"post-761899","1":"product","2":"type-product","3":"status-publish","5":"product_cat-ekonomi","6":"product_cat-is-dunyasi","7":"pa_cilt-ciltsiz","8":"pa_tur-kitap","9":"pa_yayinevi-aganta","10":"pa_yazar-jose-ucar","12":"first","13":"instock","14":"sale","15":"shipping-taxable","16":"purchasable","17":"product-type-simple"},"_links":{"self":[{"href":"https:\/\/roveyayinevi.com.tr\/index.php\/wp-json\/wp\/v2\/product\/761899","targetHints":{"allow":["GET"]}}],"collection":[{"href":"https:\/\/roveyayinevi.com.tr\/index.php\/wp-json\/wp\/v2\/product"}],"about":[{"href":"https:\/\/roveyayinevi.com.tr\/index.php\/wp-json\/wp\/v2\/types\/product"}],"wp:attachment":[{"href":"https:\/\/roveyayinevi.com.tr\/index.php\/wp-json\/wp\/v2\/media?parent=761899"}],"wp:term":[{"taxonomy":"product_brand","embeddable":true,"href":"https:\/\/roveyayinevi.com.tr\/index.php\/wp-json\/wp\/v2\/product_brand?post=761899"},{"taxonomy":"product_cat","embeddable":true,"href":"https:\/\/roveyayinevi.com.tr\/index.php\/wp-json\/wp\/v2\/product_cat?post=761899"},{"taxonomy":"product_tag","embeddable":true,"href":"https:\/\/roveyayinevi.com.tr\/index.php\/wp-json\/wp\/v2\/product_tag?post=761899"}],"curies":[{"name":"wp","href":"https:\/\/api.w.org\/{rel}","templated":true}]}}