{"id":761895,"date":"2025-08-28T09:51:06","date_gmt":"2025-08-28T06:51:06","guid":{"rendered":"https:\/\/roveyayinevi.com.tr\/index.php\/urun\/cevdet-pasanin-toplum-ve-devlet-gorusu\/"},"modified":"2026-04-15T03:27:05","modified_gmt":"2026-04-15T00:27:05","slug":"cevdet-pasanin-toplum-ve-devlet-gorusu","status":"publish","type":"product","link":"https:\/\/roveyayinevi.com.tr\/index.php\/urun\/cevdet-pasanin-toplum-ve-devlet-gorusu\/","title":{"rendered":"Cevdet Pa\u015fa\u2019nin Toplum ve Devlet G\u00f6r\u00fc\u015f\u00fc"},"content":{"rendered":"<p>Yitirdi\u011fimiz haf\u0131zam\u0131zda sadece sava\u015f sahneleri, Topkap\u0131 Saray\u0131 ya da S\u00fcleymaniye Camii ile varl\u0131\u011f\u0131n\u0131 s\u00fcrd\u00fcren bir imparatorlu\u011fun toplumsal yap\u0131s\u0131 nas\u0131ld\u0131? Bu devlet y\u00fczy\u0131llar boyu m\u00fcslim ve gayr\u0131m\u00fcslim tebaas\u0131n\u0131 nas\u0131l bir arada huzur ve bar\u0131\u015f i\u00e7inde ya\u015fatt\u0131? Osmanl\u0131 toplum yap\u0131s\u0131 ile Avrupa toplum yap\u0131s\u0131 aras\u0131ndaki farklar nelerdir? \u00dc\u00e7 k\u0131taya k\u00f6k salm\u0131\u015f olan bu devlet nas\u0131l ve neden tarihe kar\u0131\u015ft\u0131? Zihnimizi bug\u00fcn de i\u015fgal eden, toplum, devlet ve medeniyetle ilgili sorular\u0131n cevab\u0131n\u0131 Cevdet Pa\u015fa\u2019n\u0131n binlerce sayfa tutan eserlerinden b\u00fcy\u00fck bir titizlikle derleyen \u00dcmit Meri\u00e7, on iki ciltlik Tarih-i Cevdet\u2019e, Maruzat\u2019a, Tez\u00e2kir\u2019e ve di\u011fer eserlerine tek bir cilt i\u00e7inde sosyolojik bir mukaddime in\u015fa etti. Cevdet Pa\u015fa\u2019y\u0131, bu \u201cm\u00fcdebbir Osmanl\u0131 vezirinin g\u00f6r\u00fc\u015flerini\u201d yar\u0131n\u0131n T\u00fcrkiye\u2019sini kurarken de dikkate almam\u0131z i\u00e7in tarihle sosyolojinin bulu\u015ftu\u011fu bu kav\u015fa\u011fa, Ketebe okurlar\u0131n\u0131 davet ediyoruz. <\/p>\n","protected":false},"excerpt":{"rendered":"<p>Yitirdi\u011fimiz haf\u0131zam\u0131zda sadece sava\u015f sahneleri, Topkap\u0131 Saray\u0131 ya da S\u00fcleymaniye Camii ile varl\u0131\u011f\u0131n\u0131 s\u00fcrd\u00fcren bir imparatorlu\u011fun toplumsal yap\u0131s\u0131 nas\u0131ld\u0131? Bu devlet y\u00fczy\u0131llar boyu m\u00fcslim ve gayr\u0131m\u00fcslim<span class=\"excerpt-hellip\"> [\u2026]<\/span><\/p>\n","protected":false},"featured_media":0,"template":"","meta":{"_monsterinsights_skip_tracking":false,"_monsterinsights_sitenote_active":false,"_monsterinsights_sitenote_note":"","_monsterinsights_sitenote_category":0},"product_brand":[],"product_cat":[12325,12324],"product_tag":[],"class_list":{"0":"post-761895","1":"product","2":"type-product","3":"status-publish","5":"product_cat-diger-sosyoloji","6":"product_cat-sosyoloji","7":"pa_cilt-ciltsiz","8":"pa_tur-kitap","9":"pa_yayinevi-ketebe-yayinlari","10":"pa_yazar-umit-meric","12":"first","13":"instock","14":"sale","15":"shipping-taxable","16":"purchasable","17":"product-type-simple"},"_links":{"self":[{"href":"https:\/\/roveyayinevi.com.tr\/index.php\/wp-json\/wp\/v2\/product\/761895","targetHints":{"allow":["GET"]}}],"collection":[{"href":"https:\/\/roveyayinevi.com.tr\/index.php\/wp-json\/wp\/v2\/product"}],"about":[{"href":"https:\/\/roveyayinevi.com.tr\/index.php\/wp-json\/wp\/v2\/types\/product"}],"wp:attachment":[{"href":"https:\/\/roveyayinevi.com.tr\/index.php\/wp-json\/wp\/v2\/media?parent=761895"}],"wp:term":[{"taxonomy":"product_brand","embeddable":true,"href":"https:\/\/roveyayinevi.com.tr\/index.php\/wp-json\/wp\/v2\/product_brand?post=761895"},{"taxonomy":"product_cat","embeddable":true,"href":"https:\/\/roveyayinevi.com.tr\/index.php\/wp-json\/wp\/v2\/product_cat?post=761895"},{"taxonomy":"product_tag","embeddable":true,"href":"https:\/\/roveyayinevi.com.tr\/index.php\/wp-json\/wp\/v2\/product_tag?post=761895"}],"curies":[{"name":"wp","href":"https:\/\/api.w.org\/{rel}","templated":true}]}}