{"id":761893,"date":"2025-08-28T09:51:03","date_gmt":"2025-08-28T06:51:03","guid":{"rendered":"https:\/\/roveyayinevi.com.tr\/index.php\/urun\/cuma-selamligi\/"},"modified":"2026-04-15T03:27:05","modified_gmt":"2026-04-15T00:27:05","slug":"cuma-selamligi","status":"publish","type":"product","link":"https:\/\/roveyayinevi.com.tr\/index.php\/urun\/cuma-selamligi\/","title":{"rendered":"Cuma Selaml\u0131\u011f\u0131"},"content":{"rendered":"<p>\u201cU\u011furun hay\u0131r ola, ya\u015f\u0131n uzun ola, yolun a\u00e7\u0131k ola. Saltanat\u0131nda ma\u011frur olma Padi\u015fah\u0131m; senden b\u00fcy\u00fck Allah var.\u201d Sultan II. Abd\u00fclhamid Han\u2026 Y\u0131ld\u0131z Camii\u2019nde bir cuma sabah\u0131 ve bir Cuma Selaml\u0131\u011f\u0131\u2026 Yusuf giymi\u015f k\u0131rm\u0131z\u0131 pabu\u00e7lar\u0131n\u0131, tutmu\u015f dedesi Hac\u0131 Ahmed Bey\u2019in elini, gidiyor Cuma Selaml\u0131\u011f\u0131\u2019na\u2026 Var m\u0131s\u0131n, Osmanl\u0131 Devleti\u2019nin 34. padi\u015fah\u0131 II. Abd\u00fclhamid\u2019i tan\u0131maya? O halde gel benimle! Tarih At\u00f6lyesi serisinin ikinci kitab\u0131 \u201cCuma Selaml\u0131\u011f\u0131\u201d seninle! <\/p>\n","protected":false},"excerpt":{"rendered":"<p>\u201cU\u011furun hay\u0131r ola, ya\u015f\u0131n uzun ola, yolun a\u00e7\u0131k ola. Saltanat\u0131nda ma\u011frur olma Padi\u015fah\u0131m; senden b\u00fcy\u00fck Allah var.\u201d Sultan II. Abd\u00fclhamid Han\u2026 Y\u0131ld\u0131z Camii\u2019nde bir cuma sabah\u0131<span class=\"excerpt-hellip\"> [\u2026]<\/span><\/p>\n","protected":false},"featured_media":0,"template":"","meta":{"_monsterinsights_skip_tracking":false,"_monsterinsights_sitenote_active":false,"_monsterinsights_sitenote_note":"","_monsterinsights_sitenote_category":0},"product_brand":[],"product_cat":[12274,15842],"product_tag":[],"class_list":{"0":"post-761893","1":"product","2":"type-product","3":"status-publish","5":"product_cat-cocuk-ve-genclik-kitaplari","6":"product_cat-egitici-kitaplar","7":"pa_cilt-ciltsiz","8":"pa_tur-kitap","9":"pa_yayinevi-cinaralti-yayinlari","10":"pa_yazar-kubra-nur-ekmen","12":"first","13":"instock","14":"sale","15":"shipping-taxable","16":"purchasable","17":"product-type-simple"},"_links":{"self":[{"href":"https:\/\/roveyayinevi.com.tr\/index.php\/wp-json\/wp\/v2\/product\/761893","targetHints":{"allow":["GET"]}}],"collection":[{"href":"https:\/\/roveyayinevi.com.tr\/index.php\/wp-json\/wp\/v2\/product"}],"about":[{"href":"https:\/\/roveyayinevi.com.tr\/index.php\/wp-json\/wp\/v2\/types\/product"}],"wp:attachment":[{"href":"https:\/\/roveyayinevi.com.tr\/index.php\/wp-json\/wp\/v2\/media?parent=761893"}],"wp:term":[{"taxonomy":"product_brand","embeddable":true,"href":"https:\/\/roveyayinevi.com.tr\/index.php\/wp-json\/wp\/v2\/product_brand?post=761893"},{"taxonomy":"product_cat","embeddable":true,"href":"https:\/\/roveyayinevi.com.tr\/index.php\/wp-json\/wp\/v2\/product_cat?post=761893"},{"taxonomy":"product_tag","embeddable":true,"href":"https:\/\/roveyayinevi.com.tr\/index.php\/wp-json\/wp\/v2\/product_tag?post=761893"}],"curies":[{"name":"wp","href":"https:\/\/api.w.org\/{rel}","templated":true}]}}