{"id":761890,"date":"2025-08-28T09:50:58","date_gmt":"2025-08-28T06:50:58","guid":{"rendered":"https:\/\/roveyayinevi.com.tr\/index.php\/urun\/dragos\/"},"modified":"2026-04-15T03:27:05","modified_gmt":"2026-04-15T00:27:05","slug":"dragos","status":"publish","type":"product","link":"https:\/\/roveyayinevi.com.tr\/index.php\/urun\/dragos\/","title":{"rendered":"Dragos"},"content":{"rendered":"<p>Gazeteci \u0130pek \u00d6zbey soruyor, Adnan Oktar Silahl\u0131 Su\u00e7 \u00d6rg\u00fct\u00fc\u2019n\u00fc \u00e7\u00f6kerten polis m\u00fcd\u00fcr\u00fc Furkan Sezer anlat\u0131yor&#8230; \u2022  Operasyonun perde arkas\u0131nda neler ya\u015fand\u0131? \u2022 Adnan Oktar\u2019a operasyon yapan polis m\u00fcd\u00fcr\u00fcn\u00fcn ba\u015f\u0131na neler geldi? \u2022  K\u0131zlar nas\u0131l \u201ckedicik\u201dlere d\u00f6n\u00fc\u015ft\u00fcr\u00fcld\u00fc? \u2022  Dragos kod adl\u0131 malik\u00e2nede neler ya\u015fand\u0131? \u2022  Turnike sistemi nedir? \u2022  \u00d6rg\u00fct paray\u0131 nereden buldu? \u2022  Adnan Oktar yurtd\u0131\u015f\u0131nda kimlerle ba\u011flant\u0131 kurdu? \u2022  Cezaevine gelen kad\u0131n avukatlar\u0131n s\u0131rr\u0131 ne? Dragos\u2019ta, dini kullanarak yabanc\u0131 istihbarat te\u015fkilatlar\u0131yla i\u00e7 i\u00e7e ge\u00e7en, kedicik perdesinin \u00f6rtt\u00fc\u011f\u00fc silahl\u0131 su\u00e7 \u00f6rg\u00fct\u00fcn\u00fcn i\u00e7y\u00fcz\u00fcn\u00fc okuyacaks\u0131n\u0131z. <\/p>\n","protected":false},"excerpt":{"rendered":"<p>Gazeteci \u0130pek \u00d6zbey soruyor, Adnan Oktar Silahl\u0131 Su\u00e7 \u00d6rg\u00fct\u00fc\u2019n\u00fc \u00e7\u00f6kerten polis m\u00fcd\u00fcr\u00fc Furkan Sezer anlat\u0131yor&#8230; \u2022 Operasyonun perde arkas\u0131nda neler ya\u015fand\u0131? \u2022 Adnan Oktar\u2019a operasyon yapan<span class=\"excerpt-hellip\"> [\u2026]<\/span><\/p>\n","protected":false},"featured_media":0,"template":"","meta":{"_monsterinsights_skip_tracking":false,"_monsterinsights_sitenote_active":false,"_monsterinsights_sitenote_note":"","_monsterinsights_sitenote_category":0},"product_brand":[],"product_cat":[13772,12364],"product_tag":[],"class_list":{"0":"post-761890","1":"product","2":"type-product","3":"status-publish","5":"product_cat-basvuru-kitaplari","6":"product_cat-genel-konular","7":"pa_cilt-ciltsiz","8":"pa_tur-kitap","9":"pa_yayinevi-kirmizi-kedi-yayinevi","10":"pa_yazar-ipek-ozbey","12":"first","13":"instock","14":"sale","15":"shipping-taxable","16":"purchasable","17":"product-type-simple"},"_links":{"self":[{"href":"https:\/\/roveyayinevi.com.tr\/index.php\/wp-json\/wp\/v2\/product\/761890","targetHints":{"allow":["GET"]}}],"collection":[{"href":"https:\/\/roveyayinevi.com.tr\/index.php\/wp-json\/wp\/v2\/product"}],"about":[{"href":"https:\/\/roveyayinevi.com.tr\/index.php\/wp-json\/wp\/v2\/types\/product"}],"wp:attachment":[{"href":"https:\/\/roveyayinevi.com.tr\/index.php\/wp-json\/wp\/v2\/media?parent=761890"}],"wp:term":[{"taxonomy":"product_brand","embeddable":true,"href":"https:\/\/roveyayinevi.com.tr\/index.php\/wp-json\/wp\/v2\/product_brand?post=761890"},{"taxonomy":"product_cat","embeddable":true,"href":"https:\/\/roveyayinevi.com.tr\/index.php\/wp-json\/wp\/v2\/product_cat?post=761890"},{"taxonomy":"product_tag","embeddable":true,"href":"https:\/\/roveyayinevi.com.tr\/index.php\/wp-json\/wp\/v2\/product_tag?post=761890"}],"curies":[{"name":"wp","href":"https:\/\/api.w.org\/{rel}","templated":true}]}}