{"id":761888,"date":"2025-08-28T09:50:55","date_gmt":"2025-08-28T06:50:55","guid":{"rendered":"https:\/\/roveyayinevi.com.tr\/index.php\/urun\/garip-bir-yer\/"},"modified":"2026-04-15T03:27:05","modified_gmt":"2026-04-15T00:27:05","slug":"garip-bir-yer","status":"publish","type":"product","link":"https:\/\/roveyayinevi.com.tr\/index.php\/urun\/garip-bir-yer\/","title":{"rendered":"Garip Bir Yer"},"content":{"rendered":"<p>\u201cGer\u00e7ek kalmak&#8230; \u00c7o\u011fu ki\u015finin yapt\u0131\u011f\u0131 gibi yalanlara inanmay\u0131 se\u00e7ip kendinden vazge\u00e7memek, insanlara dayat\u0131lan bu arzulara ve h\u0131rslara teslim olmamakt\u0131.\u201d Zengin ve haval\u0131 i\u015f insan\u0131 Tar\u0131k, eski e\u015fi, eski e\u015finin yeni sevgilisi ve gen\u00e7 bir eskort&#8230; \u00dclkenin de\u011fi\u015fen, d\u00f6n\u00fc\u015fen, gittik\u00e7e gariple\u015fen zihniyeti i\u00e7ine s\u0131k\u0131\u015fm\u0131\u015f ve bocalamakta olan bu d\u00f6rt karakter, uzun bir ak\u015fam yeme\u011finde bir araya gelip hi\u00e7 tahmin edilemeyecek ba\u011flar nedeniyle trajikomik bir y\u00fczle\u015fme ya\u015far. Ya\u015fananlarla ilgili olarak her biri kendince \u00e7\u0131k\u0131\u015f yollar\u0131 arayan bu d\u00f6rtl\u00fc, yetmezmi\u015f gibi bu tuhaf gecede bir de son derece de\u011fi\u015fik bir garsonla m\u00fccadele etmek zorundad\u0131r. G\u00fcrgen \u00d6z\u2019\u00fcn T\u00fcrkiye g\u00fcndemine dair, hepimizin zaman zaman ya\u015fad\u0131\u011f\u0131 abs\u00fcrd durumlar\u0131, mant\u0131ks\u0131zl\u0131klar\u0131, zihniyet problemlerini ve s\u0131k\u0131\u015fm\u0131\u015fl\u0131klar\u0131 kara komedi tarz\u0131nda kaleme ald\u0131\u011f\u0131 bu romanda, her okuyucu yer yer kendinden bir par\u00e7a bulurken bazen trajikomik hallere g\u00fclecek bazen de gerilmeden duramad\u0131\u011f\u0131 s\u00fcr\u00fckleyici bir hik\u00e2yenin i\u00e7ine dalacak. Sisteme dair keyifli bir ta\u015flama olan Garip Bir Yer, siz okuyucularla dertle\u015fecek.<\/p>\n","protected":false},"excerpt":{"rendered":"<p>\u201cGer\u00e7ek kalmak&#8230; \u00c7o\u011fu ki\u015finin yapt\u0131\u011f\u0131 gibi yalanlara inanmay\u0131 se\u00e7ip kendinden vazge\u00e7memek, insanlara dayat\u0131lan bu arzulara ve h\u0131rslara teslim olmamakt\u0131.\u201d Zengin ve haval\u0131 i\u015f insan\u0131 Tar\u0131k, eski<span class=\"excerpt-hellip\"> [\u2026]<\/span><\/p>\n","protected":false},"featured_media":0,"template":"","meta":{"_monsterinsights_skip_tracking":false,"_monsterinsights_sitenote_active":false,"_monsterinsights_sitenote_note":"","_monsterinsights_sitenote_category":0},"product_brand":[],"product_cat":[12291,12711],"product_tag":[],"class_list":{"0":"post-761888","1":"product","2":"type-product","3":"status-publish","5":"product_cat-edebiyat","6":"product_cat-roman-oyku","7":"pa_cilt-ciltsiz","8":"pa_tur-kitap","9":"pa_yayinevi-masa-kitap","10":"pa_yazar-gurgen-oz","12":"first","13":"instock","14":"sale","15":"shipping-taxable","16":"purchasable","17":"product-type-simple"},"_links":{"self":[{"href":"https:\/\/roveyayinevi.com.tr\/index.php\/wp-json\/wp\/v2\/product\/761888","targetHints":{"allow":["GET"]}}],"collection":[{"href":"https:\/\/roveyayinevi.com.tr\/index.php\/wp-json\/wp\/v2\/product"}],"about":[{"href":"https:\/\/roveyayinevi.com.tr\/index.php\/wp-json\/wp\/v2\/types\/product"}],"wp:attachment":[{"href":"https:\/\/roveyayinevi.com.tr\/index.php\/wp-json\/wp\/v2\/media?parent=761888"}],"wp:term":[{"taxonomy":"product_brand","embeddable":true,"href":"https:\/\/roveyayinevi.com.tr\/index.php\/wp-json\/wp\/v2\/product_brand?post=761888"},{"taxonomy":"product_cat","embeddable":true,"href":"https:\/\/roveyayinevi.com.tr\/index.php\/wp-json\/wp\/v2\/product_cat?post=761888"},{"taxonomy":"product_tag","embeddable":true,"href":"https:\/\/roveyayinevi.com.tr\/index.php\/wp-json\/wp\/v2\/product_tag?post=761888"}],"curies":[{"name":"wp","href":"https:\/\/api.w.org\/{rel}","templated":true}]}}