{"id":761887,"date":"2025-08-28T09:50:54","date_gmt":"2025-08-28T06:50:54","guid":{"rendered":"https:\/\/roveyayinevi.com.tr\/index.php\/urun\/imanin-ilimle-yorumu\/"},"modified":"2026-04-15T03:27:05","modified_gmt":"2026-04-15T00:27:05","slug":"imanin-ilimle-yorumu","status":"publish","type":"product","link":"https:\/\/roveyayinevi.com.tr\/index.php\/urun\/imanin-ilimle-yorumu\/","title":{"rendered":"\u0130man\u0131n \u0130limle Yorumu"},"content":{"rendered":"<p>Bu kitap bir derlemedir. \u00c7\u00fcnk\u00fc y\u00fcz\u00fcn \u00fczerinde bilim adam\u0131 ve yazar\u0131n g\u00f6r\u00fc\u015flerini ihtiva etmektedir. Allah (cc)&#8217;\u0131n Varl\u0131\u011f\u0131n\u0131n delillerini, modern ilimle ortaya koymay\u0131 konu alan 86 eserden yararlan\u0131larak haz\u0131rlanm\u0131\u015ft\u0131r. Bilindi\u011fi gibi ibadet, g\u00fczel ahlak ve salih amelin m\u00fckemmel olmas\u0131; ayr\u0131ca huzur ve mutlulu\u011fun elde edilmesi i\u00e7in g\u00fc\u00e7l\u00fc bir imana ihtiya\u00e7 vard\u0131r. Buna kavu\u015fmak i\u00e7in de her \u015feyden \u00f6nce, akl\u0131n tatmin edilmesi gerekmektedir. \u00d6zellikle asr\u0131m\u0131zda akl\u0131n, modern ilimle tatmin edilmesi; yani y\u00fcksek matematik, fizik, astrofizik, kozmoloji, kimya, t\u0131p ve biyoloji gibi bilimlerin ortaya koyduklar\u0131 ger\u00e7eklerden hareketle baz\u0131 delillerin elde edilmesi sonucu akl\u0131n huzura kavu\u015fmas\u0131 s\u00f6z konusudur. Yani iman\u0131n, ilimle takviyesi, g\u00fc\u00e7lendirilmesi gerekir. Bu da Kur&#8217;an-\u0131 Kerim&#8217;e uygun d\u00fc\u015fmektedir. \u00c7\u00fcnk\u00fc Kur&#8217;an, ilmi iman\u0131n hizmetinde g\u00f6rm\u00fc\u015f olup, 800&#8217;e yak\u0131n ayet, yarat\u0131l\u0131\u015fla, yarat\u0131klardan ibret alma ve Allah (cc)&#8217;\u0131n varl\u0131\u011f\u0131n\u0131n delillerini d\u00fc\u015f\u00fcnmeyle ilgilidir. Kur&#8217;an insan\u0131 taklidi imana de\u011fil, tahkiki imana te\u015fvik eder. Yani insan\u0131n d\u00fc\u015f\u00fcnerek, ara\u015ft\u0131rma yaparak Allah (cc)&#8217;\u0131n varl\u0131\u011f\u0131n\u0131n delillerini bulmay\u0131 ve bu \u015fekilde iman etmeyi tavsiye etmektedir.<\/p>\n","protected":false},"excerpt":{"rendered":"<p>Bu kitap bir derlemedir. \u00c7\u00fcnk\u00fc y\u00fcz\u00fcn \u00fczerinde bilim adam\u0131 ve yazar\u0131n g\u00f6r\u00fc\u015flerini ihtiva etmektedir. Allah (cc)&#8217;\u0131n Varl\u0131\u011f\u0131n\u0131n delillerini, modern ilimle ortaya koymay\u0131 konu alan 86 eserden<span class=\"excerpt-hellip\"> [\u2026]<\/span><\/p>\n","protected":false},"featured_media":0,"template":"","meta":{"_monsterinsights_skip_tracking":false,"_monsterinsights_sitenote_active":false,"_monsterinsights_sitenote_note":"","_monsterinsights_sitenote_category":0},"product_brand":[],"product_cat":[12718],"product_tag":[],"class_list":{"0":"post-761887","1":"product","2":"type-product","3":"status-publish","5":"product_cat-din","6":"pa_cilt-ciltsiz","7":"pa_tur-kitap","8":"pa_yayinevi-gulnar-yayinlari","9":"pa_yazar-abdulkerim-zila","11":"first","12":"instock","13":"sale","14":"shipping-taxable","15":"purchasable","16":"product-type-simple"},"_links":{"self":[{"href":"https:\/\/roveyayinevi.com.tr\/index.php\/wp-json\/wp\/v2\/product\/761887","targetHints":{"allow":["GET"]}}],"collection":[{"href":"https:\/\/roveyayinevi.com.tr\/index.php\/wp-json\/wp\/v2\/product"}],"about":[{"href":"https:\/\/roveyayinevi.com.tr\/index.php\/wp-json\/wp\/v2\/types\/product"}],"wp:attachment":[{"href":"https:\/\/roveyayinevi.com.tr\/index.php\/wp-json\/wp\/v2\/media?parent=761887"}],"wp:term":[{"taxonomy":"product_brand","embeddable":true,"href":"https:\/\/roveyayinevi.com.tr\/index.php\/wp-json\/wp\/v2\/product_brand?post=761887"},{"taxonomy":"product_cat","embeddable":true,"href":"https:\/\/roveyayinevi.com.tr\/index.php\/wp-json\/wp\/v2\/product_cat?post=761887"},{"taxonomy":"product_tag","embeddable":true,"href":"https:\/\/roveyayinevi.com.tr\/index.php\/wp-json\/wp\/v2\/product_tag?post=761887"}],"curies":[{"name":"wp","href":"https:\/\/api.w.org\/{rel}","templated":true}]}}