{"id":761886,"date":"2025-08-28T09:50:52","date_gmt":"2025-08-28T06:50:52","guid":{"rendered":"https:\/\/roveyayinevi.com.tr\/index.php\/urun\/seni-seversem-kaybederim\/"},"modified":"2026-04-15T03:27:05","modified_gmt":"2026-04-15T00:27:05","slug":"seni-seversem-kaybederim","status":"publish","type":"product","link":"https:\/\/roveyayinevi.com.tr\/index.php\/urun\/seni-seversem-kaybederim\/","title":{"rendered":"Seni Seversem Kaybederim"},"content":{"rendered":"<p>Hayat, insan\u0131n kaderi ile ederinin toplam\u0131d\u0131r. Kader, insan\u0131n se\u00e7emedikleridir. Aidiyet: aile, toplum; genetik-engel-yetenek vs. Kaderin d\u0131\u015f\u0131nda kalan insan\u0131n kendi tercihleridir. D\u00fc\u015f\u00fcnceler, ak\u0131l-idrak edinme, u\u011fra\u015f-azim, tecr\u00fcbe, hisler, yatk\u0131nl\u0131k-meyil ve tercih edildi\u011fi kadar\u0131 ile \u00f6zg\u00fcrl\u00fck. Bu iki bile\u015fen i\u00e7 i\u00e7edir; daha fazla ya da daha az\u2026 Sonu\u00e7lar\u0131 etkiler. Yani hayat, insan\u0131n kaderi ile tercihlerinden olu\u015fur.   Seni seversem kaybederim! G\u00fcnd\u00fczler g\u00f6rmeden Geceler dinlemeden S\u0131rr\u0131n\u0131 severim\u2026   Seni seversem kaybederim! Eller bilmeden Yollar bulmadan Sakl\u0131n\u0131 severim\u2026   Seni seversem kaybederim! Senden \u00f6ncesini Senden sonras\u0131n\u0131 Yoklu\u011funu severim\u2026   Seni seversem kaybederim! Bak\u0131p ge\u00e7ti\u011fin yerleri Ge\u00e7ip gitti\u011fin yollar\u0131 Ard\u0131n\u0131 severim\u2026   Seni seversem kaybederim! Sana dokunan r\u00fczg\u00e2rlar\u0131 Seni g\u00f6ren ku\u015flar\u0131 Sana dair severim\u2026   \u2026 <\/p>\n","protected":false},"excerpt":{"rendered":"<p>Hayat, insan\u0131n kaderi ile ederinin toplam\u0131d\u0131r. Kader, insan\u0131n se\u00e7emedikleridir. Aidiyet: aile, toplum; genetik-engel-yetenek vs. Kaderin d\u0131\u015f\u0131nda kalan insan\u0131n kendi tercihleridir. D\u00fc\u015f\u00fcnceler, ak\u0131l-idrak edinme, u\u011fra\u015f-azim, tecr\u00fcbe, hisler,<span class=\"excerpt-hellip\"> [\u2026]<\/span><\/p>\n","protected":false},"featured_media":0,"template":"","meta":{"_monsterinsights_skip_tracking":false,"_monsterinsights_sitenote_active":false,"_monsterinsights_sitenote_note":"","_monsterinsights_sitenote_category":0},"product_brand":[],"product_cat":[12291,12509],"product_tag":[],"class_list":{"0":"post-761886","1":"product","2":"type-product","3":"status-publish","5":"product_cat-edebiyat","6":"product_cat-siir","7":"pa_cilt-ciltsiz","8":"pa_tur-kitap","9":"pa_yayinevi-gulnar-yayinlari","10":"pa_yazar-mesut-rusva","12":"first","13":"instock","14":"sale","15":"shipping-taxable","16":"purchasable","17":"product-type-simple"},"_links":{"self":[{"href":"https:\/\/roveyayinevi.com.tr\/index.php\/wp-json\/wp\/v2\/product\/761886","targetHints":{"allow":["GET"]}}],"collection":[{"href":"https:\/\/roveyayinevi.com.tr\/index.php\/wp-json\/wp\/v2\/product"}],"about":[{"href":"https:\/\/roveyayinevi.com.tr\/index.php\/wp-json\/wp\/v2\/types\/product"}],"wp:attachment":[{"href":"https:\/\/roveyayinevi.com.tr\/index.php\/wp-json\/wp\/v2\/media?parent=761886"}],"wp:term":[{"taxonomy":"product_brand","embeddable":true,"href":"https:\/\/roveyayinevi.com.tr\/index.php\/wp-json\/wp\/v2\/product_brand?post=761886"},{"taxonomy":"product_cat","embeddable":true,"href":"https:\/\/roveyayinevi.com.tr\/index.php\/wp-json\/wp\/v2\/product_cat?post=761886"},{"taxonomy":"product_tag","embeddable":true,"href":"https:\/\/roveyayinevi.com.tr\/index.php\/wp-json\/wp\/v2\/product_tag?post=761886"}],"curies":[{"name":"wp","href":"https:\/\/api.w.org\/{rel}","templated":true}]}}