{"id":761884,"date":"2025-08-28T09:50:48","date_gmt":"2025-08-28T06:50:48","guid":{"rendered":"https:\/\/roveyayinevi.com.tr\/index.php\/urun\/turk-muzikolojisinin-kurucusu-rauf-yekta-bey-3-kitap-set\/"},"modified":"2026-04-15T03:27:05","modified_gmt":"2026-04-15T00:27:05","slug":"turk-muzikolojisinin-kurucusu-rauf-yekta-bey-3-kitap-set","status":"publish","type":"product","link":"https:\/\/roveyayinevi.com.tr\/index.php\/urun\/turk-muzikolojisinin-kurucusu-rauf-yekta-bey-3-kitap-set\/","title":{"rendered":"T\u00fcrk M\u00fczikolojisinin Kurucusu Rauf Yekta Bey (3 Kitap Set)"},"content":{"rendered":"<p>Rauf Yekt\u00e2 Bey\u2019in hayat\u0131 ve m\u00fbsik\u00ee alan\u0131ndaki \u00f6nemli katk\u0131lar\u0131, Tu\u0308rk mu\u0308zi\u011finin zengin miras\u0131n\u0131n korunmas\u0131 ve yayg\u0131nla\u015ft\u0131r\u0131lmas\u0131na dair \u00e7aba ve gayretlerinin bir yans\u0131mas\u0131d\u0131r. 60 ku\u0308sur senelik ya\u015fam\u0131nda bir \u00f6mre nadir s\u0131\u011facak nitelik ve nicelikte k\u0131ymetli \u00e7al\u0131\u015fmalarda bulunan Rauf Yekt\u00e2 Bey\u2019in kendi kabiliyet, azim ve \u00e7al\u0131\u015fkanl\u0131\u011f\u0131 bak\u0131m\u0131ndan ula\u015ft\u0131\u011f\u0131 seviye ona k\u00e2mil s\u0131fat\u0131n\u0131 kazand\u0131rm\u0131\u015ft\u0131r. 19. asr\u0131n en bu\u0308yu\u0308k hoca ve bestek\u00e2rlar\u0131 aras\u0131nda g\u00f6sterilen Zek\u00e2\u00ee Dede Efendi, Galata Mevlev\u00eeh\u00e2nesi \u015eeyhi Ataullah Dede, Yenikap\u0131 Mevlev\u00eeh\u00e2nesi \u015eeyhi Cel\u00e2leddin Dede, Bol\u00e2henk Nuri Bey, Ali Efendi, Neyzen Cemal Dede, matematik ve fizik u\u0308stad\u0131 Salih Zeki gibi isimlerin rahle-i tedrisat\u0131ndan ge\u00e7mesi ve m\u00fbsik\u00ee sahas\u0131ndaki bu\u0308yu\u0308k istidad\u0131 onu bu k\u00f6klu\u0308 gelene\u011fin en mu\u0308him temsilcileri aras\u0131nda g\u00f6rmemize vesile olmu\u015ftur. Akran olarak Ahmed Avni Konuk, Suphi Ezgi, Sadettin Arel, Kaz\u0131m Uz, Ali R\u0131fat \u00c7a\u011fatay, Haf\u0131z Ahmed Irsoy, \u0130smail Hakk\u0131 Bey, Tanb\u00fbr\u00ee Cemil Bey gibi hem m\u00fbsik\u00ee\u015finas hem de mu\u0308zikolog \u015fahsiyetlerle hemh\u00e2l olu\u015funun yan\u0131 s\u0131ra Yenikap\u0131 Mevlev\u00eeh\u00e2nesi\u2019nin neyzenba\u015f\u0131l\u0131\u011f\u0131, Daru\u0308lelh\u00e2n\u2019da \u015eark M\u00fbsik\u00eesi Nazariy\u00e2t\u0131 ve T\u00e2rihi hocal\u0131\u011f\u0131 ve Tasnif ve Tespit Heyeti\u2019nin de ba\u015fkanl\u0131\u011f\u0131n\u0131 yapacak kadar mu\u0308zi\u011fe h\u00e2kim bir \u015fahsiyettir. Literatu\u0308ru\u0308mu\u0308ze katt\u0131\u011f\u0131 onlarca de\u011ferli \u00e7al\u0131\u015fmas\u0131yla ad\u0131n\u0131 hem Tu\u0308rk hem de Bat\u0131 m\u00fbsik\u00eesi tarihine bir mu\u0308nevver olarak yazd\u0131rm\u0131\u015ft\u0131r. \u0130laveten d\u00f6neminin gu\u0308ncel problemlerine a\u00e7\u0131kl\u0131k getirmi\u015f ve en \u00f6nemlisi m\u00fbsik\u00eenin bilimsel olarak incelenmesinin ve tart\u0131\u015f\u0131lmas\u0131n\u0131n \u00f6nu\u0308nu\u0308 a\u00e7m\u0131\u015ft\u0131r. Mehmet \u00d6ncel ve Muhammet Ali \u00c7ergel\u2019in titiz \u00e7al\u0131\u015fmas\u0131yla haz\u0131rlanan bu u\u0308\u00e7 ciltlik \u00e7al\u0131\u015fmada \u00f6zet olarak tafsilatl\u0131 bir Rauf Yekt\u00e2 bibliyografyas\u0131, Do\u011fu ve Bat\u0131 mu\u0308zi\u011finin hemen her konusunu i\u00e7eren 218 makale ve Tu\u0308rk Notalar\u0131yla K\u0131raat-i M\u00fbsik\u00ee, \u015eark M\u00fbsik\u00eesi T\u00e2rihi ve Molla C\u00e2m\u00ee\u2019nin Ris\u00e2le-i M\u00fbsik\u00ee \u00e7evirisinden mu\u0308te\u015fekkil u\u0308\u00e7 eserinin Latinizesi yer almaktad\u0131r. Makaleler ve eserler, okuyucuyu rahatlatmak hasebiyle tasnif edilmi\u015f ve biyografi, tasnife t\u00e2bi tutulamayan di\u011fer makaleler, hitabet, m\u00fbsik\u00ee aletleri, m\u00fbsik\u00ee nazariy\u00e2t\u0131, m\u00fbsik\u00ee t\u00e2rihi, mu\u0308lakat, polemik, tenkid ve edebiyat olarak sunulmu\u015ftur. Makalelerin Osmanl\u0131 Tu\u0308rk\u00e7esinden Latin harflerine \u00e7evirisi esnas\u0131nda okuyucunun a\u015fin\u00e2 olmad\u0131\u011f\u0131 du\u0308\u015fu\u0308nu\u0308len kelimeler tespit edilip yan\u0131na k\u00f6\u015feli parantez i\u00e7erisinde anlam\u0131 verilmi\u015ftir. Rauf Yekt\u00e2 Bey\u2019in m\u00fbsik\u00ee alan\u0131ndaki derin bilgisi ve mu\u0308cadelesi, Tu\u0308rk mu\u0308zi\u011finin bugu\u0308nku\u0308 haline gelmesinde \u00f6nemli bir rol oynam\u0131\u015ft\u0131r ve ve gelecekteki geli\u015fimine de etki edece\u011fi muhakkakt\u0131r. Yekt\u00e2\u2019n\u0131n miras\u0131n\u0131 anlamak ve Tu\u0308rk mu\u0308zi\u011finin zenginli\u011fini ke\u015ffetmek isteyen herkes i\u00e7in emsalsiz bir ba\u015fvuru kayna\u011f\u0131.<\/p>\n","protected":false},"excerpt":{"rendered":"<p>Rauf Yekt\u00e2 Bey\u2019in hayat\u0131 ve m\u00fbsik\u00ee alan\u0131ndaki \u00f6nemli katk\u0131lar\u0131, Tu\u0308rk mu\u0308zi\u011finin zengin miras\u0131n\u0131n korunmas\u0131 ve yayg\u0131nla\u015ft\u0131r\u0131lmas\u0131na dair \u00e7aba ve gayretlerinin bir yans\u0131mas\u0131d\u0131r. 60 ku\u0308sur senelik ya\u015fam\u0131nda<span class=\"excerpt-hellip\"> [\u2026]<\/span><\/p>\n","protected":false},"featured_media":0,"template":"","meta":{"_monsterinsights_skip_tracking":false,"_monsterinsights_sitenote_active":false,"_monsterinsights_sitenote_note":"","_monsterinsights_sitenote_category":0},"product_brand":[],"product_cat":[13072,12291],"product_tag":[],"class_list":{"0":"post-761884","1":"product","2":"type-product","3":"status-publish","5":"product_cat-arastirma-inceleme-referans","6":"product_cat-edebiyat","7":"pa_cilt-set","8":"pa_tur-kitap","9":"pa_yayinevi-ketebe-yayinlari","10":"pa_yazar-mehmet-oncel-muhammet-ali-cergel","12":"first","13":"instock","14":"sale","15":"shipping-taxable","16":"purchasable","17":"product-type-simple"},"_links":{"self":[{"href":"https:\/\/roveyayinevi.com.tr\/index.php\/wp-json\/wp\/v2\/product\/761884","targetHints":{"allow":["GET"]}}],"collection":[{"href":"https:\/\/roveyayinevi.com.tr\/index.php\/wp-json\/wp\/v2\/product"}],"about":[{"href":"https:\/\/roveyayinevi.com.tr\/index.php\/wp-json\/wp\/v2\/types\/product"}],"wp:attachment":[{"href":"https:\/\/roveyayinevi.com.tr\/index.php\/wp-json\/wp\/v2\/media?parent=761884"}],"wp:term":[{"taxonomy":"product_brand","embeddable":true,"href":"https:\/\/roveyayinevi.com.tr\/index.php\/wp-json\/wp\/v2\/product_brand?post=761884"},{"taxonomy":"product_cat","embeddable":true,"href":"https:\/\/roveyayinevi.com.tr\/index.php\/wp-json\/wp\/v2\/product_cat?post=761884"},{"taxonomy":"product_tag","embeddable":true,"href":"https:\/\/roveyayinevi.com.tr\/index.php\/wp-json\/wp\/v2\/product_tag?post=761884"}],"curies":[{"name":"wp","href":"https:\/\/api.w.org\/{rel}","templated":true}]}}