{"id":761883,"date":"2025-08-28T09:50:46","date_gmt":"2025-08-28T06:50:46","guid":{"rendered":"https:\/\/roveyayinevi.com.tr\/index.php\/urun\/abdurrahman-keskiner-produktor-ciltli\/"},"modified":"2026-04-15T03:27:05","modified_gmt":"2026-04-15T00:27:05","slug":"abdurrahman-keskiner-produktor-ciltli","status":"publish","type":"product","link":"https:\/\/roveyayinevi.com.tr\/index.php\/urun\/abdurrahman-keskiner-produktor-ciltli\/","title":{"rendered":"Abdurrahman Keskiner Prod\u00fckt\u00f6r (Ciltli)"},"content":{"rendered":"<p>Birlikte yol y\u00fcr\u00fcyebilece\u011finiz bir dost. Ortak an\u0131lar\u0131m\u0131z\u0131n her biri paha bi\u00e7ilmez&#8230;\u201d  \u2013Arzu Okay \u201cBen onun o benim an\u0131lar\u0131mda hep olacak. Sen \u00e7ok ya\u015fa Apo garda\u015f.\u201d  \u2013Aydemir Akba\u015f \u201cHayata ba\u011fl\u0131, birle\u015ftirici, misafirperver, g\u00fczel g\u00f6n\u00fcll\u00fc, ger\u00e7ek bir dost benim i\u00e7in. Bu dostluk hi\u00e7 bitmesin Apo&#8230;S\u201d \u2013Emel Say\u0131n \u201c 40 y\u0131ll\u0131k dostumdur. Ke\u015fke bug\u00fcn herkes onun gibi dostlu\u011fa k\u0131ymet verebilse&#8230;\u201d \u2013Ergun Berksoy \u201cCan\u0131m Abdurrahman Keskiner. Ger\u00e7ek centilmen, muhte\u015fem insan, seni \u00e7ok seviyorum&#8230;\u201d \u2013H\u00fclya Av\u015far \u201cBiz iki koca \u00e7\u0131nar hep yan yana olaca\u011f\u0131z bu d\u00fcnyada&#8230;\u201d \u2013H\u00fcseyin Emre \u201cApo Garda\u015f herkese dost, herkese karde\u015ftir. 21 ya\u015f\u0131mdan beri onunla yan yanay\u0131m. Apo Garda\u015f anlatmakla bitmez.\u201d  \u2013\u0130brahim Tatl\u0131ses \u201cAdam gibi adam, dinlemeyi bilen, s\u00f6z\u00fcne g\u00fcvenilen, yard\u0131msever, Anadolu k\u00fclt\u00fcr\u00fcn\u00fc ya\u015fatan bir g\u00fczel adam.\u201d \u2013\u0130smet Tekinalp \u201c\u00d6yle bir t\u00fcrk\u00fc dostudur ki repertuar\u0131 bizden iyidir. Y\u00fcre\u011fiyle dinleyen ger\u00e7ek bir dosttur Apo Garda\u015f.\u201d \u2013Kubat \u201cEfendili\u011fin, dostlu\u011fun, g\u00fcvenirlili\u011fin simgesi Apo Garda\u015f. Dilerim daha uzunca bir s\u00fcre birlikte oluruz.\u201d \u2013Av. Levent Erdo\u011fan \u201cApo, benim \u00f6z garda\u015f\u0131m gibidir. Kom\u015fumdur. Yol arkada\u015f\u0131md\u0131r. Can\u0131md\u0131r. Apo sevilecek bir adamd\u0131r.\u201d \u2013M\u00fcjdat Gezen \u201cBenim k\u0131ymetlim. H\u00fcz\u00fcnde sevin\u00e7te hep yan\u0131mda olan ger\u00e7ek dosttum. Keyifle okuyaca\u011f\u0131m an\u0131lar\u0131m\u0131z\u0131&#8230;\u201d \u2013Nebahat \u00c7ehre \u201cUmut Film Abdurrahman Keskiner takdim eder\u201d der onun jenerikleri. \u201cMuhsin Bey\u201d zarafetiyle, \u201cY\u0131lan\u0131 \u00d6ld\u00fcrseler\u201d tela\u015f\u0131yla\u2026\u201d \u2013Nebil \u00d6zgent\u00fcrk \u201cSinema tarihimizin en maruf filmlerinin prod\u00fckt\u00f6r\u00fc Apo Garda\u015f, sen \u00e7ok ya\u015fa\u2026\u201d \u2013Necip Sar\u0131c\u0131 \u201cT\u00fcrk sinemas\u0131na verdi\u011fin eme\u011fin i\u00e7in \u00e7ok te\u015fekk\u00fcrler. Kitab\u0131n g\u00fczel bir an\u0131 olarak kitapl\u0131\u011f\u0131mda yer alacak.\u201d \u2013Necla Naz\u0131r \u201cBenim \u00f6z\u00fcne, s\u00f6z\u00fcne, dostlu\u011funa \u00e7ok k\u0131ymet verdi\u011fim dostum. An\u0131lar\u0131n\u0131 heyecanla okuyacak, ge\u00e7mi\u015fe o g\u00fczel g\u00fcnlere yolculuk yapaca\u011f\u0131m.\u201d \u2013T\u00fcrkan \u015eoray \u201cBenim i\u00e7in vazge\u00e7ilmez bir dost, s\u0131rda\u015f, ak\u0131l hocas\u0131\u2026 An\u0131lar\u0131 farkl\u0131 bak\u0131\u015f a\u00e7\u0131lar\u0131 sunuyor insana\u2026\u201d  \u2013Zahide Yeti\u015f <\/p>\n","protected":false},"excerpt":{"rendered":"<p>Birlikte yol y\u00fcr\u00fcyebilece\u011finiz bir dost. Ortak an\u0131lar\u0131m\u0131z\u0131n her biri paha bi\u00e7ilmez&#8230;\u201d \u2013Arzu Okay \u201cBen onun o benim an\u0131lar\u0131mda hep olacak. Sen \u00e7ok ya\u015fa Apo garda\u015f.\u201d \u2013Aydemir<span class=\"excerpt-hellip\"> [\u2026]<\/span><\/p>\n","protected":false},"featured_media":0,"template":"","meta":{"_monsterinsights_skip_tracking":false,"_monsterinsights_sitenote_active":false,"_monsterinsights_sitenote_note":"","_monsterinsights_sitenote_category":0},"product_brand":[],"product_cat":[13701,12291],"product_tag":[],"class_list":{"0":"post-761883","1":"product","2":"type-product","3":"status-publish","5":"product_cat-ani-mektup-gunluk","6":"product_cat-edebiyat","7":"pa_cilt-ciltli","8":"pa_tur-kitap","9":"pa_yayinevi-alfa-yayinlari","10":"pa_yazar-ali-can-sekmec","12":"first","13":"instock","14":"sale","15":"shipping-taxable","16":"purchasable","17":"product-type-simple"},"_links":{"self":[{"href":"https:\/\/roveyayinevi.com.tr\/index.php\/wp-json\/wp\/v2\/product\/761883","targetHints":{"allow":["GET"]}}],"collection":[{"href":"https:\/\/roveyayinevi.com.tr\/index.php\/wp-json\/wp\/v2\/product"}],"about":[{"href":"https:\/\/roveyayinevi.com.tr\/index.php\/wp-json\/wp\/v2\/types\/product"}],"wp:attachment":[{"href":"https:\/\/roveyayinevi.com.tr\/index.php\/wp-json\/wp\/v2\/media?parent=761883"}],"wp:term":[{"taxonomy":"product_brand","embeddable":true,"href":"https:\/\/roveyayinevi.com.tr\/index.php\/wp-json\/wp\/v2\/product_brand?post=761883"},{"taxonomy":"product_cat","embeddable":true,"href":"https:\/\/roveyayinevi.com.tr\/index.php\/wp-json\/wp\/v2\/product_cat?post=761883"},{"taxonomy":"product_tag","embeddable":true,"href":"https:\/\/roveyayinevi.com.tr\/index.php\/wp-json\/wp\/v2\/product_tag?post=761883"}],"curies":[{"name":"wp","href":"https:\/\/api.w.org\/{rel}","templated":true}]}}