{"id":761878,"date":"2025-08-28T09:50:37","date_gmt":"2025-08-28T06:50:37","guid":{"rendered":"https:\/\/roveyayinevi.com.tr\/index.php\/urun\/cinarin-son-dusu\/"},"modified":"2026-04-03T03:19:08","modified_gmt":"2026-04-03T00:19:08","slug":"cinarin-son-dusu","status":"publish","type":"product","link":"https:\/\/roveyayinevi.com.tr\/index.php\/urun\/cinarin-son-dusu\/","title":{"rendered":"\u00c7\u0131nar\u2019\u0131n Son D\u00fc\u015f\u00fc"},"content":{"rendered":"<p>\u201cKendini a\u011fa\u00e7tan \u00f6te, bir insanm\u0131\u015f gibi hissetti ve etraf\u0131na toplanan kalabal\u0131\u011f\u0131 hevesle \u00f6l\u00fcm\u00fcn\u00fc bekleyen bir topluluk gibi de\u011fil de cenazesine gelen sevenleri gibi d\u00fc\u015f\u00fcnd\u00fc. Art\u0131k bir d\u00fc\u015f\u00fcn i\u00e7indeydi. D\u00fcnyan\u0131n vicdan\u0131yla kavgal\u0131 zihni, k\u00f6t\u00fcl\u00fckle bo\u011fu\u015fa bo\u011fu\u015fa mutlu hissetti\u011fi bamba\u015fka bir d\u00fcnya yaratm\u0131\u015ft\u0131.\u201d 1920\u2019lerde Ege\u2019nin sakin bir kasabas\u0131nda do\u011fan y\u00fcz y\u0131ll\u0131k bir \u00e7\u0131nar a\u011fac\u0131n\u0131n, d\u00fcnyan\u0131n ac\u0131mas\u0131z de\u011fi\u015fimine tan\u0131kl\u0131k eden s\u0131ra d\u0131\u015f\u0131 \u00f6yk\u00fcs\u00fc.<\/p>\n","protected":false},"excerpt":{"rendered":"<p>\u201cKendini a\u011fa\u00e7tan \u00f6te, bir insanm\u0131\u015f gibi hissetti ve etraf\u0131na toplanan kalabal\u0131\u011f\u0131 hevesle \u00f6l\u00fcm\u00fcn\u00fc bekleyen bir topluluk gibi de\u011fil de cenazesine gelen sevenleri gibi d\u00fc\u015f\u00fcnd\u00fc. Art\u0131k bir<span class=\"excerpt-hellip\"> [\u2026]<\/span><\/p>\n","protected":false},"featured_media":0,"template":"","meta":{"_monsterinsights_skip_tracking":false,"_monsterinsights_sitenote_active":false,"_monsterinsights_sitenote_note":"","_monsterinsights_sitenote_category":0},"product_brand":[],"product_cat":[12291,12711],"product_tag":[],"class_list":{"0":"post-761878","1":"product","2":"type-product","3":"status-publish","5":"product_cat-edebiyat","6":"product_cat-roman-oyku","7":"pa_cilt-ciltsiz","8":"pa_tur-kitap","9":"pa_yayinevi-feniks-yayinlari","10":"pa_yazar-mehmet-pekmezci","12":"first","13":"instock","14":"sale","15":"shipping-taxable","16":"purchasable","17":"product-type-simple"},"_links":{"self":[{"href":"https:\/\/roveyayinevi.com.tr\/index.php\/wp-json\/wp\/v2\/product\/761878","targetHints":{"allow":["GET"]}}],"collection":[{"href":"https:\/\/roveyayinevi.com.tr\/index.php\/wp-json\/wp\/v2\/product"}],"about":[{"href":"https:\/\/roveyayinevi.com.tr\/index.php\/wp-json\/wp\/v2\/types\/product"}],"wp:attachment":[{"href":"https:\/\/roveyayinevi.com.tr\/index.php\/wp-json\/wp\/v2\/media?parent=761878"}],"wp:term":[{"taxonomy":"product_brand","embeddable":true,"href":"https:\/\/roveyayinevi.com.tr\/index.php\/wp-json\/wp\/v2\/product_brand?post=761878"},{"taxonomy":"product_cat","embeddable":true,"href":"https:\/\/roveyayinevi.com.tr\/index.php\/wp-json\/wp\/v2\/product_cat?post=761878"},{"taxonomy":"product_tag","embeddable":true,"href":"https:\/\/roveyayinevi.com.tr\/index.php\/wp-json\/wp\/v2\/product_tag?post=761878"}],"curies":[{"name":"wp","href":"https:\/\/api.w.org\/{rel}","templated":true}]}}