{"id":761876,"date":"2025-08-28T09:50:34","date_gmt":"2025-08-28T06:50:34","guid":{"rendered":"https:\/\/roveyayinevi.com.tr\/index.php\/urun\/amerikan-dis-politikasinin-golge-akillari\/"},"modified":"2026-04-15T03:27:04","modified_gmt":"2026-04-15T00:27:04","slug":"amerikan-dis-politikasinin-golge-akillari","status":"publish","type":"product","link":"https:\/\/roveyayinevi.com.tr\/index.php\/urun\/amerikan-dis-politikasinin-golge-akillari\/","title":{"rendered":"Amerikan D\u0131\u015f Politikas\u0131n\u0131n G\u00f6lge Ak\u0131llar\u0131"},"content":{"rendered":"<p>Birinci ve \u0130kinci D\u00fcnya sava\u015flar\u0131na dahli ile uluslararas\u0131 siyaset sahas\u0131n\u0131n en \u00f6nemli akt\u00f6rlerinden biri h\u00e2line d\u00f6n\u00fc\u015fen ABD, yirminci y\u00fczy\u0131l\u0131n ilk \u00e7eyre\u011finden bu yana k\u00fcresel politikalar\u0131n merkez \u00fcss\u00fc olma iddias\u0131n\u0131 devam ettirmektedir.ABD d\u0131\u015f politikas\u0131n\u0131n olu\u015fum s\u00fcre\u00e7lerini ele alan \u00e7al\u0131\u015fmalar i\u00e7erisinde ba\u015fkan, ordu, istihbarat unsurlar\u0131, etnik\/din\u00ee lobiler ve medya gibi birtak\u0131m dinamikler kadar ABD ekonomisinin itici g\u00fcc\u00fcn\u00fc olu\u015fturan finans ve sermaye \u00e7evreleri ve kimi d\u00fc\u015f\u00fcnce kurulu\u015flar\u0131 da yak\u0131n mercek alt\u0131na al\u0131nmaya ba\u015flanm\u0131\u015ft\u0131r. ABD\u2019nin t\u00fcm d\u00fcnyada milyonlarca insan\u0131n ya\u015fam\u0131na y\u0131k\u0131c\u0131 bir \u015fekilde dokunan k\u00fcresel nizam aray\u0131\u015flar\u0131n\u0131n arkas\u0131ndaki beyin tak\u0131m\u0131n\u0131n, -Trifkovi\u00e7\u2019in deyimiyle \u201cthink tank\u00e7i nomenklatura\u201dn\u0131n- ABD d\u0131\u015f politikas\u0131nda kaplad\u0131\u011f\u0131 alan\u0131 ele alan \u00e7al\u0131\u015fmalar\u0131n T\u00fcrk\u00e7e literat\u00fcrdeki yetersizli\u011fi ise bu \u00e7al\u0131\u015fman\u0131n \u00f6nemini ortaya koymaktad\u0131r.Amerikan D\u0131\u015f Politikas\u0131n\u0131n G\u00f6lge Ak\u0131llar\u0131; ABD d\u0131\u015f politikas\u0131n\u0131n tarihsel geli\u015fimini, \u2018finans-kapitalizminin\u2019 Bat\u0131 medeniyeti i\u00e7erisindeki y\u00fckseli\u015fi ve Amerikan d\u0131\u015f politikas\u0131n\u0131n kurmay kadrolar\u0131n\u0131 i\u00e7lerinden \u00e7\u0131karan \u2018think tankler\u2019 ile kurdu\u011fu ili\u015fki \u00fczerinden, inter-disipliner bir yakla\u015f\u0131mla ele almaktad\u0131r.D\u00fc\u015f\u00fcnce kurulu\u015fu olgusunun ortaya \u00e7\u0131kmas\u0131na \u00f6n a\u00e7an tarihsel konjonkt\u00fcr\u00fc ve s\u00fcre\u00e7 i\u00e7erisindeki h\u0131zl\u0131 geli\u015fimini Yak\u0131n \u00c7a\u011f Avrupa\u2019s\u0131n\u0131n kaotik siyasi atmosferinden itibaren irdeleyen bu eser, tarihe Wallersteinc\u0131 bir anlay\u0131\u015f ile yakla\u015farak 20. y\u00fczy\u0131l ABD\u2019sinin ekonomi, siyaset ve sivil toplum alanlar\u0131 aras\u0131ndaki emperyal \u00e7\u0131kar ili\u015fkilerini bilimsel veriler \u00fczerinden okuyucuya sunmay\u0131 ama\u00e7lamaktad\u0131r.Marksist literat\u00fcr\u00fcn son d\u00f6nemki \u2018k\u00fcresel emperyalizm\u2019 tan\u0131mlamalar\u0131na yeni bir pencere a\u00e7an eser; finans kapitalci gruplar\u0131n i\u015fe ko\u015ftuklar\u0131 think tank\u00e7i uzmanlar ve politik ya\u015fam\u0131n\u0131n merkezine oturduklar\u0131 ABD \u00fczerinden kurgulanan d\u00fcnya d\u00fczeninin genel bir \u00e7er\u00e7evesini \u00e7izerken, ayr\u0131ca bu aray\u0131\u015f\u0131n b\u00f6lgesel yans\u0131malar\u0131na ve d\u00fc\u015f\u00fcnce kurulu\u015fu alan\u0131n\u0131n geldi\u011fi son noktaya ili\u015fkin de en g\u00fcncel verileri sunmaktad\u0131r.<\/p>\n","protected":false},"excerpt":{"rendered":"<p>Birinci ve \u0130kinci D\u00fcnya sava\u015flar\u0131na dahli ile uluslararas\u0131 siyaset sahas\u0131n\u0131n en \u00f6nemli akt\u00f6rlerinden biri h\u00e2line d\u00f6n\u00fc\u015fen ABD, yirminci y\u00fczy\u0131l\u0131n ilk \u00e7eyre\u011finden bu yana k\u00fcresel politikalar\u0131n merkez<span class=\"excerpt-hellip\"> [\u2026]<\/span><\/p>\n","protected":false},"featured_media":0,"template":"","meta":{"_monsterinsights_skip_tracking":false,"_monsterinsights_sitenote_active":false,"_monsterinsights_sitenote_note":"","_monsterinsights_sitenote_category":0},"product_brand":[],"product_cat":[13590,12337],"product_tag":[],"class_list":{"0":"post-761876","1":"product","2":"type-product","3":"status-publish","5":"product_cat-arastirma-inceleme-politika-siyaset","6":"product_cat-politika-siyaset","7":"pa_cilt-ciltsiz","8":"pa_tur-kitap","9":"pa_yayinevi-otuken-nesriyat","10":"pa_yazar-sabri-kiziltan","12":"first","13":"instock","14":"sale","15":"shipping-taxable","16":"purchasable","17":"product-type-simple"},"_links":{"self":[{"href":"https:\/\/roveyayinevi.com.tr\/index.php\/wp-json\/wp\/v2\/product\/761876","targetHints":{"allow":["GET"]}}],"collection":[{"href":"https:\/\/roveyayinevi.com.tr\/index.php\/wp-json\/wp\/v2\/product"}],"about":[{"href":"https:\/\/roveyayinevi.com.tr\/index.php\/wp-json\/wp\/v2\/types\/product"}],"wp:attachment":[{"href":"https:\/\/roveyayinevi.com.tr\/index.php\/wp-json\/wp\/v2\/media?parent=761876"}],"wp:term":[{"taxonomy":"product_brand","embeddable":true,"href":"https:\/\/roveyayinevi.com.tr\/index.php\/wp-json\/wp\/v2\/product_brand?post=761876"},{"taxonomy":"product_cat","embeddable":true,"href":"https:\/\/roveyayinevi.com.tr\/index.php\/wp-json\/wp\/v2\/product_cat?post=761876"},{"taxonomy":"product_tag","embeddable":true,"href":"https:\/\/roveyayinevi.com.tr\/index.php\/wp-json\/wp\/v2\/product_tag?post=761876"}],"curies":[{"name":"wp","href":"https:\/\/api.w.org\/{rel}","templated":true}]}}