{"id":761874,"date":"2025-08-28T09:50:31","date_gmt":"2025-08-28T06:50:31","guid":{"rendered":"https:\/\/roveyayinevi.com.tr\/index.php\/urun\/bourdieu-sehirde-kentsel-teoriye-meydan-okumak\/"},"modified":"2025-11-07T10:27:47","modified_gmt":"2025-11-07T07:27:47","slug":"bourdieu-sehirde-kentsel-teoriye-meydan-okumak","status":"publish","type":"product","link":"https:\/\/roveyayinevi.com.tr\/index.php\/urun\/bourdieu-sehirde-kentsel-teoriye-meydan-okumak\/","title":{"rendered":"Bourd\u0131eu \u015eehirde  Kentsel Teoriye Meydan Okumak"},"content":{"rendered":"<p>Sanayi sonras\u0131 metropolde marjinallik, etnisite ve ceza sistemi \u00fczerine otuz y\u0131ll\u0131k kar\u015f\u0131la\u015ft\u0131rmal\u0131 ara\u015ft\u0131rmalar\u0131na dayanan Lo\u00efc Wacquant, Pierre Bourdieu\u2019n\u00fcn kent kuramc\u0131s\u0131 olarak yeni bir yorumunu sunuyor. Simgesel uzam (d\u00fcnyay\u0131 alg\u0131lad\u0131\u011f\u0131m\u0131z ve d\u00fczenledi\u011fimiz zihinsel kategoriler), toplumsal uzam (sermayenin farkl\u0131 bi\u00e7imlerdeki da\u011f\u0131l\u0131m\u0131) ve fiziksel uzam (yap\u0131l\u0131 \u00e7evre) aras\u0131nda kurdu\u011fu triyalektik yoluyla bizi kenti ke\u015ffetmeye davet ediyor. Bu okumaya g\u00f6re, Bourdieu\u2019n\u00fcn topolojik sosyolojisi bize sadece enerji vermek i\u00e7in de\u011fil, ayn\u0131 zamanda kent \u00e7al\u0131\u015fmalar\u0131 kanonuna meydan okumak ve teorik ufkunu yeniden \u00e7izmek i\u00e7in ara\u00e7lar sunmaktad\u0131r. Wacquant, \u201ckenti\u201d sermayelerin (\u00e7o\u011ful olarak) birikim, \u00e7e\u015fitlenme ve \u00e7eki\u015fme sahas\u0131 ve tarihsel m\u00fccadelelerin merkezi ve paydas\u0131 haline getiren alacal\u0131 habituslar\u0131n bir araya gelme ve \u00e7arp\u0131\u015fma zemini olarak yeniden d\u00fc\u015f\u00fcnmeyi \u00f6nermektedir. Kentin Bourdieu\u2019n\u00fcn sosyolojisinin kalbinde paradoksal bir eksiklik oldu\u011funu ve d\u00fc\u015f\u00fcncesini \u201ckentle\u015ftirmenin\u201d onun alanlar teorisini g\u00fc\u00e7lendirdi\u011fini ancak eylem a\u00e7\u0131klamas\u0131n\u0131 sarst\u0131\u011f\u0131n\u0131 da g\u00f6stermektedir. Wacquant, simgesel iktidar ve devletin rol\u00fcn\u00fc \u00f6n plana \u00e7\u0131karan metropol\u00fcn toplumsal incelemesine y\u00f6nelik yeni-Bourdieuc\u00fc program\u0131n\u0131n form\u00fclasyonundaki her ad\u0131mda, arg\u00fcmanlar\u0131n\u0131n disipliner ve ulusal s\u0131n\u0131rlar\u0131n \u00f6tesinde uyand\u0131rd\u0131\u011f\u0131 itirazlarla y\u00fczle\u015fir ve ele\u015ftirilere yan\u0131t verir. Bu da, okuyucular\u0131n\u0131n Bourdieu\u2019y\u00fc anlama ve metropol\u00fc g\u00f6rme bi\u00e7imlerini de\u011fi\u015ftirmeyi ama\u00e7layan kitaba al\u0131\u015f\u0131lmad\u0131k bir g\u00fc\u00e7 ve \u00f6zel bir netlik kazand\u0131rmaktad\u0131r. \u00d6zl\u00fc ve keskin bir dille yaz\u0131lm\u0131\u015f olan Bourdieu \u015eehirde, sosyoloji, antropoloji, co\u011frafya, kent \u00e7al\u0131\u015fmalar\u0131, kent planlamas\u0131 ve toplumsal teori sahalar\u0131ndaki \u00f6\u011frenci ve akademisyenlerin yan\u0131 s\u0131ra Bourdieu\u2019n\u00fcn \u00e7al\u0131\u015fmalar\u0131na ve kendi \u00e7al\u0131\u015fmalar\u0131yla olan ba\u011flant\u0131s\u0131na ilgi duyan, toplumsal ve be\u015feri bilimler alanlar\u0131nda \u00e7al\u0131\u015fan herkesin ilgisini \u00e7ekecektir. <\/p>\n","protected":false},"excerpt":{"rendered":"<p>Sanayi sonras\u0131 metropolde marjinallik, etnisite ve ceza sistemi \u00fczerine otuz y\u0131ll\u0131k kar\u015f\u0131la\u015ft\u0131rmal\u0131 ara\u015ft\u0131rmalar\u0131na dayanan Lo\u00efc Wacquant, Pierre Bourdieu\u2019n\u00fcn kent kuramc\u0131s\u0131 olarak yeni bir yorumunu sunuyor. Simgesel<span class=\"excerpt-hellip\"> [\u2026]<\/span><\/p>\n","protected":false},"featured_media":0,"template":"","meta":{"_monsterinsights_skip_tracking":false,"_monsterinsights_sitenote_active":false,"_monsterinsights_sitenote_note":"","_monsterinsights_sitenote_category":0},"product_brand":[],"product_cat":[12767,12324],"product_tag":[],"class_list":{"0":"post-761874","1":"product","2":"type-product","3":"status-publish","5":"product_cat-kentlesme-modernlesme","6":"product_cat-sosyoloji","7":"pa_cilt-ciltsiz","8":"pa_tur-kitap","9":"pa_yayinevi-bilgi-universitesi-yayinlari","10":"pa_yazar-loic-wacquant","12":"first","13":"instock","14":"sale","15":"shipping-taxable","16":"purchasable","17":"product-type-simple"},"_links":{"self":[{"href":"https:\/\/roveyayinevi.com.tr\/index.php\/wp-json\/wp\/v2\/product\/761874","targetHints":{"allow":["GET"]}}],"collection":[{"href":"https:\/\/roveyayinevi.com.tr\/index.php\/wp-json\/wp\/v2\/product"}],"about":[{"href":"https:\/\/roveyayinevi.com.tr\/index.php\/wp-json\/wp\/v2\/types\/product"}],"wp:attachment":[{"href":"https:\/\/roveyayinevi.com.tr\/index.php\/wp-json\/wp\/v2\/media?parent=761874"}],"wp:term":[{"taxonomy":"product_brand","embeddable":true,"href":"https:\/\/roveyayinevi.com.tr\/index.php\/wp-json\/wp\/v2\/product_brand?post=761874"},{"taxonomy":"product_cat","embeddable":true,"href":"https:\/\/roveyayinevi.com.tr\/index.php\/wp-json\/wp\/v2\/product_cat?post=761874"},{"taxonomy":"product_tag","embeddable":true,"href":"https:\/\/roveyayinevi.com.tr\/index.php\/wp-json\/wp\/v2\/product_tag?post=761874"}],"curies":[{"name":"wp","href":"https:\/\/api.w.org\/{rel}","templated":true}]}}