{"id":761873,"date":"2025-08-28T09:50:30","date_gmt":"2025-08-28T06:50:30","guid":{"rendered":"https:\/\/roveyayinevi.com.tr\/index.php\/urun\/mimarligin-akli\/"},"modified":"2026-04-15T03:27:04","modified_gmt":"2026-04-15T00:27:04","slug":"mimarligin-akli","status":"publish","type":"product","link":"https:\/\/roveyayinevi.com.tr\/index.php\/urun\/mimarligin-akli\/","title":{"rendered":"Mimarl\u0131\u011f\u0131n Akl\u0131"},"content":{"rendered":"<p>R\u00f6nesans\u2019a kadar etkin olan mimarl\u0131k kavram\u0131, tanr\u0131sal bir geometriyle aritmeti\u011fin eseridir. Kozmosu kurdu\u011funa inan\u0131lan formlar\u0131n ve say\u0131lar\u0131n t\u00fcrevidir. Ve bu formlar ve say\u0131lar \u00e2lemi, mitlerle, sembollerle, \u015fifrelerle ifade edilir. Hermetiktir, enigmatiktir, b\u00fcy\u00fcseldir, \u015fiirseldir, semaidir, gizemlidir\u2026 Mimarl\u0131k bu \u00e2lemde yarat\u0131l\u0131r ve anlamd\u0131r\u0131l\u0131r. Ve i\u015fte o ilahi \u00e2lemde mimarl\u0131\u011f\u0131n gizemi mimarl\u0131\u011f\u0131n akl\u0131d\u0131r.<\/p>\n","protected":false},"excerpt":{"rendered":"<p>R\u00f6nesans\u2019a kadar etkin olan mimarl\u0131k kavram\u0131, tanr\u0131sal bir geometriyle aritmeti\u011fin eseridir. Kozmosu kurdu\u011funa inan\u0131lan formlar\u0131n ve say\u0131lar\u0131n t\u00fcrevidir. Ve bu formlar ve say\u0131lar \u00e2lemi, mitlerle, sembollerle,<span class=\"excerpt-hellip\"> [\u2026]<\/span><\/p>\n","protected":false},"featured_media":0,"template":"","meta":{"_monsterinsights_skip_tracking":false,"_monsterinsights_sitenote_active":false,"_monsterinsights_sitenote_note":"","_monsterinsights_sitenote_category":0},"product_brand":[],"product_cat":[13512,12408],"product_tag":[],"class_list":{"0":"post-761873","1":"product","2":"type-product","3":"status-publish","5":"product_cat-mimarlik","6":"product_cat-sanat","7":"pa_cilt-ciltsiz","8":"pa_tur-kitap","9":"pa_yayinevi-iletisim-yayinlari","10":"pa_yazar-ali-artun","12":"first","13":"instock","14":"sale","15":"shipping-taxable","16":"purchasable","17":"product-type-simple"},"_links":{"self":[{"href":"https:\/\/roveyayinevi.com.tr\/index.php\/wp-json\/wp\/v2\/product\/761873","targetHints":{"allow":["GET"]}}],"collection":[{"href":"https:\/\/roveyayinevi.com.tr\/index.php\/wp-json\/wp\/v2\/product"}],"about":[{"href":"https:\/\/roveyayinevi.com.tr\/index.php\/wp-json\/wp\/v2\/types\/product"}],"wp:attachment":[{"href":"https:\/\/roveyayinevi.com.tr\/index.php\/wp-json\/wp\/v2\/media?parent=761873"}],"wp:term":[{"taxonomy":"product_brand","embeddable":true,"href":"https:\/\/roveyayinevi.com.tr\/index.php\/wp-json\/wp\/v2\/product_brand?post=761873"},{"taxonomy":"product_cat","embeddable":true,"href":"https:\/\/roveyayinevi.com.tr\/index.php\/wp-json\/wp\/v2\/product_cat?post=761873"},{"taxonomy":"product_tag","embeddable":true,"href":"https:\/\/roveyayinevi.com.tr\/index.php\/wp-json\/wp\/v2\/product_tag?post=761873"}],"curies":[{"name":"wp","href":"https:\/\/api.w.org\/{rel}","templated":true}]}}