{"id":761872,"date":"2025-08-28T09:50:28","date_gmt":"2025-08-28T06:50:28","guid":{"rendered":"https:\/\/roveyayinevi.com.tr\/index.php\/urun\/agaclar-cicekteydi-ahmet-say\/"},"modified":"2026-04-15T03:27:04","modified_gmt":"2026-04-15T00:27:04","slug":"agaclar-cicekteydi-ahmet-say","status":"publish","type":"product","link":"https:\/\/roveyayinevi.com.tr\/index.php\/urun\/agaclar-cicekteydi-ahmet-say\/","title":{"rendered":"A\u011fa\u00e7lar \u00c7i\u00e7ekteydi Ahmet Say"},"content":{"rendered":"<p>\u201c(\u2026) Pek \u00e7ok yerde Ahmet Say\u2019\u0131n biyografisini okuyabiliriz. Do\u011fum tarihi, e\u011fitimi, yazd\u0131klar\u0131, \u00f6\u011frendikleri ve \u00f6\u011frettikleri\u2026 Par\u00e7a par\u00e7a pek \u00e7ok \u0219ey&#8230; Sanat\u00e7\u0131 y\u00f6n\u00fc, insan y\u00f6n\u00fc, ahl\u00e2k\u0131 ve yetenekleri, \u00f6fkesi ve sevgisi hakkinda ise pek az \u015fey\u2026 \u00d6n\u00fcm\u00fcze konulmu\u015f par\u00e7alar\u0131n her biri ayr\u0131 ayn\u0131 olu\u015fmu\u015f ve bir araya gelince Ahmet Say, bir toplam olarak ortaya \u00e7\u0131km\u0131\u015ft\u0131r sanki. M\u00fczikten edebiyata, dergilerden ansiklopediye, ressamlar\u0131n, tiyatrocular\u0131n, mimarlar\u0131n, sinemac\u0131lar\u0131n, \u015fairlerin ve devrimci politikac\u0131lar\u0131n doldurdu\u011fu bir ili\u015fkiler d\u00fcnyas\u0131nda Ahmet Say, o meki\u011fin ta kendisi olarak, bir \u2018evrensel insan\u2019 olarak ya\u015fad\u0131, hep \u00f6yle an\u0131lacak. A\u011fa\u00e7lar \u00c7i\u00e7ekteydi onun burada ana hatlar\u0131yla \u00f6zetlemeye \u00e7al\u0131\u015ft\u0131\u011f\u0131m hayat\u0131n\u0131n d\u0131\u0219ar\u0131dan g\u00f6r\u00fcnemeyecek k\u0131lcal damarlar\u0131n\u0131 \u00f6n\u00fcm\u00fcze seriyor. T\u00fcrkiye\u2019nin siyasal ve k\u00fclt\u00fcrel tarihinin ola\u011fan\u00fcst\u00fc d\u00f6nemlerini hem bir tan\u0131k hem de bir eylemci-san\u0131k olarak ya\u015fayan Ahmet Say\u2019\u0131n hayat\u0131n\u0131n ilgin\u00e7 ayr\u0131nt\u0131lar\u0131n\u0131 okurken, yaln\u0131zca onun hayat\u0131n\u0131 de\u011fil, \u00fclkemizin \u00f6rt\u00fck tarihini de g\u00f6zden ge\u00e7irmi\u015f oluyoruz. Bu bak\u0131mdan A\u011fa\u00e7lar \u00c7i\u00e7ekteydi yalnizca bir otobiyografi de\u011fil, tarih ve k\u00fclt\u00fcr ara\u015ft\u0131rmac\u0131lan\u0131n\u0131n kaynak olarak kullanabilecekleri bir belge \u00f6zelli\u011fi de ta\u015f\u0131maktad\u0131r.\u201d (Ayd\u0131n \u00c7ubuk\u00e7u) <\/p>\n","protected":false},"excerpt":{"rendered":"<p>\u201c(\u2026) Pek \u00e7ok yerde Ahmet Say\u2019\u0131n biyografisini okuyabiliriz. Do\u011fum tarihi, e\u011fitimi, yazd\u0131klar\u0131, \u00f6\u011frendikleri ve \u00f6\u011frettikleri\u2026 Par\u00e7a par\u00e7a pek \u00e7ok \u0219ey&#8230; Sanat\u00e7\u0131 y\u00f6n\u00fc, insan y\u00f6n\u00fc, ahl\u00e2k\u0131 ve<span class=\"excerpt-hellip\"> [\u2026]<\/span><\/p>\n","protected":false},"featured_media":0,"template":"","meta":{"_monsterinsights_skip_tracking":false,"_monsterinsights_sitenote_active":false,"_monsterinsights_sitenote_note":"","_monsterinsights_sitenote_category":0},"product_brand":[],"product_cat":[14009,12291],"product_tag":[],"class_list":{"0":"post-761872","1":"product","2":"type-product","3":"status-publish","5":"product_cat-biyografi-otobiyografi-edebiyat","6":"product_cat-edebiyat","7":"pa_cilt-ciltsiz","8":"pa_tur-kitap","9":"pa_yayinevi-kor-kitap","10":"pa_yazar-kolektif","12":"first","13":"instock","14":"sale","15":"shipping-taxable","16":"purchasable","17":"product-type-simple"},"_links":{"self":[{"href":"https:\/\/roveyayinevi.com.tr\/index.php\/wp-json\/wp\/v2\/product\/761872","targetHints":{"allow":["GET"]}}],"collection":[{"href":"https:\/\/roveyayinevi.com.tr\/index.php\/wp-json\/wp\/v2\/product"}],"about":[{"href":"https:\/\/roveyayinevi.com.tr\/index.php\/wp-json\/wp\/v2\/types\/product"}],"wp:attachment":[{"href":"https:\/\/roveyayinevi.com.tr\/index.php\/wp-json\/wp\/v2\/media?parent=761872"}],"wp:term":[{"taxonomy":"product_brand","embeddable":true,"href":"https:\/\/roveyayinevi.com.tr\/index.php\/wp-json\/wp\/v2\/product_brand?post=761872"},{"taxonomy":"product_cat","embeddable":true,"href":"https:\/\/roveyayinevi.com.tr\/index.php\/wp-json\/wp\/v2\/product_cat?post=761872"},{"taxonomy":"product_tag","embeddable":true,"href":"https:\/\/roveyayinevi.com.tr\/index.php\/wp-json\/wp\/v2\/product_tag?post=761872"}],"curies":[{"name":"wp","href":"https:\/\/api.w.org\/{rel}","templated":true}]}}