{"id":761870,"date":"2025-08-28T09:50:24","date_gmt":"2025-08-28T06:50:24","guid":{"rendered":"https:\/\/roveyayinevi.com.tr\/index.php\/urun\/gunes-gezegeni-dizisi-4-vadideki-yerleske\/"},"modified":"2026-04-15T03:27:04","modified_gmt":"2026-04-15T00:27:04","slug":"gunes-gezegeni-dizisi-4-vadideki-yerleske","status":"publish","type":"product","link":"https:\/\/roveyayinevi.com.tr\/index.php\/urun\/gunes-gezegeni-dizisi-4-vadideki-yerleske\/","title":{"rendered":"G\u00fcne\u015f Gezegeni Dizisi &#8211; 4  Vadideki Yerle\u015fke"},"content":{"rendered":"<p>G\u00fcne\u015f Gezegeni Dizisi\u2019nin d\u00f6rd\u00fcnc\u00fc kitab\u0131 olan Vadideki Yerle\u015fke\u2019de ser\u00fcven kald\u0131\u011f\u0131 yerden devam ediyor.Fanusla yarat\u0131lm\u0131\u015f kentlerini do\u011fal afetler sonucu terk etmek zorunda kalan insanlar, do\u011fayla i\u00e7 i\u00e7e yeni bir hayata at\u0131lm\u0131\u015ft\u0131r. Bu do\u011fal hayat\u0131n ciddi zorluklar\u0131 olsa da, d\u00fcnyay\u0131 yeniden ya\u015fan\u0131l\u0131r bir yer haline getirmek i\u00e7in umutlar\u0131 ve \u00e7abalar\u0131 s\u00fcrmektedir.Tam her \u015fey yoluna girmek \u00fczereyken, Can ve arkada\u015flar\u0131 engin denizde, yepyeni tehlikelerle y\u00fczle\u015fmek zorunda kal\u0131r. Hayatta kalabilmek i\u00e7in bir kez daha birbirlerine sar\u0131lmalar\u0131 gerekecektir.<\/p>\n","protected":false},"excerpt":{"rendered":"<p>G\u00fcne\u015f Gezegeni Dizisi\u2019nin d\u00f6rd\u00fcnc\u00fc kitab\u0131 olan Vadideki Yerle\u015fke\u2019de ser\u00fcven kald\u0131\u011f\u0131 yerden devam ediyor.Fanusla yarat\u0131lm\u0131\u015f kentlerini do\u011fal afetler sonucu terk etmek zorunda kalan insanlar, do\u011fayla i\u00e7 i\u00e7e<span class=\"excerpt-hellip\"> [\u2026]<\/span><\/p>\n","protected":false},"featured_media":0,"template":"","meta":{"_monsterinsights_skip_tracking":false,"_monsterinsights_sitenote_active":false,"_monsterinsights_sitenote_note":"","_monsterinsights_sitenote_category":0},"product_brand":[],"product_cat":[13829,12274],"product_tag":[],"class_list":{"0":"post-761870","1":"product","2":"type-product","3":"status-publish","5":"product_cat-bilimsel-kitaplar","6":"product_cat-cocuk-ve-genclik-kitaplari","7":"pa_cilt-ciltsiz","8":"pa_tur-kitap","9":"pa_yayinevi-cikolata-yayinevi","10":"pa_yazar-kolektif","12":"first","13":"instock","14":"sale","15":"shipping-taxable","16":"purchasable","17":"product-type-simple"},"_links":{"self":[{"href":"https:\/\/roveyayinevi.com.tr\/index.php\/wp-json\/wp\/v2\/product\/761870","targetHints":{"allow":["GET"]}}],"collection":[{"href":"https:\/\/roveyayinevi.com.tr\/index.php\/wp-json\/wp\/v2\/product"}],"about":[{"href":"https:\/\/roveyayinevi.com.tr\/index.php\/wp-json\/wp\/v2\/types\/product"}],"wp:attachment":[{"href":"https:\/\/roveyayinevi.com.tr\/index.php\/wp-json\/wp\/v2\/media?parent=761870"}],"wp:term":[{"taxonomy":"product_brand","embeddable":true,"href":"https:\/\/roveyayinevi.com.tr\/index.php\/wp-json\/wp\/v2\/product_brand?post=761870"},{"taxonomy":"product_cat","embeddable":true,"href":"https:\/\/roveyayinevi.com.tr\/index.php\/wp-json\/wp\/v2\/product_cat?post=761870"},{"taxonomy":"product_tag","embeddable":true,"href":"https:\/\/roveyayinevi.com.tr\/index.php\/wp-json\/wp\/v2\/product_tag?post=761870"}],"curies":[{"name":"wp","href":"https:\/\/api.w.org\/{rel}","templated":true}]}}