{"id":761869,"date":"2025-08-28T09:50:22","date_gmt":"2025-08-28T06:50:22","guid":{"rendered":"https:\/\/roveyayinevi.com.tr\/index.php\/urun\/gunes-gezegeni-dizisi-3-tohum-izcileri\/"},"modified":"2026-04-15T03:27:04","modified_gmt":"2026-04-15T00:27:04","slug":"gunes-gezegeni-dizisi-3-tohum-izcileri","status":"publish","type":"product","link":"https:\/\/roveyayinevi.com.tr\/index.php\/urun\/gunes-gezegeni-dizisi-3-tohum-izcileri\/","title":{"rendered":"G\u00fcne\u015f Gezegeni Dizisi &#8211; 3 Tohum \u0130zcileri"},"content":{"rendered":"<p>Hepimiz \u00e7evrelerindeki geli\u015fmeleri ve d\u00fcnyadaki geli\u015fmeleri kavrayabilen \u00e7ocuklar yeti\u015ftirmek istiyoruz. Ne var ki, bilimin bir\u00e7ok geli\u015fmeye neden oldu\u011fu veya bu geli\u015fmelerin analiz edilmek i\u00e7in kullan\u0131ld\u0131\u011f\u0131 g\u00fcn\u00fcm\u00fczde, iklim de\u011fi\u015fikli\u011fi gibi bilimsel olaylar\u0131 kavrama kapasitesi geli\u015ftirilmeden \u00e7ocuklar\u0131m\u0131z\u0131n d\u00fcnyadaki geli\u015fmeleri anlamland\u0131rmalar\u0131 \u00e7ok zor. Prof. Dr. Meltem Erin\u00e7men Kano\u011flu taraf\u0131ndan kaleme al\u0131nan ve \u00e7ok satan G\u00fcne\u015f Gezegeni Dizisi, bu becerilerin hissiyat\u0131n\u0131 10-12 ya\u015f aral\u0131\u011f\u0131ndaki \u00e7ocuklara e\u011flenceli ve heyecanl\u0131 bir dille hikayenin bir par\u00e7as\u0131 haline getirerek kal\u0131c\u0131 bir \u015fekilde kazand\u0131r\u0131yor. G\u00fcne\u015f Gezegeni Roman Dizisi, k\u00fcresel \u0131s\u0131nmaya nedenler, sonu\u00e7lar, s\u00fcre\u00e7 ve \u00e7\u00f6z\u00fcmler \u00f6nererek fark\u0131ndal\u0131k ve bilgilendirme yaparak yakla\u015fan bilimsel macera kitaplar\u0131ndan olu\u015fuyor. 10-12 ya\u015f okuruna k\u00fcresel \u0131s\u0131nma ile ilgili olas\u0131 sorunlar ve \u00e7\u00f6z\u00fcmler anlat\u0131l\u0131yor, okur neden-sonu\u00e7 ili\u015fkisini kurarak iklim de\u011fi\u015fikli\u011fi, yenilenebilir enerji ve geri d\u00f6n\u00fc\u015f\u00fcm hakk\u0131nda bilin\u00e7lendiriliyor.G\u00fcne\u015f Gezegeni Roman Dizisi, do\u011fan\u0131n d\u00f6ng\u00fcs\u00fcn\u00fc, ekolojik dengenin \u00f6nemini, k\u00fcresel \u0131s\u0131nma hakk\u0131nda kapsaml\u0131 bilgiyi ve ilk yard\u0131m, sal yapmak, topra\u011f\u0131 terleterek su \u00fcretmek gibi hayatta kalma teknikleri ile fotovoltaik patlama y\u00f6ntemiyle g\u00fcne\u015f paneli yapmak, vb. gibi ekolojik ya\u015fam ve yenilenebilen enerji sistemlerini gen\u00e7 okura anlayaca\u011f\u0131 ar\u0131 bir dille veriyor.Kitaplar, i\u00e7erik ve retorik a\u00e7\u0131s\u0131ndan \u00f6zg\u00fcn ve dijital yerli olan okurun ilgisini \u00e7ekecek t\u00fcrdendir.G\u00fcne\u015f Gezegeni serisi D\u0131\u015f D\u00fcnya Gezisi, Ani Sel, Tohum \u0130zcileri ve Vadideki Yerle\u015fke kitaplar\u0131ndan olu\u015fuyor. Her bir kitapta insano\u011flu y\u00fcz\u00fcnden d\u00fcnyadaki de\u011fi\u015fimler kar\u015f\u0131s\u0131nda hayatta kalman\u0131n yollar\u0131 ve nas\u0131l \u00e7\u00f6z\u00fcmler bulabilece\u011fimiz anlat\u0131yor. Yazar, do\u011fada pasif birer birey olmak yerine aktif ve d\u00fcnyay\u0131 korumak i\u00e7in m\u00fccadele etmeyi kendi \u00fcslubuyla anlat\u0131yor.Serinin ilk kitab\u0131 D\u0131\u015f D\u00fcnya Gezisi, d\u00f6rt arkada\u015f\u0131n fanuslar\u0131ndan \u00e7\u0131karak \u00e7\u00f6lle\u015fen \u0130stanbul\u2019da kaybolmalar\u0131yla ba\u015fl\u0131yor. Art\u0131k \u0130stanbul de\u011fi\u015fmi\u015ftir ve hayatta kalmak i\u00e7in suya, yaralar\u0131n\u0131 iyile\u015ftirmeye, yang\u0131nlar\u0131 durdurmaya ve fanuslar\u0131na ula\u015fmak i\u00e7in y\u00f6nlerini bulmaya ihtiya\u00e7lar\u0131 vard\u0131r. Yazar K\u00e2no\u011flu, macerac\u0131 d\u00f6rt arkada\u015fa ve okura bilimsel yollarla nas\u0131l hayatta kalabileceklerini anlat\u0131yor. Hem de hi\u00e7 tahmin edemeyece\u011fimiz kadar kolay yollarla.Ani Sel, G\u00fcne\u015f Gezegeni serisinin ikinci kitab\u0131. Marmara Denizi\u2019nde \u00e7\u0131kan bir tayfunla fanuslar\u0131 y\u0131k\u0131lan macerac\u0131 dostlar\u0131m\u0131z bize yak\u0131n gelecekte ya\u015fama ihtimalimiz olan olaylar\u0131 anlat\u0131yor. Buzlar\u0131n erimesi, su bask\u0131nlar\u0131, \u015fehirle\u015fme ve suyun yeralt\u0131na eri\u015fememesi gibi bug\u00fcn ya\u015fad\u0131\u011f\u0131m\u0131z sorunlar\u0131n yak\u0131n gelecekte \u00e7\u00f6z\u00fclemeyen sorunlarla kar\u015f\u0131m\u0131za \u00e7\u0131kmas\u0131 s\u00fcrpriz olmayacakt\u0131r. Yazar Meltem Erin\u00e7men K\u00e2no\u011flu, b\u00f6yle durumlarda sorunlar\u0131n neler olabilece\u011fini ve hayatta kalmak i\u00e7in yapmam\u0131z gerekenleri s\u00fcr\u00fckleyici ve \u00f6\u011fretici bir dille anlat\u0131yor. Ani selden sonra yeni bir ya\u015fam kurmaya \u00e7al\u0131\u015fan fanus halk\u0131 Tohum \u0130zcileri ile yeni bir maceraya ba\u015fl\u0131yor. Fanuslar\u0131 k\u0131r\u0131lan halk yeni bir ya\u015fam i\u00e7in tohum ararken kar\u015f\u0131lar\u0131na yeni bir felaket \u00e7\u0131kar: Deprem. K\u00e2no\u011flu, depremlerin olu\u015fumunu anlat\u0131rken okurlar tohum bankalar\u0131, organik ya\u015fam, fosillerin olu\u015fumu, fermantasyon gibi konular\u0131 da ak\u0131c\u0131 bir dille anlat\u0131yor.Macera Vadideki Yerle\u015fke ile devam ediyor. Serinin bu son kitab\u0131nda kahramanlar\u0131m\u0131z Ka\u00e7kar Da\u011flar\u0131\u2019nda bir vadide bulduklar\u0131 k\u00f6y hayat\u0131na al\u0131\u015fmaya \u00e7al\u0131\u015f\u0131yorlar. Bu kitapta \u00e7ocuklar y\u0131ld\u0131r\u0131mlar\u0131n olu\u015fumu, solucanlar\u0131 kullanarak fermantasyon yoluyla toprak \u00fcretimi, g\u00fcne\u015f paneli yap\u0131m\u0131 gibi bilgileri \u00f6\u011frenecekler.G\u00fcne\u015f Gezegeni serisi insanl\u0131\u011f\u0131n ba\u015flatt\u0131\u011f\u0131 felaketler kar\u015f\u0131s\u0131nda ayakta durmaya \u00e7al\u0131\u015f\u0131rken bir arada durman\u0131n en \u00f6nemli g\u00fc\u00e7 oldu\u011funu da anlayacaklar.<\/p>\n","protected":false},"excerpt":{"rendered":"<p>Hepimiz \u00e7evrelerindeki geli\u015fmeleri ve d\u00fcnyadaki geli\u015fmeleri kavrayabilen \u00e7ocuklar yeti\u015ftirmek istiyoruz. Ne var ki, bilimin bir\u00e7ok geli\u015fmeye neden oldu\u011fu veya bu geli\u015fmelerin analiz edilmek i\u00e7in kullan\u0131ld\u0131\u011f\u0131 g\u00fcn\u00fcm\u00fczde,<span class=\"excerpt-hellip\"> [\u2026]<\/span><\/p>\n","protected":false},"featured_media":0,"template":"","meta":{"_monsterinsights_skip_tracking":false,"_monsterinsights_sitenote_active":false,"_monsterinsights_sitenote_note":"","_monsterinsights_sitenote_category":0},"product_brand":[],"product_cat":[13829,12274],"product_tag":[],"class_list":{"0":"post-761869","1":"product","2":"type-product","3":"status-publish","5":"product_cat-bilimsel-kitaplar","6":"product_cat-cocuk-ve-genclik-kitaplari","7":"pa_cilt-ciltsiz","8":"pa_tur-kitap","9":"pa_yayinevi-cikolata-yayinevi","10":"pa_yazar-kolektif","12":"first","13":"instock","14":"sale","15":"shipping-taxable","16":"purchasable","17":"product-type-simple"},"_links":{"self":[{"href":"https:\/\/roveyayinevi.com.tr\/index.php\/wp-json\/wp\/v2\/product\/761869","targetHints":{"allow":["GET"]}}],"collection":[{"href":"https:\/\/roveyayinevi.com.tr\/index.php\/wp-json\/wp\/v2\/product"}],"about":[{"href":"https:\/\/roveyayinevi.com.tr\/index.php\/wp-json\/wp\/v2\/types\/product"}],"wp:attachment":[{"href":"https:\/\/roveyayinevi.com.tr\/index.php\/wp-json\/wp\/v2\/media?parent=761869"}],"wp:term":[{"taxonomy":"product_brand","embeddable":true,"href":"https:\/\/roveyayinevi.com.tr\/index.php\/wp-json\/wp\/v2\/product_brand?post=761869"},{"taxonomy":"product_cat","embeddable":true,"href":"https:\/\/roveyayinevi.com.tr\/index.php\/wp-json\/wp\/v2\/product_cat?post=761869"},{"taxonomy":"product_tag","embeddable":true,"href":"https:\/\/roveyayinevi.com.tr\/index.php\/wp-json\/wp\/v2\/product_tag?post=761869"}],"curies":[{"name":"wp","href":"https:\/\/api.w.org\/{rel}","templated":true}]}}