{"id":761868,"date":"2025-08-28T09:50:21","date_gmt":"2025-08-28T06:50:21","guid":{"rendered":"https:\/\/roveyayinevi.com.tr\/index.php\/urun\/buyukanne-vertigo-m-tektonik-hareketler-bunlar\/"},"modified":"2026-04-11T14:30:20","modified_gmt":"2026-04-11T11:30:20","slug":"buyukanne-vertigo-m-tektonik-hareketler-bunlar","status":"publish","type":"product","link":"https:\/\/roveyayinevi.com.tr\/index.php\/urun\/buyukanne-vertigo-m-tektonik-hareketler-bunlar\/","title":{"rendered":"B\u00fcy\u00fckanne Vertigo M. &#8211; Tektonik Hareketler Bunlar"},"content":{"rendered":"<p>F\u0131rtt\u0131ra Furt furt! F\u0131rt Furttura Fructtttt!Bu defa her sey bitmek bilmez bir d\u00fcd\u00fck f\u0131rtlamas\u0131yla ba\u015flar. Sonraaaa, ani bir g\u00fcr\u00fclt\u00fcylegelen g\u00fc\u00e7l\u00fc bir sars\u0131nt\u0131 t\u00fcm evi \u015fang\u0131r \u015fungur sarsar.&#8221;Deprem! Panik yok! \u00c7\u00f6k! Kapan! Tutun!&#8221; diye ba\u011f\u0131r\u0131r B\u00fcy\u00fckanne Vertigo M. tang\u0131r tungur, \u015fang\u0131r \u015fungur sars\u0131nt\u0131lar aras\u0131nda&#8230;<\/p>\n","protected":false},"excerpt":{"rendered":"<p>F\u0131rtt\u0131ra Furt furt! F\u0131rt Furttura Fructtttt!Bu defa her sey bitmek bilmez bir d\u00fcd\u00fck f\u0131rtlamas\u0131yla ba\u015flar. Sonraaaa, ani bir g\u00fcr\u00fclt\u00fcylegelen g\u00fc\u00e7l\u00fc bir sars\u0131nt\u0131 t\u00fcm evi \u015fang\u0131r \u015fungur<span class=\"excerpt-hellip\"> [\u2026]<\/span><\/p>\n","protected":false},"featured_media":0,"template":"","meta":{"_monsterinsights_skip_tracking":false,"_monsterinsights_sitenote_active":false,"_monsterinsights_sitenote_note":"","_monsterinsights_sitenote_category":0},"product_brand":[],"product_cat":[12274,12284],"product_tag":[],"class_list":{"0":"post-761868","1":"product","2":"type-product","3":"status-publish","5":"product_cat-cocuk-ve-genclik-kitaplari","6":"product_cat-hikayeler","7":"pa_cilt-ciltsiz","8":"pa_tur-kitap","9":"pa_yayinevi-cikolata-yayinevi","10":"pa_yazar-kolektif","12":"first","13":"instock","14":"sale","15":"shipping-taxable","16":"purchasable","17":"product-type-simple"},"_links":{"self":[{"href":"https:\/\/roveyayinevi.com.tr\/index.php\/wp-json\/wp\/v2\/product\/761868","targetHints":{"allow":["GET"]}}],"collection":[{"href":"https:\/\/roveyayinevi.com.tr\/index.php\/wp-json\/wp\/v2\/product"}],"about":[{"href":"https:\/\/roveyayinevi.com.tr\/index.php\/wp-json\/wp\/v2\/types\/product"}],"wp:attachment":[{"href":"https:\/\/roveyayinevi.com.tr\/index.php\/wp-json\/wp\/v2\/media?parent=761868"}],"wp:term":[{"taxonomy":"product_brand","embeddable":true,"href":"https:\/\/roveyayinevi.com.tr\/index.php\/wp-json\/wp\/v2\/product_brand?post=761868"},{"taxonomy":"product_cat","embeddable":true,"href":"https:\/\/roveyayinevi.com.tr\/index.php\/wp-json\/wp\/v2\/product_cat?post=761868"},{"taxonomy":"product_tag","embeddable":true,"href":"https:\/\/roveyayinevi.com.tr\/index.php\/wp-json\/wp\/v2\/product_tag?post=761868"}],"curies":[{"name":"wp","href":"https:\/\/api.w.org\/{rel}","templated":true}]}}