{"id":761865,"date":"2025-08-28T09:50:16","date_gmt":"2025-08-28T06:50:16","guid":{"rendered":"https:\/\/roveyayinevi.com.tr\/index.php\/urun\/dag-diyari-surgunleri\/"},"modified":"2026-04-15T03:27:04","modified_gmt":"2026-04-15T00:27:04","slug":"dag-diyari-surgunleri","status":"publish","type":"product","link":"https:\/\/roveyayinevi.com.tr\/index.php\/urun\/dag-diyari-surgunleri\/","title":{"rendered":"Da\u011f Diyar\u0131 S\u00fcrg\u00fcnleri"},"content":{"rendered":"<p>Da\u011f Diyar\u0131 S\u00fcrg\u00fcnleri, fantasti\u011fin ikircikli alan\u0131ndan uzak birmodern bi\u00e7emli masal anlat\u0131s\u0131d\u0131r. Ola\u011fan\u00fcst\u00fc olaylar\u0131n alt\u0131nager\u00e7eklik katmanlar\u0131 sererek, karakterlerin i\u00e7 benliklerinig\u00f6zlemler, hayalin i\u00e7indeki ger\u00e7ekli\u011fi okuruyla payla\u015f\u0131r.Ger\u00e7e\u011fe benzemek zorunda olan hayal kahramanlar\u0131ndanziyade, hayale benzeyen ger\u00e7e\u011fi bulup \u00e7\u0131kar\u0131r. B\u00fct\u00fcn masallar k\u00f6t\u00fcl\u00fckle ba\u015flamaz. Bazen bir eksiklik ya dabir yokluk d\u00fc\u011f\u00fcmler olaylar\u0131. Ama b\u00fct\u00fcn masallar mutlusonlan\u0131r; zira sald\u0131rgan yenilir, kahraman geri d\u00f6ner, evlenirve tahta \u00e7\u0131kar. Da\u011f Diyar\u0131 S\u00fcrg\u00fcnleri\u2019nde de giderilmeyibekleyen yokluk, a\u015f\u0131lmas\u0131 gereken k\u00f6t\u00fcl\u00fck ve nihayetindekimutlu son; masallar\u0131n i\u015flevlerine uygun \u015fekilde anlat\u0131lsa daasl\u0131nda son sayfay\u0131 bitirmenizle birlikte; sizi ya\u015fad\u0131\u011f\u0131n\u0131zd\u00fcnyadan tamamen farkl\u0131 bir belirlenimsizli\u011fe, \u00f6ncedenkestirilemeyecek kurald\u0131\u015f\u0131 bir rastgeleli\u011fe, k\u0131sacas\u0131 tan\u0131mlarlas\u0131n\u0131rlanmayacak daha \u00f6zg\u00fcr zihinlere kavu\u015fturacak.  <\/p>\n","protected":false},"excerpt":{"rendered":"<p>Da\u011f Diyar\u0131 S\u00fcrg\u00fcnleri, fantasti\u011fin ikircikli alan\u0131ndan uzak birmodern bi\u00e7emli masal anlat\u0131s\u0131d\u0131r. Ola\u011fan\u00fcst\u00fc olaylar\u0131n alt\u0131nager\u00e7eklik katmanlar\u0131 sererek, karakterlerin i\u00e7 benliklerinig\u00f6zlemler, hayalin i\u00e7indeki ger\u00e7ekli\u011fi okuruyla payla\u015f\u0131r.Ger\u00e7e\u011fe benzemek zorunda<span class=\"excerpt-hellip\"> [\u2026]<\/span><\/p>\n","protected":false},"featured_media":0,"template":"","meta":{"_monsterinsights_skip_tracking":false,"_monsterinsights_sitenote_active":false,"_monsterinsights_sitenote_note":"","_monsterinsights_sitenote_category":0},"product_brand":[],"product_cat":[12291,14777],"product_tag":[],"class_list":{"0":"post-761865","1":"product","2":"type-product","3":"status-publish","5":"product_cat-edebiyat","6":"product_cat-fantastik","7":"pa_cilt-ciltsiz","8":"pa_tur-kitap","9":"pa_yayinevi-nemesis-kitap","10":"pa_yazar-mehmet-cimen","12":"first","13":"instock","14":"sale","15":"shipping-taxable","16":"purchasable","17":"product-type-simple"},"_links":{"self":[{"href":"https:\/\/roveyayinevi.com.tr\/index.php\/wp-json\/wp\/v2\/product\/761865","targetHints":{"allow":["GET"]}}],"collection":[{"href":"https:\/\/roveyayinevi.com.tr\/index.php\/wp-json\/wp\/v2\/product"}],"about":[{"href":"https:\/\/roveyayinevi.com.tr\/index.php\/wp-json\/wp\/v2\/types\/product"}],"wp:attachment":[{"href":"https:\/\/roveyayinevi.com.tr\/index.php\/wp-json\/wp\/v2\/media?parent=761865"}],"wp:term":[{"taxonomy":"product_brand","embeddable":true,"href":"https:\/\/roveyayinevi.com.tr\/index.php\/wp-json\/wp\/v2\/product_brand?post=761865"},{"taxonomy":"product_cat","embeddable":true,"href":"https:\/\/roveyayinevi.com.tr\/index.php\/wp-json\/wp\/v2\/product_cat?post=761865"},{"taxonomy":"product_tag","embeddable":true,"href":"https:\/\/roveyayinevi.com.tr\/index.php\/wp-json\/wp\/v2\/product_tag?post=761865"}],"curies":[{"name":"wp","href":"https:\/\/api.w.org\/{rel}","templated":true}]}}