{"id":761864,"date":"2025-08-28T09:50:15","date_gmt":"2025-08-28T06:50:15","guid":{"rendered":"https:\/\/roveyayinevi.com.tr\/index.php\/urun\/tas-cagi-beyni\/"},"modified":"2026-04-15T03:27:04","modified_gmt":"2026-04-15T00:27:04","slug":"tas-cagi-beyni","status":"publish","type":"product","link":"https:\/\/roveyayinevi.com.tr\/index.php\/urun\/tas-cagi-beyni\/","title":{"rendered":"Ta\u015f \u00c7a\u011f\u0131 Beyni"},"content":{"rendered":"<p>Evrimsel psikolojiden hik\u00e2yeler ve tavsiyeler payla\u015fan baba-o\u011ful yazarlar Doug Kenrick ve David Lundberg-Kenrick, ta\u015f devrinden kalma problem \u00e7\u00f6zme y\u00f6ntemlerinin bug\u00fcnk\u00fc hayatlar\u0131m\u0131z i\u00e7in tehlikelerini ortaya koyuyor ve modern d\u00fcnyada hayatta kalmak ve mutlu olmak i\u00e7in yeni, sistematik bir yol sunuyor. Binlerce y\u0131l boyunca biz insanlar, varolu\u015fun yedi temel sorununu \u00e7\u00f6zmemize yard\u0131mc\u0131 olacak bir dizi motivasyon sistemi geli\u015ftirdik: hayatta kalmak, kendimizi tehlikeden korumak, arkada\u015fl\u0131klar kurmak, sayg\u0131 kazanmak, e\u015fleri cezbetmek, ba\u011f kurmak ve ailelerimize bakmak. 21. y\u00fczy\u0131lda da ayn\u0131 hedeflerin pe\u015findeyiz. Ancak, bir zamanlar bizi tehdit eden k\u0131l\u0131\u00e7 di\u015fli kaplanlar ve rakip kabilelerin yerini \u015fekerli yiyecek-i\u00e7ecek satan pazarlamac\u0131lar, k\u00fclt\u00fcr sava\u015f\u0131 alevlerini k\u00f6r\u00fckleyen uzmanlar ve kredi \u015firketleri ald\u0131. Ta\u015f \u00c7a\u011f\u0131 Beyni: \u0130nsan\u0131n Evrimi ve Yedi Temel G\u00fcd\u00fc, pek \u00e7ok ilgi \u00e7ekici anlat\u0131 ve bilime dayal\u0131 ya\u015fam ipu\u00e7lar\u0131yla, elektronik e\u015fyalar\u0131m\u0131z\u0131n ve latte\u2019lerimizin \u00f6tesini g\u00f6rmemize, daha mutlu ve ba\u015far\u0131l\u0131 bir hayata ula\u015fmak i\u00e7in yararl\u0131 bilgiler edinmemize yard\u0131mc\u0131 oluyor. <\/p>\n","protected":false},"excerpt":{"rendered":"<p>Evrimsel psikolojiden hik\u00e2yeler ve tavsiyeler payla\u015fan baba-o\u011ful yazarlar Doug Kenrick ve David Lundberg-Kenrick, ta\u015f devrinden kalma problem \u00e7\u00f6zme y\u00f6ntemlerinin bug\u00fcnk\u00fc hayatlar\u0131m\u0131z i\u00e7in tehlikelerini ortaya koyuyor ve<span class=\"excerpt-hellip\"> [\u2026]<\/span><\/p>\n","protected":false},"featured_media":0,"template":"","meta":{"_monsterinsights_skip_tracking":false,"_monsterinsights_sitenote_active":false,"_monsterinsights_sitenote_note":"","_monsterinsights_sitenote_category":0},"product_brand":[],"product_cat":[13005,13006],"product_tag":[],"class_list":{"0":"post-761864","1":"product","2":"type-product","3":"status-publish","5":"product_cat-bilim-muhendislik","6":"product_cat-populer-bilim","7":"pa_cilt-ciltsiz","8":"pa_tur-kitap","9":"pa_yayinevi-say-yayinlari","10":"pa_yazar-douglas-t-kenrick-david-e-lundberg-kenrick","12":"first","13":"instock","14":"sale","15":"shipping-taxable","16":"purchasable","17":"product-type-simple"},"_links":{"self":[{"href":"https:\/\/roveyayinevi.com.tr\/index.php\/wp-json\/wp\/v2\/product\/761864","targetHints":{"allow":["GET"]}}],"collection":[{"href":"https:\/\/roveyayinevi.com.tr\/index.php\/wp-json\/wp\/v2\/product"}],"about":[{"href":"https:\/\/roveyayinevi.com.tr\/index.php\/wp-json\/wp\/v2\/types\/product"}],"wp:attachment":[{"href":"https:\/\/roveyayinevi.com.tr\/index.php\/wp-json\/wp\/v2\/media?parent=761864"}],"wp:term":[{"taxonomy":"product_brand","embeddable":true,"href":"https:\/\/roveyayinevi.com.tr\/index.php\/wp-json\/wp\/v2\/product_brand?post=761864"},{"taxonomy":"product_cat","embeddable":true,"href":"https:\/\/roveyayinevi.com.tr\/index.php\/wp-json\/wp\/v2\/product_cat?post=761864"},{"taxonomy":"product_tag","embeddable":true,"href":"https:\/\/roveyayinevi.com.tr\/index.php\/wp-json\/wp\/v2\/product_tag?post=761864"}],"curies":[{"name":"wp","href":"https:\/\/api.w.org\/{rel}","templated":true}]}}