{"id":761863,"date":"2025-08-28T09:50:14","date_gmt":"2025-08-28T06:50:14","guid":{"rendered":"https:\/\/roveyayinevi.com.tr\/index.php\/urun\/noro-dharma\/"},"modified":"2026-04-15T03:27:04","modified_gmt":"2026-04-15T00:27:04","slug":"noro-dharma","status":"publish","type":"product","link":"https:\/\/roveyayinevi.com.tr\/index.php\/urun\/noro-dharma\/","title":{"rendered":"N\u00f6ro-Dharma"},"content":{"rendered":"<p>New York Times\u2019\u0131n \u00e7oksatan yazar\u0131 Rick Hanson, Buda\u2019n\u0131n Beyni adl\u0131 klasikle\u015fen kitab\u0131n\u0131n devam\u0131 niteli\u011findeki N\u00d6RO-DHARMA\u2019da, ayd\u0131nlanman\u0131n n\u00f6ro bilimsel haritalar\u0131yla b\u00fcy\u00fck bir ke\u015ffe \u00e7\u0131k\u0131yor ve bu yolda okuru, ki\u015fisel \u00f6rnekler ve ger\u00e7ek hik\u00e2yeler ile besliyor. Derin ara\u015ft\u0131rmalar, \u00f6yk\u00fcler, rehberli meditasyonlar, \u00f6rnekler ve pratiklerin yer ald\u0131\u011f\u0131 N\u00d6RO-DHARMA, kim olabilece\u011fimize dair b\u00fcy\u00fcleyici ve ilham verici bir vizyon olu\u015fturman\u0131z i\u00e7in yaz\u0131ld\u0131. Memnuniyetsizlikten daha b\u00fcy\u00fck d\u00fc\u015fman yoktur. Elde etme iste\u011finden daha b\u00fcy\u00fck bir hata yoktur. Yetece\u011fini bilenler her zaman yetecek kadar\u0131na sahip olur. (Ger\u00e7ekten de! Ger\u00e7ekten de!) TAO TE CHING   \u201cRick Hanson\u2019\u0131n muhte\u015femli\u011fi, onun ger\u00e7ek mutlulu\u011fa ve sengi dolu bir kalbe ula\u015ft\u0131ran pratik, etkili, bilimsel temelli pratikler sunabilme kapasitesin de yat\u0131yor. Bu, ayd\u0131nlat\u0131c\u0131 ve d\u00f6n\u00fc\u015ft\u00fcr\u00fcc\u00fc bir kitap!\u201d   TARA BRACH Buda\u2019n\u0131n Kalbi, Ko\u015fulsuz \u015eefkat ve Ger\u00e7ek S\u0131\u011f\u0131nak Sensin kitaplar\u0131n\u0131n yazar\u0131 <\/p>\n","protected":false},"excerpt":{"rendered":"<p>New York Times\u2019\u0131n \u00e7oksatan yazar\u0131 Rick Hanson, Buda\u2019n\u0131n Beyni adl\u0131 klasikle\u015fen kitab\u0131n\u0131n devam\u0131 niteli\u011findeki N\u00d6RO-DHARMA\u2019da, ayd\u0131nlanman\u0131n n\u00f6ro bilimsel haritalar\u0131yla b\u00fcy\u00fck bir ke\u015ffe \u00e7\u0131k\u0131yor ve bu yolda<span class=\"excerpt-hellip\"> [\u2026]<\/span><\/p>\n","protected":false},"featured_media":0,"template":"","meta":{"_monsterinsights_skip_tracking":false,"_monsterinsights_sitenote_active":false,"_monsterinsights_sitenote_note":"","_monsterinsights_sitenote_category":0},"product_brand":[],"product_cat":[12364,12376],"product_tag":[],"class_list":{"0":"post-761863","1":"product","2":"type-product","3":"status-publish","5":"product_cat-genel-konular","6":"product_cat-kisisel-gelisim","7":"pa_cilt-ciltsiz","8":"pa_tur-kitap","9":"pa_yayinevi-omega","10":"pa_yazar-rick-hanson","12":"first","13":"instock","14":"sale","15":"shipping-taxable","16":"purchasable","17":"product-type-simple"},"_links":{"self":[{"href":"https:\/\/roveyayinevi.com.tr\/index.php\/wp-json\/wp\/v2\/product\/761863","targetHints":{"allow":["GET"]}}],"collection":[{"href":"https:\/\/roveyayinevi.com.tr\/index.php\/wp-json\/wp\/v2\/product"}],"about":[{"href":"https:\/\/roveyayinevi.com.tr\/index.php\/wp-json\/wp\/v2\/types\/product"}],"wp:attachment":[{"href":"https:\/\/roveyayinevi.com.tr\/index.php\/wp-json\/wp\/v2\/media?parent=761863"}],"wp:term":[{"taxonomy":"product_brand","embeddable":true,"href":"https:\/\/roveyayinevi.com.tr\/index.php\/wp-json\/wp\/v2\/product_brand?post=761863"},{"taxonomy":"product_cat","embeddable":true,"href":"https:\/\/roveyayinevi.com.tr\/index.php\/wp-json\/wp\/v2\/product_cat?post=761863"},{"taxonomy":"product_tag","embeddable":true,"href":"https:\/\/roveyayinevi.com.tr\/index.php\/wp-json\/wp\/v2\/product_tag?post=761863"}],"curies":[{"name":"wp","href":"https:\/\/api.w.org\/{rel}","templated":true}]}}