{"id":761862,"date":"2025-08-28T09:50:12","date_gmt":"2025-08-28T06:50:12","guid":{"rendered":"https:\/\/roveyayinevi.com.tr\/index.php\/urun\/guvercin-dave-1\/"},"modified":"2026-04-15T03:27:04","modified_gmt":"2026-04-15T00:27:04","slug":"guvercin-dave-1","status":"publish","type":"product","link":"https:\/\/roveyayinevi.com.tr\/index.php\/urun\/guvercin-dave-1\/","title":{"rendered":"Gu\u0308vercin Dave 1"},"content":{"rendered":"<p>\u2013 Bu kitapta benim (yani g\u00fcvercin \u00e2leminin en cesur g\u00fcvercini olan G\u00fcvercin Dave\u2019in) K\u00f6t\u00fc Kedi\u2019yi nas\u0131l yendi\u011fimi anlatan inan\u0131lmaz kahramanl\u0131k hik\u00e2yemi okuyacaks\u0131n\u0131z\u2026 Z\u0131pz\u0131p\u2019\u0131n yard\u0131mlar\u0131yla elbette. Ama kesinlikle s\u0131k\u0131c\u0131 anlar olmayacak. \u2013 \u00d6h\u00f6m, \u00f6h\u00f6m! Peki ya ben? Bu daha iyi oldu.   G\u00fcvercin Dave ve dostu Z\u0131pz\u0131p\u2019a, \u015fehrin en k\u00f6t\u00fc kedisiyle m\u00fccadele ettikleri bu e\u011flenceli hik\u00e2yede siz de kat\u0131l\u0131n! Elinizde tuttu\u011funuz bu kitapta \u00e7ok e\u011flenceli, biraz \u00fcrk\u00fct\u00fcc\u00fc, bol bol da leziz bisk\u00fcvili anlar olacak\u2026 <\/p>\n","protected":false},"excerpt":{"rendered":"<p>\u2013 Bu kitapta benim (yani g\u00fcvercin \u00e2leminin en cesur g\u00fcvercini olan G\u00fcvercin Dave\u2019in) K\u00f6t\u00fc Kedi\u2019yi nas\u0131l yendi\u011fimi anlatan inan\u0131lmaz kahramanl\u0131k hik\u00e2yemi okuyacaks\u0131n\u0131z\u2026 Z\u0131pz\u0131p\u2019\u0131n yard\u0131mlar\u0131yla elbette. Ama<span class=\"excerpt-hellip\"> [\u2026]<\/span><\/p>\n","protected":false},"featured_media":0,"template":"","meta":{"_monsterinsights_skip_tracking":false,"_monsterinsights_sitenote_active":false,"_monsterinsights_sitenote_note":"","_monsterinsights_sitenote_category":0},"product_brand":[],"product_cat":[12274,12284],"product_tag":[],"class_list":{"0":"post-761862","1":"product","2":"type-product","3":"status-publish","5":"product_cat-cocuk-ve-genclik-kitaplari","6":"product_cat-hikayeler","7":"pa_cilt-ciltsiz","8":"pa_tur-kitap","9":"pa_yayinevi-say-cocuk","10":"pa_yazar-swapna-haddow","12":"first","13":"instock","14":"sale","15":"shipping-taxable","16":"purchasable","17":"product-type-simple"},"_links":{"self":[{"href":"https:\/\/roveyayinevi.com.tr\/index.php\/wp-json\/wp\/v2\/product\/761862","targetHints":{"allow":["GET"]}}],"collection":[{"href":"https:\/\/roveyayinevi.com.tr\/index.php\/wp-json\/wp\/v2\/product"}],"about":[{"href":"https:\/\/roveyayinevi.com.tr\/index.php\/wp-json\/wp\/v2\/types\/product"}],"wp:attachment":[{"href":"https:\/\/roveyayinevi.com.tr\/index.php\/wp-json\/wp\/v2\/media?parent=761862"}],"wp:term":[{"taxonomy":"product_brand","embeddable":true,"href":"https:\/\/roveyayinevi.com.tr\/index.php\/wp-json\/wp\/v2\/product_brand?post=761862"},{"taxonomy":"product_cat","embeddable":true,"href":"https:\/\/roveyayinevi.com.tr\/index.php\/wp-json\/wp\/v2\/product_cat?post=761862"},{"taxonomy":"product_tag","embeddable":true,"href":"https:\/\/roveyayinevi.com.tr\/index.php\/wp-json\/wp\/v2\/product_tag?post=761862"}],"curies":[{"name":"wp","href":"https:\/\/api.w.org\/{rel}","templated":true}]}}